{"id":91,"date":"2016-08-07T21:06:09","date_gmt":"2016-08-07T21:06:09","guid":{"rendered":"http:\/\/stephaneferrandezconteur.com\/?page_id=91"},"modified":"2025-02-14T11:10:39","modified_gmt":"2025-02-14T11:10:39","slug":"contes-du-monde-entier-au-rythme-des-saisons","status":"publish","type":"page","link":"https:\/\/stephaneferrandezconteur.com\/?page_id=91","title":{"rendered":"Contes du monde entier"},"content":{"rendered":"\n<div style=\"height:70px\" aria-hidden=\"true\" class=\"wp-block-spacer\"><\/div>\n\n\n\n<h1 class=\"wp-block-heading has-huge-font-size\"><a href=\"https:\/\/stephaneferrandezconteur.com\/contes-sur-la-nature-les-animaux\" target=\"_blank\" rel=\"noopener\" title=\"\">D\u00e9couvrez nos nouveaux contes sur la Nature<\/a><\/h1>\n\n\n\n<div class=\"wp-block-columns is-layout-flex wp-container-core-columns-is-layout-1 wp-block-columns-is-layout-flex\">\n<div class=\"wp-block-column is-layout-flow wp-block-column-is-layout-flow\" style=\"flex-basis:10%\"><\/div>\n\n\n\n<div class=\"wp-block-column is-layout-flow wp-block-column-is-layout-flow\">\n<figure class=\"wp-block-image size-large\"><a href=\"https:\/\/stephaneferrandezconteur.com\/?page_id=1525\" target=\"_blank\" rel=\"noreferrer noopener\"><img data-recalc-dims=\"1\" fetchpriority=\"high\" decoding=\"async\" width=\"724\" height=\"1024\" data-attachment-id=\"1521\" data-permalink=\"https:\/\/stephaneferrandezconteur.com\/?attachment_id=1521\" data-orig-file=\"https:\/\/i0.wp.com\/stephaneferrandezconteur.com\/wp-content\/uploads\/2020\/01\/Sea-Animals-Climate-Change-Poster.jpg?fit=1587%2C2245&amp;ssl=1\" data-orig-size=\"1587,2245\" data-comments-opened=\"1\" data-image-meta=\"{&quot;aperture&quot;:&quot;0&quot;,&quot;credit&quot;:&quot;&quot;,&quot;camera&quot;:&quot;&quot;,&quot;caption&quot;:&quot;&quot;,&quot;created_timestamp&quot;:&quot;0&quot;,&quot;copyright&quot;:&quot;&quot;,&quot;focal_length&quot;:&quot;0&quot;,&quot;iso&quot;:&quot;0&quot;,&quot;shutter_speed&quot;:&quot;0&quot;,&quot;title&quot;:&quot;&quot;,&quot;orientation&quot;:&quot;1&quot;}\" data-image-title=\"Sea Animals Climate Change Poster\" data-image-description=\"\" data-image-caption=\"\" data-medium-file=\"https:\/\/i0.wp.com\/stephaneferrandezconteur.com\/wp-content\/uploads\/2020\/01\/Sea-Animals-Climate-Change-Poster.jpg?fit=212%2C300&amp;ssl=1\" data-large-file=\"https:\/\/i0.wp.com\/stephaneferrandezconteur.com\/wp-content\/uploads\/2020\/01\/Sea-Animals-Climate-Change-Poster.jpg?fit=724%2C1024&amp;ssl=1\" src=\"https:\/\/i0.wp.com\/stephaneferrandezconteur.com\/wp-content\/uploads\/2020\/01\/Sea-Animals-Climate-Change-Poster.jpg?resize=724%2C1024&#038;ssl=1\" alt=\"\" class=\"wp-image-1521\" srcset=\"https:\/\/i0.wp.com\/stephaneferrandezconteur.com\/wp-content\/uploads\/2020\/01\/Sea-Animals-Climate-Change-Poster.jpg?resize=724%2C1024&amp;ssl=1 724w, https:\/\/i0.wp.com\/stephaneferrandezconteur.com\/wp-content\/uploads\/2020\/01\/Sea-Animals-Climate-Change-Poster.jpg?resize=212%2C300&amp;ssl=1 212w, https:\/\/i0.wp.com\/stephaneferrandezconteur.com\/wp-content\/uploads\/2020\/01\/Sea-Animals-Climate-Change-Poster.jpg?resize=768%2C1086&amp;ssl=1 768w, https:\/\/i0.wp.com\/stephaneferrandezconteur.com\/wp-content\/uploads\/2020\/01\/Sea-Animals-Climate-Change-Poster.jpg?resize=1086%2C1536&amp;ssl=1 1086w, https:\/\/i0.wp.com\/stephaneferrandezconteur.com\/wp-content\/uploads\/2020\/01\/Sea-Animals-Climate-Change-Poster.jpg?resize=1448%2C2048&amp;ssl=1 1448w, https:\/\/i0.wp.com\/stephaneferrandezconteur.com\/wp-content\/uploads\/2020\/01\/Sea-Animals-Climate-Change-Poster.jpg?w=1587&amp;ssl=1 1587w\" sizes=\"(max-width: 724px) 100vw, 724px\" \/><\/a><\/figure>\n<\/div>\n\n\n\n<div class=\"wp-block-column is-layout-flow wp-block-column-is-layout-flow\">\n<figure class=\"wp-block-image size-large\"><a href=\"https:\/\/stephaneferrandezconteur.com\/?page_id=1525\" target=\"_blank\" rel=\"noreferrer noopener\"><img data-recalc-dims=\"1\" decoding=\"async\" width=\"724\" height=\"1024\" data-attachment-id=\"2815\" data-permalink=\"https:\/\/stephaneferrandezconteur.com\/?attachment_id=2815\" data-orig-file=\"https:\/\/i0.wp.com\/stephaneferrandezconteur.com\/wp-content\/uploads\/2023\/03\/HISTOIRES-CACHEES-SOUS-LECORCE.jpg?fit=1587%2C2245&amp;ssl=1\" data-orig-size=\"1587,2245\" data-comments-opened=\"1\" data-image-meta=\"{&quot;aperture&quot;:&quot;0&quot;,&quot;credit&quot;:&quot;&quot;,&quot;camera&quot;:&quot;&quot;,&quot;caption&quot;:&quot;&quot;,&quot;created_timestamp&quot;:&quot;0&quot;,&quot;copyright&quot;:&quot;&quot;,&quot;focal_length&quot;:&quot;0&quot;,&quot;iso&quot;:&quot;0&quot;,&quot;shutter_speed&quot;:&quot;0&quot;,&quot;title&quot;:&quot;&quot;,&quot;orientation&quot;:&quot;1&quot;}\" data-image-title=\"HISTOIRES-CACHEES-SOUS-LECORCE\" data-image-description=\"\" data-image-caption=\"&lt;p&gt;Contes et l\u00e9gendes d&amp;rsquo;Am\u00e9rique sur la Nature&lt;\/p&gt;\n\" data-medium-file=\"https:\/\/i0.wp.com\/stephaneferrandezconteur.com\/wp-content\/uploads\/2023\/03\/HISTOIRES-CACHEES-SOUS-LECORCE.jpg?fit=212%2C300&amp;ssl=1\" data-large-file=\"https:\/\/i0.wp.com\/stephaneferrandezconteur.com\/wp-content\/uploads\/2023\/03\/HISTOIRES-CACHEES-SOUS-LECORCE.jpg?fit=724%2C1024&amp;ssl=1\" src=\"https:\/\/i0.wp.com\/stephaneferrandezconteur.com\/wp-content\/uploads\/2023\/03\/HISTOIRES-CACHEES-SOUS-LECORCE.jpg?resize=724%2C1024&#038;ssl=1\" alt=\"\" class=\"wp-image-2815\" srcset=\"https:\/\/i0.wp.com\/stephaneferrandezconteur.com\/wp-content\/uploads\/2023\/03\/HISTOIRES-CACHEES-SOUS-LECORCE.jpg?resize=724%2C1024&amp;ssl=1 724w, https:\/\/i0.wp.com\/stephaneferrandezconteur.com\/wp-content\/uploads\/2023\/03\/HISTOIRES-CACHEES-SOUS-LECORCE.jpg?resize=212%2C300&amp;ssl=1 212w, https:\/\/i0.wp.com\/stephaneferrandezconteur.com\/wp-content\/uploads\/2023\/03\/HISTOIRES-CACHEES-SOUS-LECORCE.jpg?resize=768%2C1086&amp;ssl=1 768w, https:\/\/i0.wp.com\/stephaneferrandezconteur.com\/wp-content\/uploads\/2023\/03\/HISTOIRES-CACHEES-SOUS-LECORCE.jpg?resize=1086%2C1536&amp;ssl=1 1086w, https:\/\/i0.wp.com\/stephaneferrandezconteur.com\/wp-content\/uploads\/2023\/03\/HISTOIRES-CACHEES-SOUS-LECORCE.jpg?resize=1448%2C2048&amp;ssl=1 1448w, https:\/\/i0.wp.com\/stephaneferrandezconteur.com\/wp-content\/uploads\/2023\/03\/HISTOIRES-CACHEES-SOUS-LECORCE.jpg?w=1587&amp;ssl=1 1587w\" sizes=\"(max-width: 724px) 100vw, 724px\" \/><\/a><\/figure>\n<\/div>\n\n\n\n<div class=\"wp-block-column is-layout-flow wp-block-column-is-layout-flow\" style=\"flex-basis:10%\"><\/div>\n<\/div>\n\n\n\n<div style=\"height:70px\" aria-hidden=\"true\" class=\"wp-block-spacer\"><\/div>\n\n\n\n<h1 class=\"wp-block-heading has-huge-font-size\">Voyages autour du monde<\/h1>\n\n\n\n<div class=\"wp-block-columns is-layout-flex wp-container-core-columns-is-layout-2 wp-block-columns-is-layout-flex\">\n<div class=\"wp-block-column is-layout-flow wp-block-column-is-layout-flow\" style=\"flex-basis:10%\"><\/div>\n\n\n\n<div class=\"wp-block-column is-layout-flow wp-block-column-is-layout-flow\"><div class=\"wp-block-image\">\n<figure class=\"aligncenter size-large is-resized\"><a href=\"https:\/\/stephaneferrandezconteur.com\/?page_id=2823\" target=\"_blank\" rel=\"jardin secret noopener\"><img data-recalc-dims=\"1\" decoding=\"async\" width=\"768\" height=\"1024\" data-attachment-id=\"857\" data-permalink=\"https:\/\/stephaneferrandezconteur.com\/?attachment_id=857\" data-orig-file=\"https:\/\/i0.wp.com\/stephaneferrandezconteur.com\/wp-content\/uploads\/2018\/09\/My-Post2.jpg?fit=1920%2C2561&amp;ssl=1\" data-orig-size=\"1920,2561\" data-comments-opened=\"1\" data-image-meta=\"{&quot;aperture&quot;:&quot;0&quot;,&quot;credit&quot;:&quot;&quot;,&quot;camera&quot;:&quot;&quot;,&quot;caption&quot;:&quot;&quot;,&quot;created_timestamp&quot;:&quot;0&quot;,&quot;copyright&quot;:&quot;&quot;,&quot;focal_length&quot;:&quot;0&quot;,&quot;iso&quot;:&quot;0&quot;,&quot;shutter_speed&quot;:&quot;0&quot;,&quot;title&quot;:&quot;&quot;,&quot;orientation&quot;:&quot;0&quot;}\" data-image-title=\"My Post(2)\" data-image-description=\"\" data-image-caption=\"&lt;p&gt;Contes du monde entier&lt;\/p&gt;\n\" data-medium-file=\"https:\/\/i0.wp.com\/stephaneferrandezconteur.com\/wp-content\/uploads\/2018\/09\/My-Post2.jpg?fit=225%2C300&amp;ssl=1\" data-large-file=\"https:\/\/i0.wp.com\/stephaneferrandezconteur.com\/wp-content\/uploads\/2018\/09\/My-Post2.jpg?fit=768%2C1024&amp;ssl=1\" src=\"https:\/\/i0.wp.com\/stephaneferrandezconteur.com\/wp-content\/uploads\/2018\/09\/My-Post2.jpg?resize=768%2C1024&#038;ssl=1\" alt=\"\" class=\"wp-image-857\" style=\"width:292px;height:391px\" srcset=\"https:\/\/i0.wp.com\/stephaneferrandezconteur.com\/wp-content\/uploads\/2018\/09\/My-Post2.jpg?resize=768%2C1024&amp;ssl=1 768w, https:\/\/i0.wp.com\/stephaneferrandezconteur.com\/wp-content\/uploads\/2018\/09\/My-Post2.jpg?resize=225%2C300&amp;ssl=1 225w, https:\/\/i0.wp.com\/stephaneferrandezconteur.com\/wp-content\/uploads\/2018\/09\/My-Post2.jpg?w=1920&amp;ssl=1 1920w, https:\/\/i0.wp.com\/stephaneferrandezconteur.com\/wp-content\/uploads\/2018\/09\/My-Post2.jpg?w=1840&amp;ssl=1 1840w\" sizes=\"(max-width: 768px) 100vw, 768px\" \/><\/a><\/figure><\/div><\/div>\n\n\n\n<div class=\"wp-block-column is-layout-flow wp-block-column-is-layout-flow\" style=\"flex-basis:10%\"><\/div>\n<\/div>\n\n\n\n<hr class=\"wp-block-separator has-css-opacity\"\/>\n\n\n\n<div style=\"height:34px\" aria-hidden=\"true\" class=\"wp-block-spacer\"><\/div>\n\n\n\n<hr class=\"wp-block-separator has-text-color has-very-light-gray-color has-css-opacity has-very-light-gray-background-color has-background is-style-wide\"\/>\n\n\n\n<div style=\"height:56px\" aria-hidden=\"true\" class=\"wp-block-spacer\"><\/div>\n\n\n\n<div style=\"height:56px\" aria-hidden=\"true\" class=\"wp-block-spacer\"><\/div>\n\n\n\n<h1 class=\"wp-block-heading has-huge-font-size\">Voyage \u00e0 la fronti\u00e8re des mondes<\/h1>\n\n\n\n<div class=\"wp-block-columns is-layout-flex wp-container-core-columns-is-layout-3 wp-block-columns-is-layout-flex\">\n<div class=\"wp-block-column is-layout-flow wp-block-column-is-layout-flow\"><div class=\"wp-block-image\">\n<figure class=\"aligncenter size-large is-resized\"><a href=\"https:\/\/stephaneferrandezconteur.com\/?page_id=2843\" target=\"_blank\" rel=\"hors du temps noopener\"><img data-recalc-dims=\"1\" loading=\"lazy\" decoding=\"async\" width=\"724\" height=\"1024\" data-attachment-id=\"2847\" data-permalink=\"https:\/\/stephaneferrandezconteur.com\/?attachment_id=2847\" data-orig-file=\"https:\/\/i0.wp.com\/stephaneferrandezconteur.com\/wp-content\/uploads\/2023\/03\/where-is-the-cake-Document-A4-1.jpg?fit=1414%2C2000&amp;ssl=1\" data-orig-size=\"1414,2000\" data-comments-opened=\"1\" data-image-meta=\"{&quot;aperture&quot;:&quot;0&quot;,&quot;credit&quot;:&quot;&quot;,&quot;camera&quot;:&quot;&quot;,&quot;caption&quot;:&quot;&quot;,&quot;created_timestamp&quot;:&quot;0&quot;,&quot;copyright&quot;:&quot;&quot;,&quot;focal_length&quot;:&quot;0&quot;,&quot;iso&quot;:&quot;0&quot;,&quot;shutter_speed&quot;:&quot;0&quot;,&quot;title&quot;:&quot;&quot;,&quot;orientation&quot;:&quot;1&quot;}\" data-image-title=\"where-is-the-cake-Document-A4-1\" data-image-description=\"\" data-image-caption=\"&lt;p&gt;Contes  et voyage temporel&lt;\/p&gt;\n\" data-medium-file=\"https:\/\/i0.wp.com\/stephaneferrandezconteur.com\/wp-content\/uploads\/2023\/03\/where-is-the-cake-Document-A4-1.jpg?fit=212%2C300&amp;ssl=1\" data-large-file=\"https:\/\/i0.wp.com\/stephaneferrandezconteur.com\/wp-content\/uploads\/2023\/03\/where-is-the-cake-Document-A4-1.jpg?fit=724%2C1024&amp;ssl=1\" src=\"https:\/\/i0.wp.com\/stephaneferrandezconteur.com\/wp-content\/uploads\/2023\/03\/where-is-the-cake-Document-A4-1.jpg?resize=724%2C1024&#038;ssl=1\" alt=\"\" class=\"wp-image-2847\" style=\"width:402px;height:568px\" srcset=\"https:\/\/i0.wp.com\/stephaneferrandezconteur.com\/wp-content\/uploads\/2023\/03\/where-is-the-cake-Document-A4-1.jpg?resize=724%2C1024&amp;ssl=1 724w, https:\/\/i0.wp.com\/stephaneferrandezconteur.com\/wp-content\/uploads\/2023\/03\/where-is-the-cake-Document-A4-1.jpg?resize=212%2C300&amp;ssl=1 212w, https:\/\/i0.wp.com\/stephaneferrandezconteur.com\/wp-content\/uploads\/2023\/03\/where-is-the-cake-Document-A4-1.jpg?resize=768%2C1086&amp;ssl=1 768w, https:\/\/i0.wp.com\/stephaneferrandezconteur.com\/wp-content\/uploads\/2023\/03\/where-is-the-cake-Document-A4-1.jpg?resize=1086%2C1536&amp;ssl=1 1086w, https:\/\/i0.wp.com\/stephaneferrandezconteur.com\/wp-content\/uploads\/2023\/03\/where-is-the-cake-Document-A4-1.jpg?w=1414&amp;ssl=1 1414w\" sizes=\"(max-width: 724px) 100vw, 724px\" \/><\/a><figcaption class=\"wp-element-caption\">Il \u00e9tait hier&#8230; Il sera demain<\/figcaption><\/figure><\/div><\/div>\n<\/div>\n\n\n\n<hr class=\"wp-block-separator has-text-color has-very-light-gray-color has-css-opacity has-very-light-gray-background-color has-background is-style-wide\"\/>\n\n\n\n<p><\/p>\n\n\n\n<p><\/p>\n","protected":false},"excerpt":{"rendered":"<p>D\u00e9couvrez nos nouveaux contes sur la Nature Voyages autour du monde Voyage \u00e0 la fronti\u00e8re des mondes<\/p>\n","protected":false},"author":1,"featured_media":0,"parent":65,"menu_order":0,"comment_status":"closed","ping_status":"closed","template":"","meta":{"_eb_attr":"","_monsterinsights_skip_tracking":false,"_monsterinsights_sitenote_active":false,"_monsterinsights_sitenote_note":"","_monsterinsights_sitenote_category":0,"jetpack_post_was_ever_published":false,"footnotes":""},"aioseo_notices":[],"jetpack_sharing_enabled":true,"jetpack_shortlink":"https:\/\/wp.me\/P94LVL-1t","jetpack-related-posts":[],"jetpack_likes_enabled":true,"_links":{"self":[{"href":"https:\/\/stephaneferrandezconteur.com\/index.php?rest_route=\/wp\/v2\/pages\/91"}],"collection":[{"href":"https:\/\/stephaneferrandezconteur.com\/index.php?rest_route=\/wp\/v2\/pages"}],"about":[{"href":"https:\/\/stephaneferrandezconteur.com\/index.php?rest_route=\/wp\/v2\/types\/page"}],"author":[{"embeddable":true,"href":"https:\/\/stephaneferrandezconteur.com\/index.php?rest_route=\/wp\/v2\/users\/1"}],"replies":[{"embeddable":true,"href":"https:\/\/stephaneferrandezconteur.com\/index.php?rest_route=%2Fwp%2Fv2%2Fcomments&post=91"}],"version-history":[{"count":56,"href":"https:\/\/stephaneferrandezconteur.com\/index.php?rest_route=\/wp\/v2\/pages\/91\/revisions"}],"predecessor-version":[{"id":3993,"href":"https:\/\/stephaneferrandezconteur.com\/index.php?rest_route=\/wp\/v2\/pages\/91\/revisions\/3993"}],"up":[{"embeddable":true,"href":"https:\/\/stephaneferrandezconteur.com\/index.php?rest_route=\/wp\/v2\/pages\/65"}],"wp:attachment":[{"href":"https:\/\/stephaneferrandezconteur.com\/index.php?rest_route=%2Fwp%2Fv2%2Fmedia&parent=91"}],"curies":[{"name":"wp","href":"https:\/\/api.w.org\/{rel}","templated":true}]}}