{"id":89,"date":"2016-08-07T20:59:51","date_gmt":"2016-08-07T20:59:51","guid":{"rendered":"http:\/\/stephaneferrandezconteur.com\/?page_id=89"},"modified":"2025-02-14T10:29:33","modified_gmt":"2025-02-14T10:29:33","slug":"contes-des-ameriques","status":"publish","type":"page","link":"https:\/\/stephaneferrandezconteur.com\/?page_id=89","title":{"rendered":"Contes des Am\u00e9riques"},"content":{"rendered":"\n<h1 class=\"wp-block-heading\">Am\u00e9rique du Nord<\/h1>\n\n\n\n<h2 class=\"wp-block-heading has-text-align-left\"><strong>L\u00e0 o\u00f9 sont mes pieds je suis \u00e0 ma place<\/strong><\/h2>\n\n\n\n<h3 class=\"wp-block-heading has-text-align-left\"><span style=\"line-height: 1;\">Contes de l&rsquo;Ouest Am\u00e9ricain<\/span><\/h3>\n\n\n<div class=\"wp-block-image wp-image-130 size-full\">\n<figure class=\"aligncenter is-resized\"><img data-recalc-dims=\"1\" fetchpriority=\"high\" decoding=\"async\" width=\"816\" height=\"526\" data-attachment-id=\"130\" data-permalink=\"https:\/\/stephaneferrandezconteur.com\/?attachment_id=130\" data-orig-file=\"https:\/\/i0.wp.com\/stephaneferrandezconteur.com\/wp-content\/uploads\/2016\/08\/l%C3%A0-o%C3%B9-sont-mes-pieds.jpg?fit=816%2C526&amp;ssl=1\" data-orig-size=\"816,526\" data-comments-opened=\"1\" data-image-meta=\"{&quot;aperture&quot;:&quot;0&quot;,&quot;credit&quot;:&quot;&quot;,&quot;camera&quot;:&quot;&quot;,&quot;caption&quot;:&quot;&quot;,&quot;created_timestamp&quot;:&quot;0&quot;,&quot;copyright&quot;:&quot;&quot;,&quot;focal_length&quot;:&quot;0&quot;,&quot;iso&quot;:&quot;0&quot;,&quot;shutter_speed&quot;:&quot;0&quot;,&quot;title&quot;:&quot;&quot;,&quot;orientation&quot;:&quot;0&quot;}\" data-image-title=\"l\u00e0-o\u00f9-sont-mes-pieds\" data-image-description=\"\" data-image-caption=\"&lt;p&gt;Tall Tales les grands h\u00e9ros d&amp;rsquo;Am\u00e9rique&lt;\/p&gt;\n\" data-medium-file=\"https:\/\/i0.wp.com\/stephaneferrandezconteur.com\/wp-content\/uploads\/2016\/08\/l%C3%A0-o%C3%B9-sont-mes-pieds.jpg?fit=300%2C193&amp;ssl=1\" data-large-file=\"https:\/\/i0.wp.com\/stephaneferrandezconteur.com\/wp-content\/uploads\/2016\/08\/l%C3%A0-o%C3%B9-sont-mes-pieds.jpg?fit=816%2C526&amp;ssl=1\" src=\"https:\/\/i0.wp.com\/stephaneferrandezconteur.com\/wp-content\/uploads\/2016\/08\/l%C3%A0-o%C3%B9-sont-mes-pieds.jpg?resize=816%2C526&#038;ssl=1\" alt=\"L\u00e0 o\u00f9 sont mes pieds je suis \u00e0 ma place - Contes afro am\u00e9ricains , am\u00e9rindiens et folktales du far west\" class=\"wp-image-130\" style=\"width:619px;height:398px\" srcset=\"https:\/\/i0.wp.com\/stephaneferrandezconteur.com\/wp-content\/uploads\/2016\/08\/l%C3%A0-o%C3%B9-sont-mes-pieds.jpg?w=816&amp;ssl=1 816w, https:\/\/i0.wp.com\/stephaneferrandezconteur.com\/wp-content\/uploads\/2016\/08\/l%C3%A0-o%C3%B9-sont-mes-pieds.jpg?resize=300%2C193&amp;ssl=1 300w, https:\/\/i0.wp.com\/stephaneferrandezconteur.com\/wp-content\/uploads\/2016\/08\/l%C3%A0-o%C3%B9-sont-mes-pieds.jpg?resize=768%2C495&amp;ssl=1 768w\" sizes=\"(max-width: 816px) 100vw, 816px\" \/><figcaption class=\"wp-element-caption\">L\u00e0 o\u00f9 sont mes pieds je suis \u00e0 ma place &#8211; Contes afro-am\u00e9ricains , am\u00e9rindiens et talltales du far west Am\u00e9ricain<\/figcaption><\/figure><\/div>\n\n\n<p class=\"has-drop-cap has-text-align-justify has-normal-font-size\">Approchez du joueur d&rsquo;Harmonica, \u00e0 la chaleur du feu de camp et assistez aux aventures de Pecos Bill, le cow boy le plus d\u00e9jant\u00e9 de l&rsquo;Ouest ou l&rsquo;\u00e9pop\u00e9e de John Henry, <em>The<\/em> <i>Steel Drivin&rsquo; Man !<\/i><\/p>\n\n\n\n<p class=\"has-text-align-justify has-normal-font-size\">Des histoires de mensonge, des contes afro-am\u00e9ricains ou am\u00e9rindiens issus du Folklore Am\u00e9ricain, \u00e0 d\u00e9couvrir au son de la guitare et de l&rsquo;harmonica.<\/p>\n\n\n\n<p class=\"has-normal-font-size\">Spectacle tout public \u00e0 partir de 8 ans<\/p>\n\n\n\n<h2 class=\"wp-block-heading\">&nbsp;<\/h2>\n\n\n\n<h2 class=\"wp-block-heading\">&nbsp;<\/h2>\n\n\n\n<h1 class=\"wp-block-heading\">Am\u00e9rique du Sud<\/h1>\n\n\n\n<h2 class=\"wp-block-heading\"><strong>Sur les Traces de Saci Perere<\/strong><\/h2>\n\n\n\n<h3 class=\"wp-block-heading has-very-dark-gray-color has-text-color\"><a href=\"https:\/\/stephaneferrandezconteur.com\/videos-et-photos\">Contes et t\u00e9moignages du du Br\u00e9sil<\/a><\/h3>\n\n\n\n<div class=\"wp-block-media-text alignwide is-stacked-on-mobile is-vertically-aligned-center\" style=\"grid-template-columns:35% auto\"><figure class=\"wp-block-media-text__media\"><img data-recalc-dims=\"1\" decoding=\"async\" width=\"764\" height=\"1080\" data-attachment-id=\"3972\" data-permalink=\"https:\/\/stephaneferrandezconteur.com\/?attachment_id=3972\" data-orig-file=\"https:\/\/i0.wp.com\/stephaneferrandezconteur.com\/wp-content\/uploads\/2025\/02\/Bresil-Sur-les-Traces-de-Saci-en-Duo-1.jpg?fit=1191%2C1684&amp;ssl=1\" data-orig-size=\"1191,1684\" data-comments-opened=\"1\" data-image-meta=\"{&quot;aperture&quot;:&quot;0&quot;,&quot;credit&quot;:&quot;&quot;,&quot;camera&quot;:&quot;&quot;,&quot;caption&quot;:&quot;&quot;,&quot;created_timestamp&quot;:&quot;0&quot;,&quot;copyright&quot;:&quot;&quot;,&quot;focal_length&quot;:&quot;0&quot;,&quot;iso&quot;:&quot;0&quot;,&quot;shutter_speed&quot;:&quot;0&quot;,&quot;title&quot;:&quot;&quot;,&quot;orientation&quot;:&quot;1&quot;}\" data-image-title=\"Br\u00e9sil Sur les Traces de Saci en Duo (1)\" data-image-description=\"\" data-image-caption=\"\" data-medium-file=\"https:\/\/i0.wp.com\/stephaneferrandezconteur.com\/wp-content\/uploads\/2025\/02\/Bresil-Sur-les-Traces-de-Saci-en-Duo-1.jpg?fit=212%2C300&amp;ssl=1\" data-large-file=\"https:\/\/i0.wp.com\/stephaneferrandezconteur.com\/wp-content\/uploads\/2025\/02\/Bresil-Sur-les-Traces-de-Saci-en-Duo-1.jpg?fit=764%2C1080&amp;ssl=1\" src=\"https:\/\/i0.wp.com\/stephaneferrandezconteur.com\/wp-content\/uploads\/2025\/02\/Bresil-Sur-les-Traces-de-Saci-en-Duo-1.jpg?resize=764%2C1080&#038;ssl=1\" alt=\"\" class=\"wp-image-3972 size-full\" srcset=\"https:\/\/i0.wp.com\/stephaneferrandezconteur.com\/wp-content\/uploads\/2025\/02\/Bresil-Sur-les-Traces-de-Saci-en-Duo-1.jpg?resize=764%2C1080&amp;ssl=1 764w, https:\/\/i0.wp.com\/stephaneferrandezconteur.com\/wp-content\/uploads\/2025\/02\/Bresil-Sur-les-Traces-de-Saci-en-Duo-1.jpg?resize=212%2C300&amp;ssl=1 212w, https:\/\/i0.wp.com\/stephaneferrandezconteur.com\/wp-content\/uploads\/2025\/02\/Bresil-Sur-les-Traces-de-Saci-en-Duo-1.jpg?resize=768%2C1086&amp;ssl=1 768w, https:\/\/i0.wp.com\/stephaneferrandezconteur.com\/wp-content\/uploads\/2025\/02\/Bresil-Sur-les-Traces-de-Saci-en-Duo-1.jpg?resize=1086%2C1536&amp;ssl=1 1086w, https:\/\/i0.wp.com\/stephaneferrandezconteur.com\/wp-content\/uploads\/2025\/02\/Bresil-Sur-les-Traces-de-Saci-en-Duo-1.jpg?w=1191&amp;ssl=1 1191w\" sizes=\"(max-width: 764px) 100vw, 764px\" \/><\/figure><div class=\"wp-block-media-text__content\">\n<p class=\"has-drop-cap has-medium-font-size\">Des l\u00e9gendes d&rsquo;un autre temps, dites-vous\u00a0? Des superstitions des campagnes\u00a0? Pourtant, ceux-l\u00e0 l&rsquo;ont vu, ce diable de Saci Perere\u00a0! Et ils vont vous le raconter\u2026<\/p>\n\n\n\n<p class=\"has-drop-cap has-medium-font-size\"><br>Des t\u00e9moignages in\u00e9dits et des contes du folklore br\u00e9silien, traduits, adapt\u00e9s et racont\u00e9s par le conteur ethnologue St\u00e9phane Ferrandez. Accompagn\u00e9 au son du berimbau par le talentueux et malicieux Mycki-kun.<\/p>\n\n\n\n<p class=\"has-drop-cap has-medium-font-size\"><br>R\u00e9servez vite votre premier voyage de l&rsquo;ann\u00e9e, de l&rsquo;Amazonie aux plages du Nordeste\u00a0!<\/p>\n<\/div><\/div>\n\n\n\n<p class=\"has-normal-font-size\"><\/p>\n\n\n\n<div class=\"wp-block-media-text alignwide has-media-on-the-right is-stacked-on-mobile is-vertically-aligned-center\" style=\"grid-template-columns:auto 27%\"><div class=\"wp-block-media-text__content\">\n<p class=\"has-normal-font-size\"><strong>Nouvelle Version tout public \u00e0 partir de 8 ans  <\/strong><\/p>\n\n\n\n<p class=\"has-normal-font-size\"><strong>cr\u00e9\u00e9e au Centre Mandapa dans le cadre du festival<em> Contes d&rsquo;Hiver 2025 <\/em><\/strong><em><strong>Passeport&#8230; pour l&rsquo;Am\u00e9rique Latine. <\/strong><\/em><\/p>\n\n\n\n<p class=\"has-normal-font-size\"><\/p>\n\n\n\n<p class=\"has-normal-font-size\"><strong>   <\/strong><\/p>\n<\/div><figure class=\"wp-block-media-text__media\"><img data-recalc-dims=\"1\" decoding=\"async\" width=\"323\" height=\"390\" data-attachment-id=\"601\" data-permalink=\"https:\/\/stephaneferrandezconteur.com\/?attachment_id=601\" data-orig-file=\"https:\/\/i0.wp.com\/stephaneferrandezconteur.com\/wp-content\/uploads\/2016\/08\/Saciata-court.jpg?fit=323%2C390&amp;ssl=1\" data-orig-size=\"323,390\" data-comments-opened=\"1\" data-image-meta=\"{&quot;aperture&quot;:&quot;0&quot;,&quot;credit&quot;:&quot;&quot;,&quot;camera&quot;:&quot;&quot;,&quot;caption&quot;:&quot;&quot;,&quot;created_timestamp&quot;:&quot;0&quot;,&quot;copyright&quot;:&quot;&quot;,&quot;focal_length&quot;:&quot;0&quot;,&quot;iso&quot;:&quot;0&quot;,&quot;shutter_speed&quot;:&quot;0&quot;,&quot;title&quot;:&quot;&quot;,&quot;orientation&quot;:&quot;0&quot;}\" data-image-title=\"Saciata court\" data-image-description=\"\" data-image-caption=\"\" data-medium-file=\"https:\/\/i0.wp.com\/stephaneferrandezconteur.com\/wp-content\/uploads\/2016\/08\/Saciata-court.jpg?fit=248%2C300&amp;ssl=1\" data-large-file=\"https:\/\/i0.wp.com\/stephaneferrandezconteur.com\/wp-content\/uploads\/2016\/08\/Saciata-court.jpg?fit=323%2C390&amp;ssl=1\" src=\"https:\/\/i0.wp.com\/stephaneferrandezconteur.com\/wp-content\/uploads\/2016\/08\/Saciata-court.jpg?resize=323%2C390&#038;ssl=1\" alt=\"\" class=\"wp-image-601 size-full\" srcset=\"https:\/\/i0.wp.com\/stephaneferrandezconteur.com\/wp-content\/uploads\/2016\/08\/Saciata-court.jpg?w=323&amp;ssl=1 323w, https:\/\/i0.wp.com\/stephaneferrandezconteur.com\/wp-content\/uploads\/2016\/08\/Saciata-court.jpg?resize=248%2C300&amp;ssl=1 248w\" sizes=\"(max-width: 323px) 100vw, 323px\" \/><\/figure><\/div>\n\n\n\n<p><\/p>\n\n\n\n<h2 class=\"wp-block-heading\"><strong>Olhando a Lua, En regardant la lun<\/strong>e<\/h2>\n\n\n\n<h3 class=\"wp-block-heading\">Mythes, contes \u00e9tiologiques et autres racontars br\u00e9siliens autour de la lune<\/h3>\n\n\n\n<div class=\"wp-block-media-text alignwide is-stacked-on-mobile\" style=\"grid-template-columns:44% auto\"><figure class=\"wp-block-media-text__media\"><img data-recalc-dims=\"1\" loading=\"lazy\" decoding=\"async\" width=\"410\" height=\"720\" data-attachment-id=\"1820\" data-permalink=\"https:\/\/stephaneferrandezconteur.com\/?attachment_id=1820\" data-orig-file=\"https:\/\/i0.wp.com\/stephaneferrandezconteur.com\/wp-content\/uploads\/2020\/09\/brasil-one.jpeg-2.jpg?fit=410%2C720&amp;ssl=1\" data-orig-size=\"410,720\" data-comments-opened=\"1\" data-image-meta=\"{&quot;aperture&quot;:&quot;0&quot;,&quot;credit&quot;:&quot;&quot;,&quot;camera&quot;:&quot;&quot;,&quot;caption&quot;:&quot;&quot;,&quot;created_timestamp&quot;:&quot;0&quot;,&quot;copyright&quot;:&quot;&quot;,&quot;focal_length&quot;:&quot;0&quot;,&quot;iso&quot;:&quot;0&quot;,&quot;shutter_speed&quot;:&quot;0&quot;,&quot;title&quot;:&quot;brasil&quot;,&quot;orientation&quot;:&quot;1&quot;}\" data-image-title=\"brasil\" data-image-description=\"\" data-image-caption=\"&lt;p&gt;Contes du Folklore br\u00e9silien 2&lt;\/p&gt;\n\" data-medium-file=\"https:\/\/i0.wp.com\/stephaneferrandezconteur.com\/wp-content\/uploads\/2020\/09\/brasil-one.jpeg-2.jpg?fit=171%2C300&amp;ssl=1\" data-large-file=\"https:\/\/i0.wp.com\/stephaneferrandezconteur.com\/wp-content\/uploads\/2020\/09\/brasil-one.jpeg-2.jpg?fit=410%2C720&amp;ssl=1\" src=\"https:\/\/i0.wp.com\/stephaneferrandezconteur.com\/wp-content\/uploads\/2020\/09\/brasil-one.jpeg-2.jpg?resize=410%2C720&#038;ssl=1\" alt=\"\" class=\"wp-image-1820 size-full\" srcset=\"https:\/\/i0.wp.com\/stephaneferrandezconteur.com\/wp-content\/uploads\/2020\/09\/brasil-one.jpeg-2.jpg?w=410&amp;ssl=1 410w, https:\/\/i0.wp.com\/stephaneferrandezconteur.com\/wp-content\/uploads\/2020\/09\/brasil-one.jpeg-2.jpg?resize=171%2C300&amp;ssl=1 171w\" sizes=\"(max-width: 410px) 100vw, 410px\" \/><\/figure><div class=\"wp-block-media-text__content\">\n<p class=\"has-drop-cap has-normal-font-size\"> Savez-vous que la lune habitait parmi les hommes dans la jungle amazonienne ?<\/p>\n\n\n\n<p class=\"has-normal-font-size\">Que font les lobisomem, les boitata et autres monstres de la nuit lorsque la lune est ronde dans le ciel ?<\/p>\n\n\n\n<p class=\"has-normal-font-size\">Glissez-vous dans la roda et entendez les chants et les contes du ma\u00eetre de Capoeira. Il vous dira tous les secrets qui se cachent au-dessus de nous, dans la trame de la nuit \u00e9toil\u00e9e.<\/p>\n\n\n\n<p class=\"has-normal-font-size\"><strong>Spectacle tout public \u00e0 partir de 10 ans<\/strong><\/p>\n<\/div><\/div>\n\n\n\n<p class=\"has-text-align-center has-normal-font-size\"><\/p>\n","protected":false},"excerpt":{"rendered":"<p>Am\u00e9rique du Nord L\u00e0 o\u00f9 sont mes pieds je suis \u00e0 ma place Contes de l&rsquo;Ouest Am\u00e9ricain Approchez du joueur d&rsquo;Harmonica, \u00e0 la chaleur du feu de camp et assistez<\/p>\n<p class=\"more-link\"><a href=\"https:\/\/stephaneferrandezconteur.com\/?page_id=89\" class=\"readmore\">Continue reading<svg class=\"icon icon-arrow-right\" aria-hidden=\"true\" role=\"img\"> <use href=\"#icon-arrow-right\" xlink:href=\"#icon-arrow-right\"><\/use> <\/svg><span class=\"screen-reader-text\">Contes des Am\u00e9riques<\/span><\/a><\/p>\n","protected":false},"author":1,"featured_media":1408,"parent":65,"menu_order":0,"comment_status":"closed","ping_status":"closed","template":"","meta":{"_eb_attr":"","_monsterinsights_skip_tracking":false,"_monsterinsights_sitenote_active":false,"_monsterinsights_sitenote_note":"","_monsterinsights_sitenote_category":0,"jetpack_post_was_ever_published":false,"footnotes":""},"aioseo_notices":[],"jetpack_sharing_enabled":true,"jetpack_shortlink":"https:\/\/wp.me\/P94LVL-1r","jetpack-related-posts":[],"jetpack_likes_enabled":true,"_links":{"self":[{"href":"https:\/\/stephaneferrandezconteur.com\/index.php?rest_route=\/wp\/v2\/pages\/89"}],"collection":[{"href":"https:\/\/stephaneferrandezconteur.com\/index.php?rest_route=\/wp\/v2\/pages"}],"about":[{"href":"https:\/\/stephaneferrandezconteur.com\/index.php?rest_route=\/wp\/v2\/types\/page"}],"author":[{"embeddable":true,"href":"https:\/\/stephaneferrandezconteur.com\/index.php?rest_route=\/wp\/v2\/users\/1"}],"replies":[{"embeddable":true,"href":"https:\/\/stephaneferrandezconteur.com\/index.php?rest_route=%2Fwp%2Fv2%2Fcomments&post=89"}],"version-history":[{"count":22,"href":"https:\/\/stephaneferrandezconteur.com\/index.php?rest_route=\/wp\/v2\/pages\/89\/revisions"}],"predecessor-version":[{"id":4214,"href":"https:\/\/stephaneferrandezconteur.com\/index.php?rest_route=\/wp\/v2\/pages\/89\/revisions\/4214"}],"up":[{"embeddable":true,"href":"https:\/\/stephaneferrandezconteur.com\/index.php?rest_route=\/wp\/v2\/pages\/65"}],"wp:featuredmedia":[{"embeddable":true,"href":"https:\/\/stephaneferrandezconteur.com\/index.php?rest_route=\/wp\/v2\/media\/1408"}],"wp:attachment":[{"href":"https:\/\/stephaneferrandezconteur.com\/index.php?rest_route=%2Fwp%2Fv2%2Fmedia&parent=89"}],"curies":[{"name":"wp","href":"https:\/\/api.w.org\/{rel}","templated":true}]}}