{"id":87,"date":"2016-08-07T15:45:30","date_gmt":"2016-08-07T15:45:30","guid":{"rendered":"http:\/\/stephaneferrandezconteur.com\/?page_id=87"},"modified":"2020-09-03T11:35:49","modified_gmt":"2020-09-03T11:35:49","slug":"contes-dafrique-et-doceanie","status":"publish","type":"page","link":"https:\/\/stephaneferrandezconteur.com\/?page_id=87","title":{"rendered":"Contes d&rsquo;Afrique, du Maghreb et du Moyen Orient"},"content":{"rendered":"\n<h1 class=\"wp-block-heading\"><strong>AFRIKA<\/strong><\/h1>\n\n\n\n<h2 class=\"wp-block-heading\">Contes et L\u00e9gendes d\u2019Afrique<\/h2>\n\n\n\n<div class=\"wp-block-image size-medium wp-image-126\"><figure class=\"alignright is-resized\"><img data-recalc-dims=\"1\" fetchpriority=\"high\" decoding=\"async\" data-attachment-id=\"126\" data-permalink=\"https:\/\/stephaneferrandezconteur.com\/?attachment_id=126\" data-orig-file=\"https:\/\/i0.wp.com\/stephaneferrandezconteur.com\/wp-content\/uploads\/2016\/08\/AfriKA.jpg?fit=380%2C529&amp;ssl=1\" data-orig-size=\"380,529\" data-comments-opened=\"1\" data-image-meta=\"{&quot;aperture&quot;:&quot;0&quot;,&quot;credit&quot;:&quot;&quot;,&quot;camera&quot;:&quot;&quot;,&quot;caption&quot;:&quot;&quot;,&quot;created_timestamp&quot;:&quot;0&quot;,&quot;copyright&quot;:&quot;&quot;,&quot;focal_length&quot;:&quot;0&quot;,&quot;iso&quot;:&quot;0&quot;,&quot;shutter_speed&quot;:&quot;0&quot;,&quot;title&quot;:&quot;&quot;,&quot;orientation&quot;:&quot;0&quot;}\" data-image-title=\"AfriKA\" data-image-description=\"\" data-image-caption=\"&lt;p&gt;Afika Contes et l\u00e9gendes d\u2019Afrique &lt;\/p&gt;\n\" data-medium-file=\"https:\/\/i0.wp.com\/stephaneferrandezconteur.com\/wp-content\/uploads\/2016\/08\/AfriKA.jpg?fit=216%2C300&amp;ssl=1\" data-large-file=\"https:\/\/i0.wp.com\/stephaneferrandezconteur.com\/wp-content\/uploads\/2016\/08\/AfriKA.jpg?fit=380%2C529&amp;ssl=1\" src=\"https:\/\/i0.wp.com\/stephaneferrandezconteur.com\/wp-content\/uploads\/2016\/08\/AfriKA.jpg?resize=282%2C392&#038;ssl=1\" alt=\"Afika Contes et l\u00e9gendes d\u2019Afrique \" class=\"wp-image-126\" width=\"282\" height=\"392\" srcset=\"https:\/\/i0.wp.com\/stephaneferrandezconteur.com\/wp-content\/uploads\/2016\/08\/AfriKA.jpg?resize=216%2C300&amp;ssl=1 216w, https:\/\/i0.wp.com\/stephaneferrandezconteur.com\/wp-content\/uploads\/2016\/08\/AfriKA.jpg?w=380&amp;ssl=1 380w\" sizes=\"(max-width: 282px) 100vw, 282px\" \/><\/figure><\/div>\n\n\n\n<p class=\"has-drop-cap has-medium-font-size\">Nyamba inventa le monde, note apr\u00e8s note, jouant la m\u00e9lodie de la cr\u00e9ation sur sa sanza. C&rsquo;est ainsi que les hommes et les animaux, les monstres et les g\u00e9nies sont apparus sur terre.<\/p>\n\n\n\n<p class=\"has-medium-font-size\">LIEBOUN (Un conte) LIEPOUN (raconte)<br>Depuis la cr\u00e9ation du monde, des animaux et des hommes, en passant par les aventures des c\u00e9l\u00e8bres Diabou N\u2019Dao ou de Leuk le li\u00e8vre : des contes traditionnels au rythme du sanza et du tama, pour les petits comme les grands.<\/p>\n\n\n\n<p class=\"has-medium-font-size\">A chaque \u00e2ge son initiation, son exploration de cet incroyable continent qu\u2019est l\u2019Afrique.<\/p>\n\n\n\n<h3 class=\"wp-block-heading\">Version tout public \u00e0 partir de 5 ans et 8 ans<\/h3>\n\n\n\n<hr class=\"wp-block-separator\"\/>\n\n\n\n<h1 class=\"wp-block-heading\"><strong>Un grain de sable sur l&rsquo;astrolabe<\/strong><\/h1>\n\n\n\n<h2 class=\"wp-block-heading\">Contes soufis&nbsp;<\/h2>\n\n\n\n<div class=\"wp-block-image size-full wp-image-127\"><figure class=\"alignright is-resized\"><img data-recalc-dims=\"1\" decoding=\"async\" data-attachment-id=\"127\" data-permalink=\"https:\/\/stephaneferrandezconteur.com\/?attachment_id=127\" data-orig-file=\"https:\/\/i0.wp.com\/stephaneferrandezconteur.com\/wp-content\/uploads\/2016\/08\/fou-sages.jpg?fit=146%2C200&amp;ssl=1\" data-orig-size=\"146,200\" data-comments-opened=\"1\" data-image-meta=\"{&quot;aperture&quot;:&quot;0&quot;,&quot;credit&quot;:&quot;&quot;,&quot;camera&quot;:&quot;&quot;,&quot;caption&quot;:&quot;&quot;,&quot;created_timestamp&quot;:&quot;0&quot;,&quot;copyright&quot;:&quot;&quot;,&quot;focal_length&quot;:&quot;0&quot;,&quot;iso&quot;:&quot;0&quot;,&quot;shutter_speed&quot;:&quot;0&quot;,&quot;title&quot;:&quot;&quot;,&quot;orientation&quot;:&quot;0&quot;}\" data-image-title=\"fou sages\" data-image-description=\"\" data-image-caption=\"&lt;p&gt;un grain de sable sur l&amp;rsquo;astrolabe  Contes et paraboles soufis&lt;\/p&gt;\n\" data-medium-file=\"https:\/\/i0.wp.com\/stephaneferrandezconteur.com\/wp-content\/uploads\/2016\/08\/fou-sages.jpg?fit=146%2C200&amp;ssl=1\" data-large-file=\"https:\/\/i0.wp.com\/stephaneferrandezconteur.com\/wp-content\/uploads\/2016\/08\/fou-sages.jpg?fit=146%2C200&amp;ssl=1\" src=\"https:\/\/i0.wp.com\/stephaneferrandezconteur.com\/wp-content\/uploads\/2016\/08\/fou-sages.jpg?resize=233%2C320&#038;ssl=1\" alt=\"un grain de sable sur l'astrolabe Contes et paraboles soufis\" class=\"wp-image-127\" width=\"233\" height=\"320\"\/><figcaption> <\/figcaption><\/figure><\/div>\n\n\n\n<p class=\"has-medium-font-size\"><em>Les savants sont ignorants et les fous sont des sages.<\/em><\/p>\n\n\n\n<p class=\"has-drop-cap has-medium-font-size\">Nasrudin et d&rsquo;autres h\u00e9ros en qu\u00eate de savoir vont parcourir l&rsquo;Orient \u00e0 dos d&rsquo;\u00e2ne ou de cheval volant. Personnages comme spectateurs, chacun y mettra son grain de sable.<\/p>\n\n\n\n<p class=\"has-medium-font-size\">Un parcours dans le monde merveilleux et joyeux de la sagesse, du Soufisme et des Mille et une nuits.<\/p>\n\n\n\n<h3 class=\"wp-block-heading\">Spectacle tout public \u00e0 partir de 8 &nbsp;ans<\/h3>\n\n\n\n<hr class=\"wp-block-separator is-style-wide\"\/>\n\n\n\n<h1 class=\"wp-block-heading\">Hayastan, contes d&rsquo;Arm\u00e9nie<\/h1>\n\n\n\n<p class=\"has-drop-cap has-medium-font-size\">On apprendra comment un roi peut se faire humble tisserand,  ce qui arrive lorsque &nbsp;Tamerlan le tyran &nbsp;trouve plus fort que lui et m\u00eame l&rsquo;effet provoqu\u00e9 par une simple goutte de miel.<\/p>\n\n\n\n<p class=\"has-medium-font-size\">Enfourchez votre cheval pour la destination myst\u00e9rieuse et magique du mont Ararat.<\/p>\n\n\n\n<h3 class=\"wp-block-heading\">Spectacle tout public \u00e0 partir de 8 &nbsp;ans<\/h3>\n","protected":false},"excerpt":{"rendered":"<p>AFRIKA Contes et L\u00e9gendes d\u2019Afrique Nyamba inventa le monde, note apr\u00e8s note, jouant la m\u00e9lodie de la cr\u00e9ation sur sa sanza. C&rsquo;est ainsi que les hommes et les animaux, les<\/p>\n<p class=\"more-link\"><a href=\"https:\/\/stephaneferrandezconteur.com\/?page_id=87\" class=\"readmore\">Continue reading<svg class=\"icon icon-arrow-right\" aria-hidden=\"true\" role=\"img\"> <use href=\"#icon-arrow-right\" xlink:href=\"#icon-arrow-right\"><\/use> <\/svg><span class=\"screen-reader-text\">Contes d&rsquo;Afrique, du Maghreb et du Moyen Orient<\/span><\/a><\/p>\n","protected":false},"author":1,"featured_media":1399,"parent":65,"menu_order":0,"comment_status":"closed","ping_status":"closed","template":"","meta":{"_eb_attr":"","_monsterinsights_skip_tracking":false,"_monsterinsights_sitenote_active":false,"_monsterinsights_sitenote_note":"","_monsterinsights_sitenote_category":0,"jetpack_post_was_ever_published":false,"footnotes":""},"aioseo_notices":[],"jetpack_sharing_enabled":true,"jetpack_shortlink":"https:\/\/wp.me\/P94LVL-1p","jetpack-related-posts":[],"jetpack_likes_enabled":true,"_links":{"self":[{"href":"https:\/\/stephaneferrandezconteur.com\/index.php?rest_route=\/wp\/v2\/pages\/87"}],"collection":[{"href":"https:\/\/stephaneferrandezconteur.com\/index.php?rest_route=\/wp\/v2\/pages"}],"about":[{"href":"https:\/\/stephaneferrandezconteur.com\/index.php?rest_route=\/wp\/v2\/types\/page"}],"author":[{"embeddable":true,"href":"https:\/\/stephaneferrandezconteur.com\/index.php?rest_route=\/wp\/v2\/users\/1"}],"replies":[{"embeddable":true,"href":"https:\/\/stephaneferrandezconteur.com\/index.php?rest_route=%2Fwp%2Fv2%2Fcomments&post=87"}],"version-history":[{"count":18,"href":"https:\/\/stephaneferrandezconteur.com\/index.php?rest_route=\/wp\/v2\/pages\/87\/revisions"}],"predecessor-version":[{"id":2997,"href":"https:\/\/stephaneferrandezconteur.com\/index.php?rest_route=\/wp\/v2\/pages\/87\/revisions\/2997"}],"up":[{"embeddable":true,"href":"https:\/\/stephaneferrandezconteur.com\/index.php?rest_route=\/wp\/v2\/pages\/65"}],"wp:featuredmedia":[{"embeddable":true,"href":"https:\/\/stephaneferrandezconteur.com\/index.php?rest_route=\/wp\/v2\/media\/1399"}],"wp:attachment":[{"href":"https:\/\/stephaneferrandezconteur.com\/index.php?rest_route=%2Fwp%2Fv2%2Fmedia&parent=87"}],"curies":[{"name":"wp","href":"https:\/\/api.w.org\/{rel}","templated":true}]}}