{"id":442,"date":"2023-08-13T21:54:51","date_gmt":"2023-08-13T21:54:51","guid":{"rendered":"http:\/\/stephaneferrandezconteur.com\/?page_id=442"},"modified":"2023-08-16T11:16:07","modified_gmt":"2023-08-16T11:16:07","slug":"evenementiel-vous-avez-un-projet","status":"publish","type":"page","link":"https:\/\/stephaneferrandezconteur.com\/?page_id=442","title":{"rendered":"\u00c9V\u00c9NEMENTIEL, une id\u00e9e folle, un projet ?"},"content":{"rendered":"\n<h2 class=\"wp-block-heading\">Organiser une balade cont\u00e9e, mettre en lumi\u00e8re une th\u00e9matique particuli\u00e8re, r\u00e9aliser un collectage, rendre \u00e0 la sc\u00e8ne une histoire de vie, une animation sur mesure pour un \u00e9v\u00e9nement  exceptionnel : notre compagnie saura vous accompagner dans la r\u00e9alisation de votre projet.<\/h2>\n\n\n\n<div class=\"wp-block-group\"><div class=\"wp-block-group__inner-container is-layout-constrained wp-block-group-is-layout-constrained\"><\/div><\/div>\n\n\n\n<div class=\"wp-block-cover alignfull\" style=\"min-height:800px;aspect-ratio:unset;\"><span aria-hidden=\"true\" class=\"wp-block-cover__background has-background-dim-30 has-background-dim\"><\/span><img data-recalc-dims=\"1\" fetchpriority=\"high\" decoding=\"async\" width=\"920\" height=\"1471\" data-attachment-id=\"2783\" data-permalink=\"https:\/\/stephaneferrandezconteur.com\/?attachment_id=2783\" data-orig-file=\"https:\/\/i0.wp.com\/stephaneferrandezconteur.com\/wp-content\/uploads\/2023\/03\/fb-indo-3-edited.jpg?fit=922%2C1474&amp;ssl=1\" data-orig-size=\"922,1474\" data-comments-opened=\"1\" data-image-meta=\"{&quot;aperture&quot;:&quot;0&quot;,&quot;credit&quot;:&quot;&quot;,&quot;camera&quot;:&quot;&quot;,&quot;caption&quot;:&quot;&quot;,&quot;created_timestamp&quot;:&quot;0&quot;,&quot;copyright&quot;:&quot;&quot;,&quot;focal_length&quot;:&quot;0&quot;,&quot;iso&quot;:&quot;0&quot;,&quot;shutter_speed&quot;:&quot;0&quot;,&quot;title&quot;:&quot;&quot;,&quot;orientation&quot;:&quot;0&quot;}\" data-image-title=\"fb-indo-3\" data-image-description=\"\" data-image-caption=\"\" data-medium-file=\"https:\/\/i0.wp.com\/stephaneferrandezconteur.com\/wp-content\/uploads\/2023\/03\/fb-indo-3-edited.jpg?fit=188%2C300&amp;ssl=1\" data-large-file=\"https:\/\/i0.wp.com\/stephaneferrandezconteur.com\/wp-content\/uploads\/2023\/03\/fb-indo-3-edited.jpg?fit=641%2C1024&amp;ssl=1\" class=\"wp-block-cover__image-background wp-image-2783\" alt=\"\" src=\"https:\/\/i0.wp.com\/stephaneferrandezconteur.com\/wp-content\/uploads\/2023\/03\/fb-indo-3-edited.jpg?resize=920%2C1471&#038;ssl=1\" style=\"object-position:7% 50%\" data-object-fit=\"cover\" data-object-position=\"7% 50%\" srcset=\"https:\/\/i0.wp.com\/stephaneferrandezconteur.com\/wp-content\/uploads\/2023\/03\/fb-indo-3-edited.jpg?w=922&amp;ssl=1 922w, https:\/\/i0.wp.com\/stephaneferrandezconteur.com\/wp-content\/uploads\/2023\/03\/fb-indo-3-edited.jpg?resize=188%2C300&amp;ssl=1 188w, https:\/\/i0.wp.com\/stephaneferrandezconteur.com\/wp-content\/uploads\/2023\/03\/fb-indo-3-edited.jpg?resize=641%2C1024&amp;ssl=1 641w, https:\/\/i0.wp.com\/stephaneferrandezconteur.com\/wp-content\/uploads\/2023\/03\/fb-indo-3-edited.jpg?resize=768%2C1228&amp;ssl=1 768w\" sizes=\"(max-width: 920px) 100vw, 920px\" \/><div class=\"wp-block-cover__inner-container is-layout-flow wp-block-cover-is-layout-flow\">\n<h2 class=\"wp-block-heading alignwide has-text-color\" style=\"color:#ffe074;font-size:41px\"><mark style=\"background-color:rgba(0, 0, 0, 0)\" class=\"has-inline-color has-white-color\">Pr\u00e9sentation des animations autour du Conte que notre compagnie propose :<\/mark><\/h2>\n\n\n\n<div class=\"wp-block-columns is-layout-flex wp-container-core-columns-is-layout-2 wp-block-columns-is-layout-flex\">\n<div class=\"wp-block-column is-layout-flow wp-block-column-is-layout-flow\" style=\"flex-basis:100%\">\n<div class=\"wp-block-group alignwide\"><div class=\"wp-block-group__inner-container is-layout-constrained wp-block-group-is-layout-constrained\">\n<div class=\"wp-block-columns alignwide is-layout-flex wp-container-core-columns-is-layout-1 wp-block-columns-is-layout-flex\">\n<div class=\"wp-block-column is-vertically-aligned-bottom is-layout-flow wp-block-column-is-layout-flow\" style=\"flex-basis:55%\">\n<h2 class=\"wp-block-heading has-white-color has-text-color\"><strong><mark style=\"background-color:rgba(0, 0, 0, 0)\" class=\"has-inline-color has-luminous-vivid-amber-color\">Cont\u00e9e sur mesure<\/mark><\/strong> : Une animation enti\u00e8rement personnalis\u00e9e pour r\u00e9pondre \u00e0 vos besoins sp\u00e9cifiques. Que ce soit pour une Balade cont\u00e9e, \u00e9v\u00e9nement mus\u00e9al ou d&rsquo;entreprise, une c\u00e9l\u00e9bration familiale, etc., nous cr\u00e9erons un spectacle sur mesure qui captivera votre public et rendra votre \u00e9v\u00e9nement exceptionnel.<\/h2>\n\n\n\n<div style=\"height:36px\" aria-hidden=\"true\" class=\"wp-block-spacer\"><\/div>\n\n\n\n<h2 class=\"wp-block-heading has-white-color has-text-color\" style=\"text-transform:none\"><strong><mark style=\"background-color:rgba(0, 0, 0, 0)\" class=\"has-inline-color has-luminous-vivid-amber-color\">Collectage<\/mark><\/strong><mark style=\"background-color:rgba(0, 0, 0, 0)\" class=\"has-inline-color has-white-color\"> :<\/mark> Un voyage au c\u0153ur de la tradition orale \u00e0 travers des collectages de contes ou de souvenirs. Partez \u00e0 la d\u00e9couverte de contes populaires, d&rsquo;anecdotes et de r\u00e9cits authentiques, collect\u00e9s aupr\u00e8s de votre public cible (Ephad, \u00e9cole, etc.) Une animation riche en \u00e9changes et en partage.<\/h2>\n\n\n\n<div style=\"height:36px\" aria-hidden=\"true\" class=\"wp-block-spacer\"><\/div>\n\n\n\n<h2 class=\"wp-block-heading has-white-color has-text-color\" style=\"text-transform:none\"><mark style=\"background-color:rgba(0, 0, 0, 0)\" class=\"has-inline-color has-luminous-vivid-amber-color\">Histoire de vie :<\/mark> Une animation unique qui donne vie \u00e0 une histoire personnelle. Partagez-nous votre histoire, celle de votre famille, de votre collectivit\u00e9 et nous la transformerons en un r\u00e9cit captivant, avec notre touche artistique et la volont\u00e9 de la transmettre de mani\u00e8re inoubliable.<\/h2>\n\n\n\n<div style=\"height:36px\" aria-hidden=\"true\" class=\"wp-block-spacer\"><\/div>\n\n\n\n<h2 class=\"wp-block-heading has-white-color has-text-color\" style=\"text-transform:none\"><mark style=\"background-color:rgba(0, 0, 0, 0)\" class=\"has-inline-color has-luminous-vivid-amber-color\">Animation Exceptionnelle<\/mark><mark style=\"background-color:rgba(0, 0, 0, 0)\" class=\"has-inline-color has-white-color\"> :<\/mark> Une animation spectaculaire qui allie conte, musique, danse et th\u00e9\u00e2tre. Plongez dans un univers f\u00e9erique, avec nos partenaires (musicien.ne.s, com\u00e9dien.ne.s) o\u00f9 les fronti\u00e8res entre fiction et r\u00e9alit\u00e9 disparaissent. <\/h2>\n\n\n\n<div style=\"height:36px\" aria-hidden=\"true\" class=\"wp-block-spacer\"><\/div>\n<\/div>\n<\/div>\n<\/div><\/div>\n<\/div>\n<\/div>\n<\/div><\/div>\n\n\n\n<div style=\"height:179px\" aria-hidden=\"true\" class=\"wp-block-spacer\"><\/div>\n\n\n\n<h1 class=\"wp-block-heading has-text-align-center\">QUELQUES R\u00c9ALISATIONS<\/h1>\n\n\n\n<div style=\"height:41px\" aria-hidden=\"true\" class=\"wp-block-spacer\"><\/div>\n\n\n\n<figure class=\"wp-block-image size-full\"><img data-recalc-dims=\"1\" decoding=\"async\" width=\"920\" height=\"518\" data-attachment-id=\"3089\" data-permalink=\"https:\/\/stephaneferrandezconteur.com\/?attachment_id=3089\" data-orig-file=\"https:\/\/i0.wp.com\/stephaneferrandezconteur.com\/wp-content\/uploads\/2023\/08\/Design-sans-titre-2.png?fit=1640%2C924&amp;ssl=1\" data-orig-size=\"1640,924\" data-comments-opened=\"1\" data-image-meta=\"{&quot;aperture&quot;:&quot;0&quot;,&quot;credit&quot;:&quot;&quot;,&quot;camera&quot;:&quot;&quot;,&quot;caption&quot;:&quot;&quot;,&quot;created_timestamp&quot;:&quot;0&quot;,&quot;copyright&quot;:&quot;&quot;,&quot;focal_length&quot;:&quot;0&quot;,&quot;iso&quot;:&quot;0&quot;,&quot;shutter_speed&quot;:&quot;0&quot;,&quot;title&quot;:&quot;&quot;,&quot;orientation&quot;:&quot;0&quot;}\" data-image-title=\"Design-sans-titre-2\" data-image-description=\"\" data-image-caption=\"\" data-medium-file=\"https:\/\/i0.wp.com\/stephaneferrandezconteur.com\/wp-content\/uploads\/2023\/08\/Design-sans-titre-2.png?fit=300%2C169&amp;ssl=1\" data-large-file=\"https:\/\/i0.wp.com\/stephaneferrandezconteur.com\/wp-content\/uploads\/2023\/08\/Design-sans-titre-2.png?fit=920%2C518&amp;ssl=1\" src=\"https:\/\/i0.wp.com\/stephaneferrandezconteur.com\/wp-content\/uploads\/2023\/08\/Design-sans-titre-2.png?resize=920%2C518&#038;ssl=1\" alt=\"\" class=\"wp-image-3089\" srcset=\"https:\/\/i0.wp.com\/stephaneferrandezconteur.com\/wp-content\/uploads\/2023\/08\/Design-sans-titre-2.png?w=1640&amp;ssl=1 1640w, https:\/\/i0.wp.com\/stephaneferrandezconteur.com\/wp-content\/uploads\/2023\/08\/Design-sans-titre-2.png?resize=300%2C169&amp;ssl=1 300w, https:\/\/i0.wp.com\/stephaneferrandezconteur.com\/wp-content\/uploads\/2023\/08\/Design-sans-titre-2.png?resize=768%2C433&amp;ssl=1 768w, https:\/\/i0.wp.com\/stephaneferrandezconteur.com\/wp-content\/uploads\/2023\/08\/Design-sans-titre-2.png?resize=1536%2C865&amp;ssl=1 1536w\" sizes=\"(max-width: 920px) 100vw, 920px\" \/><figcaption class=\"wp-element-caption\">Cr\u00e9ation de <em>Makan Angin,<\/em> Contes d&rsquo;Indon\u00e9sie pour la Philharmonie de Paris, mars 2023<\/figcaption><\/figure>\n\n\n\n<div style=\"height:100px\" aria-hidden=\"true\" class=\"wp-block-spacer\"><\/div>\n\n\n\n<figure class=\"wp-block-embed is-type-rich is-provider-soundcloud wp-block-embed-soundcloud\"><div class=\"wp-block-embed__wrapper\">\n<iframe title=\"Oiko et Les Boulettes De Riz  \u00a9Sandrine Garbuglia by St\u00e9phane Ferrandez  \/  conteur et com\u00e9dien\" width=\"920\" height=\"400\" scrolling=\"no\" frameborder=\"no\" src=\"https:\/\/w.soundcloud.com\/player\/?visual=true&#038;url=https%3A%2F%2Fapi.soundcloud.com%2Ftracks%2F1480490386&#038;show_artwork=true&#038;maxheight=1000&#038;maxwidth=920\"><\/iframe>\n<\/div><figcaption class=\"wp-element-caption\"><a href=\"https:\/\/stephaneferrandezconteur.com\/#\" target=\"_blank\" rel=\"noreferrer noopener\">JAPON, DES RIZI\u00c8RES AUX SUSHIS<\/a> <strong>(F\u00e9vrier \u00e0 juillet 2023)<\/strong><br>Nous avons \u00e9t\u00e9 convi\u00e9s avec l\u2019auteure Sandrine Garbuglia \u00e0 adapter et enregistrer trois contes et l\u00e9gendes traditionnels pour l\u2019illustration sonore de cette belle exposition qui se tient au tr\u00e8s beau mus\u00e9e Le Compa, tout pr\u00e8s de Chartres ! Nous vous proposons d\u2019\u00e9couter un extrait de l\u2019une de ces histoires.<br><\/figcaption><\/figure>\n\n\n\n<div style=\"height:100px\" aria-hidden=\"true\" class=\"wp-block-spacer\"><\/div>\n\n\n\n<figure class=\"wp-block-image size-full\"><a href=\"https:\/\/www.paroles-conteurs.org\/wp-content\/uploads\/2022\/07\/programme-PDC-2022.pdf\" target=\"_blank\" rel=\"https:\/\/www.paroles-conteurs.org\/ils-sont-venus\/ noopener\"><img data-recalc-dims=\"1\" decoding=\"async\" width=\"920\" height=\"771\" data-attachment-id=\"2548\" data-permalink=\"https:\/\/stephaneferrandezconteur.com\/?attachment_id=2548\" data-orig-file=\"https:\/\/i0.wp.com\/stephaneferrandezconteur.com\/wp-content\/uploads\/2022\/09\/Balade-contee-Bourganeuf-2022.jpg?fit=940%2C788&amp;ssl=1\" data-orig-size=\"940,788\" data-comments-opened=\"1\" data-image-meta=\"{&quot;aperture&quot;:&quot;0&quot;,&quot;credit&quot;:&quot;&quot;,&quot;camera&quot;:&quot;&quot;,&quot;caption&quot;:&quot;&quot;,&quot;created_timestamp&quot;:&quot;0&quot;,&quot;copyright&quot;:&quot;&quot;,&quot;focal_length&quot;:&quot;0&quot;,&quot;iso&quot;:&quot;0&quot;,&quot;shutter_speed&quot;:&quot;0&quot;,&quot;title&quot;:&quot;&quot;,&quot;orientation&quot;:&quot;0&quot;}\" data-image-title=\"Balade-contee-Bourganeuf-2022\" data-image-description=\"\" data-image-caption=\"\" data-medium-file=\"https:\/\/i0.wp.com\/stephaneferrandezconteur.com\/wp-content\/uploads\/2022\/09\/Balade-contee-Bourganeuf-2022.jpg?fit=300%2C251&amp;ssl=1\" data-large-file=\"https:\/\/i0.wp.com\/stephaneferrandezconteur.com\/wp-content\/uploads\/2022\/09\/Balade-contee-Bourganeuf-2022.jpg?fit=920%2C771&amp;ssl=1\" src=\"https:\/\/i0.wp.com\/stephaneferrandezconteur.com\/wp-content\/uploads\/2022\/09\/Balade-contee-Bourganeuf-2022.jpg?resize=920%2C771&#038;ssl=1\" alt=\"\" class=\"wp-image-2548\" srcset=\"https:\/\/i0.wp.com\/stephaneferrandezconteur.com\/wp-content\/uploads\/2022\/09\/Balade-contee-Bourganeuf-2022.jpg?w=940&amp;ssl=1 940w, https:\/\/i0.wp.com\/stephaneferrandezconteur.com\/wp-content\/uploads\/2022\/09\/Balade-contee-Bourganeuf-2022.jpg?resize=300%2C251&amp;ssl=1 300w, https:\/\/i0.wp.com\/stephaneferrandezconteur.com\/wp-content\/uploads\/2022\/09\/Balade-contee-Bourganeuf-2022.jpg?resize=768%2C644&amp;ssl=1 768w\" sizes=\"(max-width: 920px) 100vw, 920px\" \/><\/a><figcaption class=\"wp-element-caption\"><em>Dans la for\u00eat du mont Kurama<\/em>, Balade cont\u00e9e, Festival Paroles de Conteurs, ao\u00fbt 2022<\/figcaption><\/figure>\n\n\n\n<div style=\"height:100px\" aria-hidden=\"true\" class=\"wp-block-spacer\"><\/div>\n\n\n<div class=\"wp-block-image\">\n<figure class=\"alignleft\"><a href=\"https:\/\/www.foiredenantes.fr\/system\/puzzle\/block\/type\/file_attachments\/2111\/attachments\/original_fin-dp-2017-bd.pdf\" target=\"_blank\" rel=\"Foire de Nantes noopener\"><img data-recalc-dims=\"1\" loading=\"lazy\" decoding=\"async\" width=\"920\" height=\"546\" data-attachment-id=\"434\" data-permalink=\"https:\/\/stephaneferrandezconteur.com\/?attachment_id=434\" data-orig-file=\"https:\/\/i0.wp.com\/stephaneferrandezconteur.com\/wp-content\/uploads\/2017\/03\/foire-2.jpg?fit=1037%2C616&amp;ssl=1\" data-orig-size=\"1037,616\" data-comments-opened=\"1\" data-image-meta=\"{&quot;aperture&quot;:&quot;0&quot;,&quot;credit&quot;:&quot;&quot;,&quot;camera&quot;:&quot;&quot;,&quot;caption&quot;:&quot;&quot;,&quot;created_timestamp&quot;:&quot;0&quot;,&quot;copyright&quot;:&quot;&quot;,&quot;focal_length&quot;:&quot;0&quot;,&quot;iso&quot;:&quot;0&quot;,&quot;shutter_speed&quot;:&quot;0&quot;,&quot;title&quot;:&quot;&quot;,&quot;orientation&quot;:&quot;0&quot;}\" data-image-title=\"foire 2\" data-image-description=\"\" data-image-caption=\"\" data-medium-file=\"https:\/\/i0.wp.com\/stephaneferrandezconteur.com\/wp-content\/uploads\/2017\/03\/foire-2.jpg?fit=300%2C178&amp;ssl=1\" data-large-file=\"https:\/\/i0.wp.com\/stephaneferrandezconteur.com\/wp-content\/uploads\/2017\/03\/foire-2.jpg?fit=920%2C546&amp;ssl=1\" src=\"https:\/\/i0.wp.com\/stephaneferrandezconteur.com\/wp-content\/uploads\/2017\/03\/foire-2.jpg?resize=920%2C546&#038;ssl=1\" alt=\"\" class=\"wp-image-434\" srcset=\"https:\/\/i0.wp.com\/stephaneferrandezconteur.com\/wp-content\/uploads\/2017\/03\/foire-2.jpg?resize=1024%2C608&amp;ssl=1 1024w, https:\/\/i0.wp.com\/stephaneferrandezconteur.com\/wp-content\/uploads\/2017\/03\/foire-2.jpg?resize=300%2C178&amp;ssl=1 300w, https:\/\/i0.wp.com\/stephaneferrandezconteur.com\/wp-content\/uploads\/2017\/03\/foire-2.jpg?resize=768%2C456&amp;ssl=1 768w, https:\/\/i0.wp.com\/stephaneferrandezconteur.com\/wp-content\/uploads\/2017\/03\/foire-2.jpg?w=1037&amp;ssl=1 1037w\" sizes=\"(max-width: 920px) 100vw, 920px\" \/><\/a><figcaption class=\"wp-element-caption\">FOIRE DE NANTES LE JAPON 2017<\/figcaption><\/figure><\/div>\n\n\n<div style=\"height:100px\" aria-hidden=\"true\" class=\"wp-block-spacer\"><\/div>\n\n\n\n<p><\/p>\n\n\n\n<figure class=\"wp-block-gallery alignwide has-nested-images columns-default is-cropped wp-block-gallery-1 is-layout-flex wp-block-gallery-is-layout-flex\">\n<figure class=\"wp-block-image size-large\"><img data-recalc-dims=\"1\" loading=\"lazy\" decoding=\"async\" width=\"920\" height=\"518\" data-attachment-id=\"3090\" data-permalink=\"https:\/\/stephaneferrandezconteur.com\/?attachment_id=3090\" data-orig-file=\"https:\/\/i0.wp.com\/stephaneferrandezconteur.com\/wp-content\/uploads\/2023\/08\/Design-sans-titre-1.png?fit=1640%2C924&amp;ssl=1\" data-orig-size=\"1640,924\" data-comments-opened=\"1\" data-image-meta=\"{&quot;aperture&quot;:&quot;0&quot;,&quot;credit&quot;:&quot;&quot;,&quot;camera&quot;:&quot;&quot;,&quot;caption&quot;:&quot;&quot;,&quot;created_timestamp&quot;:&quot;0&quot;,&quot;copyright&quot;:&quot;&quot;,&quot;focal_length&quot;:&quot;0&quot;,&quot;iso&quot;:&quot;0&quot;,&quot;shutter_speed&quot;:&quot;0&quot;,&quot;title&quot;:&quot;&quot;,&quot;orientation&quot;:&quot;0&quot;}\" data-image-title=\"Design-sans-titre-1\" data-image-description=\"\" data-image-caption=\"\" data-medium-file=\"https:\/\/i0.wp.com\/stephaneferrandezconteur.com\/wp-content\/uploads\/2023\/08\/Design-sans-titre-1.png?fit=300%2C169&amp;ssl=1\" data-large-file=\"https:\/\/i0.wp.com\/stephaneferrandezconteur.com\/wp-content\/uploads\/2023\/08\/Design-sans-titre-1.png?fit=920%2C518&amp;ssl=1\" data-id=\"3090\" src=\"https:\/\/i0.wp.com\/stephaneferrandezconteur.com\/wp-content\/uploads\/2023\/08\/Design-sans-titre-1.png?resize=920%2C518&#038;ssl=1\" alt=\"\" class=\"wp-image-3090\" srcset=\"https:\/\/i0.wp.com\/stephaneferrandezconteur.com\/wp-content\/uploads\/2023\/08\/Design-sans-titre-1.png?w=1640&amp;ssl=1 1640w, https:\/\/i0.wp.com\/stephaneferrandezconteur.com\/wp-content\/uploads\/2023\/08\/Design-sans-titre-1.png?resize=300%2C169&amp;ssl=1 300w, https:\/\/i0.wp.com\/stephaneferrandezconteur.com\/wp-content\/uploads\/2023\/08\/Design-sans-titre-1.png?resize=768%2C433&amp;ssl=1 768w, https:\/\/i0.wp.com\/stephaneferrandezconteur.com\/wp-content\/uploads\/2023\/08\/Design-sans-titre-1.png?resize=1536%2C865&amp;ssl=1 1536w\" sizes=\"(max-width: 920px) 100vw, 920px\" \/><\/figure>\n<\/figure>\n\n\n\n<p><a href=\"https:\/\/www.japoninfos.com\/du-rakugo-du-kamishibai-pour-les-scolaires.html\" title=\"\">Rakugo pour tout public et scolaires au Mus\u00e9e de l&rsquo;Orangerie avril-juin 2017<\/a><\/p>\n\n\n\n<div style=\"height:100px\" aria-hidden=\"true\" class=\"wp-block-spacer\"><\/div>\n\n\n\n<figure class=\"wp-block-image\"><a href=\"http:\/\/www.rakugo.fr\/%C3%A9v%C3%A9nementiel\/\"><img data-recalc-dims=\"1\" loading=\"lazy\" decoding=\"async\" width=\"920\" height=\"651\" data-attachment-id=\"443\" data-permalink=\"https:\/\/stephaneferrandezconteur.com\/?attachment_id=443\" data-orig-file=\"https:\/\/i0.wp.com\/stephaneferrandezconteur.com\/wp-content\/uploads\/2017\/06\/NUIT-DU-CONTE.jpg?fit=1072%2C759&amp;ssl=1\" data-orig-size=\"1072,759\" data-comments-opened=\"1\" data-image-meta=\"{&quot;aperture&quot;:&quot;0&quot;,&quot;credit&quot;:&quot;&quot;,&quot;camera&quot;:&quot;&quot;,&quot;caption&quot;:&quot;&quot;,&quot;created_timestamp&quot;:&quot;0&quot;,&quot;copyright&quot;:&quot;&quot;,&quot;focal_length&quot;:&quot;0&quot;,&quot;iso&quot;:&quot;0&quot;,&quot;shutter_speed&quot;:&quot;0&quot;,&quot;title&quot;:&quot;&quot;,&quot;orientation&quot;:&quot;0&quot;}\" data-image-title=\"NUIT DU CONTE\" data-image-description=\"\" data-image-caption=\"\" data-medium-file=\"https:\/\/i0.wp.com\/stephaneferrandezconteur.com\/wp-content\/uploads\/2017\/06\/NUIT-DU-CONTE.jpg?fit=300%2C212&amp;ssl=1\" data-large-file=\"https:\/\/i0.wp.com\/stephaneferrandezconteur.com\/wp-content\/uploads\/2017\/06\/NUIT-DU-CONTE.jpg?fit=920%2C651&amp;ssl=1\" src=\"https:\/\/i0.wp.com\/stephaneferrandezconteur.com\/wp-content\/uploads\/2017\/06\/NUIT-DU-CONTE.jpg?resize=920%2C651&#038;ssl=1\" alt=\"\" class=\"wp-image-443\" srcset=\"https:\/\/i0.wp.com\/stephaneferrandezconteur.com\/wp-content\/uploads\/2017\/06\/NUIT-DU-CONTE.jpg?resize=1024%2C725&amp;ssl=1 1024w, https:\/\/i0.wp.com\/stephaneferrandezconteur.com\/wp-content\/uploads\/2017\/06\/NUIT-DU-CONTE.jpg?resize=300%2C212&amp;ssl=1 300w, https:\/\/i0.wp.com\/stephaneferrandezconteur.com\/wp-content\/uploads\/2017\/06\/NUIT-DU-CONTE.jpg?resize=768%2C544&amp;ssl=1 768w, https:\/\/i0.wp.com\/stephaneferrandezconteur.com\/wp-content\/uploads\/2017\/06\/NUIT-DU-CONTE.jpg?w=1072&amp;ssl=1 1072w\" sizes=\"(max-width: 920px) 100vw, 920px\" \/><\/a><figcaption class=\"wp-element-caption\">Nuit du Contes Japonais Carte Blanche \u00e0 la Cie Balabolka &#8211; 22 mai 2015 &#8211; GRASSE<\/figcaption><\/figure>\n","protected":false},"excerpt":{"rendered":"<p>Organiser une balade cont\u00e9e, mettre en lumi\u00e8re une th\u00e9matique particuli\u00e8re, r\u00e9aliser un collectage, rendre \u00e0 la sc\u00e8ne une histoire de vie, une animation sur mesure pour un \u00e9v\u00e9nement exceptionnel :<\/p>\n<p class=\"more-link\"><a href=\"https:\/\/stephaneferrandezconteur.com\/?page_id=442\" class=\"readmore\">Continue reading<svg class=\"icon icon-arrow-right\" aria-hidden=\"true\" role=\"img\"> <use href=\"#icon-arrow-right\" xlink:href=\"#icon-arrow-right\"><\/use> <\/svg><span class=\"screen-reader-text\">\u00c9V\u00c9NEMENTIEL, une id\u00e9e folle, un projet ?<\/span><\/a><\/p>\n","protected":false},"author":1,"featured_media":0,"parent":0,"menu_order":0,"comment_status":"closed","ping_status":"closed","template":"","meta":{"_eb_attr":"","_monsterinsights_skip_tracking":false,"_monsterinsights_sitenote_active":false,"_monsterinsights_sitenote_note":"","_monsterinsights_sitenote_category":0,"jetpack_post_was_ever_published":false,"footnotes":""},"aioseo_notices":[],"jetpack_sharing_enabled":true,"jetpack_shortlink":"https:\/\/wp.me\/P94LVL-78","jetpack-related-posts":[],"jetpack_likes_enabled":true,"_links":{"self":[{"href":"https:\/\/stephaneferrandezconteur.com\/index.php?rest_route=\/wp\/v2\/pages\/442"}],"collection":[{"href":"https:\/\/stephaneferrandezconteur.com\/index.php?rest_route=\/wp\/v2\/pages"}],"about":[{"href":"https:\/\/stephaneferrandezconteur.com\/index.php?rest_route=\/wp\/v2\/types\/page"}],"author":[{"embeddable":true,"href":"https:\/\/stephaneferrandezconteur.com\/index.php?rest_route=\/wp\/v2\/users\/1"}],"replies":[{"embeddable":true,"href":"https:\/\/stephaneferrandezconteur.com\/index.php?rest_route=%2Fwp%2Fv2%2Fcomments&post=442"}],"version-history":[{"count":9,"href":"https:\/\/stephaneferrandezconteur.com\/index.php?rest_route=\/wp\/v2\/pages\/442\/revisions"}],"predecessor-version":[{"id":3117,"href":"https:\/\/stephaneferrandezconteur.com\/index.php?rest_route=\/wp\/v2\/pages\/442\/revisions\/3117"}],"wp:attachment":[{"href":"https:\/\/stephaneferrandezconteur.com\/index.php?rest_route=%2Fwp%2Fv2%2Fmedia&parent=442"}],"curies":[{"name":"wp","href":"https:\/\/api.w.org\/{rel}","templated":true}]}}