{"id":3861,"date":"2024-09-25T21:10:37","date_gmt":"2024-09-25T21:10:37","guid":{"rendered":"https:\/\/stephaneferrandezconteur.com\/?page_id=3861"},"modified":"2025-11-27T18:23:14","modified_gmt":"2025-11-27T18:23:14","slug":"pass-culture","status":"publish","type":"page","link":"https:\/\/stephaneferrandezconteur.com\/?page_id=3861","title":{"rendered":"PASS CULTURE"},"content":{"rendered":"\n<p><strong>Nos spectacles  sont d\u00e9sormais pr\u00e9sents sur le&nbsp;<a href=\"https:\/\/pass.culture.fr\/\" target=\"_blank\" rel=\"noreferrer noopener\">Pass Culture<\/a>,&nbsp;dispositif pour l\u2019acc\u00e8s \u00e0 la culture des jeunes entre 15 et 18 ans et aux \u00e9tablissements scolaires (coll\u00e8ges et lyc\u00e9es).<\/strong><\/p>\n\n\n\n<p><strong>Vous \u00eates responsable culture de votre \u00e9tablissement scolaire ?contactez-nous via la plateforme num\u00e9rique de l&rsquo;\u00e9ducation nationale&nbsp;&nbsp;<a href=\"https:\/\/eduscol.education.fr\/3004\/l-application-adage#AdageIntranetAcademiques\" target=\"_blank\" rel=\"noreferrer noopener\">ADAGE<\/a>&nbsp;ou via&nbsp;<a href=\"https:\/\/stephaneferrandezconteur.com\/?page_id=252\" title=\"\">le formulaire de contact.<\/a><\/strong><\/p>\n\n\n\n<figure class=\"wp-block-image size-full is-resized\"><img data-recalc-dims=\"1\" fetchpriority=\"high\" decoding=\"async\" width=\"920\" height=\"731\" data-attachment-id=\"3862\" data-permalink=\"https:\/\/stephaneferrandezconteur.com\/?attachment_id=3862\" data-orig-file=\"https:\/\/i0.wp.com\/stephaneferrandezconteur.com\/wp-content\/uploads\/2024\/09\/Offre-ADAGE-Contes-par-Stephane-Ferrandez.jpg?fit=1069%2C849&amp;ssl=1\" data-orig-size=\"1069,849\" data-comments-opened=\"1\" data-image-meta=\"{&quot;aperture&quot;:&quot;0&quot;,&quot;credit&quot;:&quot;&quot;,&quot;camera&quot;:&quot;&quot;,&quot;caption&quot;:&quot;&quot;,&quot;created_timestamp&quot;:&quot;0&quot;,&quot;copyright&quot;:&quot;&quot;,&quot;focal_length&quot;:&quot;0&quot;,&quot;iso&quot;:&quot;0&quot;,&quot;shutter_speed&quot;:&quot;0&quot;,&quot;title&quot;:&quot;&quot;,&quot;orientation&quot;:&quot;0&quot;}\" data-image-title=\"Offre-ADAGE-Contes-par-Stephane-Ferrandez\" data-image-description=\"\" data-image-caption=\"\" data-medium-file=\"https:\/\/i0.wp.com\/stephaneferrandezconteur.com\/wp-content\/uploads\/2024\/09\/Offre-ADAGE-Contes-par-Stephane-Ferrandez.jpg?fit=300%2C238&amp;ssl=1\" data-large-file=\"https:\/\/i0.wp.com\/stephaneferrandezconteur.com\/wp-content\/uploads\/2024\/09\/Offre-ADAGE-Contes-par-Stephane-Ferrandez.jpg?fit=920%2C731&amp;ssl=1\" src=\"https:\/\/i0.wp.com\/stephaneferrandezconteur.com\/wp-content\/uploads\/2024\/09\/Offre-ADAGE-Contes-par-Stephane-Ferrandez.jpg?resize=920%2C731&#038;ssl=1\" alt=\"\" class=\"wp-image-3862\" style=\"width:790px;height:auto\" srcset=\"https:\/\/i0.wp.com\/stephaneferrandezconteur.com\/wp-content\/uploads\/2024\/09\/Offre-ADAGE-Contes-par-Stephane-Ferrandez.jpg?w=1069&amp;ssl=1 1069w, https:\/\/i0.wp.com\/stephaneferrandezconteur.com\/wp-content\/uploads\/2024\/09\/Offre-ADAGE-Contes-par-Stephane-Ferrandez.jpg?resize=300%2C238&amp;ssl=1 300w, https:\/\/i0.wp.com\/stephaneferrandezconteur.com\/wp-content\/uploads\/2024\/09\/Offre-ADAGE-Contes-par-Stephane-Ferrandez.jpg?resize=768%2C610&amp;ssl=1 768w\" sizes=\"(max-width: 920px) 100vw, 920px\" \/><\/figure>\n\n\n\n<figure class=\"wp-block-image size-full is-resized\"><img data-recalc-dims=\"1\" decoding=\"async\" width=\"920\" height=\"681\" data-attachment-id=\"3863\" data-permalink=\"https:\/\/stephaneferrandezconteur.com\/?attachment_id=3863\" data-orig-file=\"https:\/\/i0.wp.com\/stephaneferrandezconteur.com\/wp-content\/uploads\/2024\/09\/Offre-ADAGE-Rakugo-par-Stephane-Ferrandez.jpg?fit=1123%2C831&amp;ssl=1\" data-orig-size=\"1123,831\" data-comments-opened=\"1\" data-image-meta=\"{&quot;aperture&quot;:&quot;0&quot;,&quot;credit&quot;:&quot;&quot;,&quot;camera&quot;:&quot;&quot;,&quot;caption&quot;:&quot;&quot;,&quot;created_timestamp&quot;:&quot;0&quot;,&quot;copyright&quot;:&quot;&quot;,&quot;focal_length&quot;:&quot;0&quot;,&quot;iso&quot;:&quot;0&quot;,&quot;shutter_speed&quot;:&quot;0&quot;,&quot;title&quot;:&quot;&quot;,&quot;orientation&quot;:&quot;1&quot;}\" data-image-title=\"Offre-ADAGE-Rakugo-par-Stephane-Ferrandez\" data-image-description=\"\" data-image-caption=\"\" data-medium-file=\"https:\/\/i0.wp.com\/stephaneferrandezconteur.com\/wp-content\/uploads\/2024\/09\/Offre-ADAGE-Rakugo-par-Stephane-Ferrandez.jpg?fit=300%2C222&amp;ssl=1\" data-large-file=\"https:\/\/i0.wp.com\/stephaneferrandezconteur.com\/wp-content\/uploads\/2024\/09\/Offre-ADAGE-Rakugo-par-Stephane-Ferrandez.jpg?fit=920%2C681&amp;ssl=1\" src=\"https:\/\/i0.wp.com\/stephaneferrandezconteur.com\/wp-content\/uploads\/2024\/09\/Offre-ADAGE-Rakugo-par-Stephane-Ferrandez.jpg?resize=920%2C681&#038;ssl=1\" alt=\"\" class=\"wp-image-3863\" style=\"width:809px;height:auto\" srcset=\"https:\/\/i0.wp.com\/stephaneferrandezconteur.com\/wp-content\/uploads\/2024\/09\/Offre-ADAGE-Rakugo-par-Stephane-Ferrandez.jpg?w=1123&amp;ssl=1 1123w, https:\/\/i0.wp.com\/stephaneferrandezconteur.com\/wp-content\/uploads\/2024\/09\/Offre-ADAGE-Rakugo-par-Stephane-Ferrandez.jpg?resize=300%2C222&amp;ssl=1 300w, https:\/\/i0.wp.com\/stephaneferrandezconteur.com\/wp-content\/uploads\/2024\/09\/Offre-ADAGE-Rakugo-par-Stephane-Ferrandez.jpg?resize=768%2C568&amp;ssl=1 768w, https:\/\/i0.wp.com\/stephaneferrandezconteur.com\/wp-content\/uploads\/2024\/09\/Offre-ADAGE-Rakugo-par-Stephane-Ferrandez.jpg?resize=124%2C93&amp;ssl=1 124w\" sizes=\"(max-width: 920px) 100vw, 920px\" \/><\/figure>\n\n\n\n<figure class=\"wp-block-image size-full\"><img data-recalc-dims=\"1\" decoding=\"async\" data-attachment-id=\"4194\" data-permalink=\"https:\/\/stephaneferrandezconteur.com\/?attachment_id=4194\" data-orig-file=\"https:\/\/i0.wp.com\/stephaneferrandezconteur.com\/wp-content\/uploads\/2025\/11\/sur-les-traces-ADAGE.webp?fit=1125%2C817&amp;ssl=1\" data-orig-size=\"1125,817\" data-comments-opened=\"1\" data-image-meta=\"{&quot;aperture&quot;:&quot;0&quot;,&quot;credit&quot;:&quot;&quot;,&quot;camera&quot;:&quot;&quot;,&quot;caption&quot;:&quot;&quot;,&quot;created_timestamp&quot;:&quot;0&quot;,&quot;copyright&quot;:&quot;&quot;,&quot;focal_length&quot;:&quot;0&quot;,&quot;iso&quot;:&quot;0&quot;,&quot;shutter_speed&quot;:&quot;0&quot;,&quot;title&quot;:&quot;&quot;,&quot;orientation&quot;:&quot;0&quot;}\" data-image-title=\"sur-les-traces-ADAGE\" data-image-description=\"\" data-image-caption=\"\" data-medium-file=\"https:\/\/i0.wp.com\/stephaneferrandezconteur.com\/wp-content\/uploads\/2025\/11\/sur-les-traces-ADAGE.webp?fit=300%2C218&amp;ssl=1\" data-large-file=\"https:\/\/i0.wp.com\/stephaneferrandezconteur.com\/wp-content\/uploads\/2025\/11\/sur-les-traces-ADAGE.webp?fit=920%2C668&amp;ssl=1\" src=\"https:\/\/i0.wp.com\/stephaneferrandezconteur.com\/wp-content\/uploads\/2025\/11\/sur-les-traces-ADAGE.jpg?w=920&#038;ssl=1\" alt=\"\" class=\"wp-image-4194\"\/><\/figure>\n\n\n\n<figure class=\"wp-block-image size-full\"><img data-recalc-dims=\"1\" decoding=\"async\" data-attachment-id=\"4195\" data-permalink=\"https:\/\/stephaneferrandezconteur.com\/?attachment_id=4195\" data-orig-file=\"https:\/\/i0.wp.com\/stephaneferrandezconteur.com\/wp-content\/uploads\/2025\/11\/Contez-comme-un-rakugoka-ADAGE.webp?fit=1125%2C931&amp;ssl=1\" data-orig-size=\"1125,931\" data-comments-opened=\"1\" data-image-meta=\"{&quot;aperture&quot;:&quot;0&quot;,&quot;credit&quot;:&quot;&quot;,&quot;camera&quot;:&quot;&quot;,&quot;caption&quot;:&quot;&quot;,&quot;created_timestamp&quot;:&quot;0&quot;,&quot;copyright&quot;:&quot;&quot;,&quot;focal_length&quot;:&quot;0&quot;,&quot;iso&quot;:&quot;0&quot;,&quot;shutter_speed&quot;:&quot;0&quot;,&quot;title&quot;:&quot;&quot;,&quot;orientation&quot;:&quot;1&quot;}\" data-image-title=\"Contez-comme-un-rakugoka-ADAGE\" data-image-description=\"\" data-image-caption=\"\" data-medium-file=\"https:\/\/i0.wp.com\/stephaneferrandezconteur.com\/wp-content\/uploads\/2025\/11\/Contez-comme-un-rakugoka-ADAGE.webp?fit=300%2C248&amp;ssl=1\" data-large-file=\"https:\/\/i0.wp.com\/stephaneferrandezconteur.com\/wp-content\/uploads\/2025\/11\/Contez-comme-un-rakugoka-ADAGE.webp?fit=920%2C761&amp;ssl=1\" src=\"https:\/\/i0.wp.com\/stephaneferrandezconteur.com\/wp-content\/uploads\/2025\/11\/Contez-comme-un-rakugoka-ADAGE.jpg?w=920&#038;ssl=1\" alt=\"\" class=\"wp-image-4195\"\/><\/figure>\n","protected":false},"excerpt":{"rendered":"<p>Nos spectacles sont d\u00e9sormais pr\u00e9sents sur le&nbsp;Pass Culture,&nbsp;dispositif pour l\u2019acc\u00e8s \u00e0 la culture des jeunes entre 15 et 18 ans et aux \u00e9tablissements scolaires (coll\u00e8ges et lyc\u00e9es). Vous \u00eates responsable<\/p>\n<p class=\"more-link\"><a href=\"https:\/\/stephaneferrandezconteur.com\/?page_id=3861\" class=\"readmore\">Continue reading<svg class=\"icon icon-arrow-right\" aria-hidden=\"true\" role=\"img\"> <use href=\"#icon-arrow-right\" xlink:href=\"#icon-arrow-right\"><\/use> <\/svg><span class=\"screen-reader-text\">PASS CULTURE<\/span><\/a><\/p>\n","protected":false},"author":1,"featured_media":0,"parent":0,"menu_order":0,"comment_status":"closed","ping_status":"closed","template":"","meta":{"_eb_attr":"","_monsterinsights_skip_tracking":false,"_monsterinsights_sitenote_active":false,"_monsterinsights_sitenote_note":"","_monsterinsights_sitenote_category":0,"jetpack_post_was_ever_published":false,"footnotes":""},"aioseo_notices":[],"jetpack_sharing_enabled":true,"jetpack_shortlink":"https:\/\/wp.me\/P94LVL-10h","jetpack-related-posts":[],"jetpack_likes_enabled":true,"_links":{"self":[{"href":"https:\/\/stephaneferrandezconteur.com\/index.php?rest_route=\/wp\/v2\/pages\/3861"}],"collection":[{"href":"https:\/\/stephaneferrandezconteur.com\/index.php?rest_route=\/wp\/v2\/pages"}],"about":[{"href":"https:\/\/stephaneferrandezconteur.com\/index.php?rest_route=\/wp\/v2\/types\/page"}],"author":[{"embeddable":true,"href":"https:\/\/stephaneferrandezconteur.com\/index.php?rest_route=\/wp\/v2\/users\/1"}],"replies":[{"embeddable":true,"href":"https:\/\/stephaneferrandezconteur.com\/index.php?rest_route=%2Fwp%2Fv2%2Fcomments&post=3861"}],"version-history":[{"count":2,"href":"https:\/\/stephaneferrandezconteur.com\/index.php?rest_route=\/wp\/v2\/pages\/3861\/revisions"}],"predecessor-version":[{"id":4196,"href":"https:\/\/stephaneferrandezconteur.com\/index.php?rest_route=\/wp\/v2\/pages\/3861\/revisions\/4196"}],"wp:attachment":[{"href":"https:\/\/stephaneferrandezconteur.com\/index.php?rest_route=%2Fwp%2Fv2%2Fmedia&parent=3861"}],"curies":[{"name":"wp","href":"https:\/\/api.w.org\/{rel}","templated":true}]}}