{"id":334,"date":"2017-07-16T10:59:19","date_gmt":"2017-07-16T10:59:19","guid":{"rendered":"http:\/\/stephaneferrandezconteur.com\/?page_id=334"},"modified":"2024-07-23T19:43:30","modified_gmt":"2024-07-23T19:43:30","slug":"ils-nous-ont-fait-confiance","status":"publish","type":"page","link":"https:\/\/stephaneferrandezconteur.com\/?page_id=334","title":{"rendered":"Ils nous ont fait confiance"},"content":{"rendered":"<h3 id=\"Residences-et-Festivals\" style=\"text-align: left;\">R\u00c9SIDENCES\u00a0<\/h3>\n<p>R\u00e9sidence : <strong>Auditorium de Chaponost<\/strong>, 2019<\/p>\n<p>R\u00e9sidence<strong> : Maison de la Culture du Japon \u00e0 Paris<\/strong>,\u00a0 janvier &#8211; f\u00e9vrier 2018<\/p>\n<p>R\u00e9sidence\u00a0: <strong>Mus\u00e9e de l&rsquo;Orangerie,<\/strong>\u00a02017, Paris<\/p>\n<p>R\u00e9sidence\u00a0: <strong>Th\u00e9\u00e2tre du Gymnase,<\/strong> 2014-2015, Paris<\/p>\n<p>R\u00e9sidence<strong> : Maison de la Culture du Japon \u00e0 Paris<\/strong>, 2012, 2018<\/p>\n<p>R\u00e9sidence\u00a0: Laur\u00e9at <strong>VILLA KUJOYAMA<\/strong> 2009, Kyoto, Japon<\/p>\n<p>\u00a0<\/p>\n<h3><strong>\u00a0FESTIVALS:<\/strong><\/h3>\n<p><a href=\"https:\/\/www.calameo.com\/books\/004190376962a6fc23175\"><strong><em>Saison Japonaise,<\/em> 2023, Consulat du Japon de Lyon et Maison de l&rsquo;International, Grenoble<\/strong><\/a><\/p>\n<p><strong><a href=\"https:\/\/www.saintjeandeluz.fr\/fr\/programmefesticontes\/\"><em>FESTI-CONTES<\/em>, les 10 ans, 2023, Saint-Jean-de-Luz<\/a><\/strong><\/p>\n<p><strong><a href=\"http:\" target=\"_blank\" rel=\"noopener\">Les <em>Saisons musicales de Seneffe,<\/em> \u00e9t\u00e9 2023<\/a><\/strong><\/p>\n<p><strong><a href=\"https:\/\/www.bagneux92.fr\/agenda\/1499-spectacle-rakugo\/2023-03-12-16-00\" target=\"_blank\" rel=\"noopener\">Festival <em>Dr\u00f4le de Vall\u00e9e <\/em>2023, M\u00e9diath\u00e8que Louis Aragon, Bagneux<\/a><\/strong><\/p>\n<p><a href=\"https:\/\/www.calameo.com\/montreuil\/read\/0005558112323d6623382\" target=\"_blank\" rel=\"noopener\"><strong>Festival <em>Contes en stock<\/em> 2023, Montreuil<\/strong><\/a><\/p>\n<p><strong><a href=\"http:\" target=\"_blank\" rel=\"noopener\">Festival <em>Alors&#8230; Raconte<\/em> 2023 !<\/a><\/strong><\/p>\n<p><strong><a href=\"https:\/\/www.pennes-mirabeau.org\/index.php\/sortir\/153-rakugo27oct\" target=\"_blank\" rel=\"noopener\"><em>Ja&rsquo;pennes Festival<\/em> 2022, Id\u00e9eth\u00e8que, Les Pennes-Mirabeau<\/a><\/strong><\/p>\n<p><strong><a href=\"https:\/\/www.festival-artonov.eu\/fr\/evenement\/dans-lombre-les-yokai-0\" target=\"_blank\" rel=\"noopener\">Festival\u00a0<em>Artonov<\/em>\u00a02022, Bruxelles, Belgique<\/a><\/strong><\/p>\n<p><strong><a href=\"https:\/\/www.paroles-conteurs.org\/\" target=\"_blank\" rel=\"noopener\">Festiva<em>l Paroles de conteurs<\/em>, 2022, Vassivi\u00e8re<\/a><\/strong><\/p>\n<p><a href=\"http:\/\/contesbaden.com\/\"><strong><em>Festival de conte de Baden,<\/em> \u00e9t\u00e9 2022,<\/strong>Baden,\u00a0Le Bono, St Nolff.<\/a><\/p>\n<p><a href=\"http:\/\/bd.correze.fr\/coquelicontes.aspx?_lg=fr-FR\" target=\"_blank\" rel=\"noopener\"><strong>Festival itin\u00e9rant <em>Coqueliconte<\/em>s, 2022<\/strong><\/a><\/p>\n<p>CHATELUS-LE-MARCHEIX (23430),\u00a0CHENERAILLES (23130),\u00a0AUZANCES (23700), St-VICTOR EN MARCHE (23248), BRIVE-LA-GAILLARDE (19100)<\/p>\n<p><a href=\"https:\/\/fr.calameo.com\/read\/0000238963280b9c9e6f0\" target=\"_blank\" rel=\"noopener\"><strong>Festival Contes &amp; l\u00e9gendes de Marcq-en Baroel, 2022<\/strong><\/a><\/p>\n<p><a href=\"https:\/\/www.paroles-conteurs.org\/journee-professionnelle-2021\/\" target=\"_blank\" rel=\"noopener\"><strong>Festival\u00a0<em>Paroles de conteurs<\/em>\u00a0&#8211; Journ\u00e9e professionnelle , 2021<\/strong><\/a><\/p>\n<p><strong><a href=\"https:\/\/spectaclesetcontes.org\/\" target=\"_blank\" rel=\"noopener\">Festival\u00a0<em>Contes \u00e0 Saurat<\/em>,\u00a02021<\/a><\/strong><\/p>\n<p><strong><a href=\"http:\/\/festivalducontedesaurat.org\/reservations\/\" target=\"_blank\" rel=\"noopener noreferrer\">\u00ab\u00a0J&rsquo;irai conter chez vous\u00a0\u00bb Festival num\u00e9rique par Contes \u00e0 Saurat, 2020<\/a><\/strong><\/p>\n<p><strong><a href=\"https:\/\/youtu.be\/GGx9Pn5XJIM\" target=\"_blank\" rel=\"noopener noreferrer\">Nuit des Mus\u00e9es Num\u00e9riques, Mus\u00e9e de l&rsquo;Archerie et du Valois, novembre 2020<\/a><\/strong><\/p>\n<p><a href=\"http:\/\/www.shiosai.org\/photos-de-souvenirs\/\" target=\"_blank\" rel=\"noopener noreferrer\"><strong>20 ans du Festival du Cin\u00e9ma Japonais &#8211; assoc. Shiosai, La Rochelle, 2020<\/strong><\/a><\/p>\n<p><strong><a href=\"https:\/\/www.rom-game.fr\/agenda\/3895-Festival+Destination+Manga+2019.html\">Destination Manga 2019<\/a><\/strong>, Roissy-pays-de-France<\/p>\n<p><a href=\"http:\/\/mediatheques.valenceromansagglo.fr\/userfiles\/media\/ProgrammeLaCourDesContes2019.pdf\"><strong>La Cour des Contes 2019<\/strong><\/a>, Valence<\/p>\n<p><strong>Jap&rsquo;In Tarn 2018<\/strong>, Mazamet, Tarn<\/p>\n<p><strong>Histoires d&rsquo;Images 2018<\/strong>, Pays de Mauriac<\/p>\n<p><b>9eme Festival Contes d&rsquo;\u00e9t\u00e9 en plein air 2017<\/b>, Charenton-Le-Pont<\/p>\n<p><a href=\"https:\/\/www.midilibre.fr\/2017\/04\/19\/montpellier-du-plaisir-a-bons-contes,1494775.php,\"><b>Festival <em>les Belles Histoire<\/em><\/b><em>s<\/em>, <b>2017 &amp; 2018 et 2022,<\/b>Montpellier<\/a><\/p>\n<p><b>Japan Sun Festival, 2016 &amp; 2017<\/b>, Montpellier<\/p>\n<p><b>8eme Festival Le temps des Contes 2016<\/b>, Grasse.<\/p>\n<p><b>Festival C\u2019est Sud, Nuit du conte japonais<\/b>, 2015, Aix-en -Provence,<\/p>\n<p><b>Japan Tours Festiva<\/b>l, <b>2014 &amp; 2015<\/b>, Tours<\/p>\n<p><a href=\"https:\/\/www.japan-touch.com\/lyon\/rakugo-conte-traditionnel-japonais\/\"><b>Japan Touch<\/b>,<b> 2015 &amp; 2023,<\/b>\u00a0Lyon.<\/a><\/p>\n<p><b>Tous un Conte, 2015<\/b>, Landreville, Aube.<\/p>\n<p><b>Festival Croc\u2019 en contes 2014<\/b><\/p>\n<p><b>Festival du Conte en Val d\u2019Oise 2014<\/b><\/p>\n<p><b>Festival Contes d\u2019automne Val d\u2019Oise 2014<\/b><\/p>\n<p><b>Festival OFF Avignon 2014<\/b><\/p>\n<p><b>Festival Bertin Poir\u00e9e 2011&amp; 2012,<\/b> ESBP, Tenri, Paris<\/p>\n<p><b>Festival Off d\u2019Avignon 2011<\/b> Th\u00e9\u00e2tre Garage International<\/p>\n<p><b>Japan Expo 2011, 2012, 2013 &amp; 2015<\/b>, Parc des expositions de Villepinte<\/p>\n<p><b>Veill\u00e9es au coin du feu de La RocheCourbon 2011<\/b><\/p>\n<p><b>Nuit des mus\u00e9es 2011, Mus\u00e9e Albert Khan<\/b><\/p>\n<p><b>Conteur des 4 saisons<\/b> Conteur de l\u2019Automne <b>2010<\/b>, Reims<\/p>\n<p><b>Festival Mots Divers 2010<\/b>, Morsang sur Orge<\/p>\n<p><b>Festival Histoires de dire 2010<\/b>, th\u00e9ranga, Paris<\/p>\n<p><b>Festival BrasiLyon 2<\/b>, 2009, Lyon<\/p>\n<p><b>Festival Les Bons Contes 2008 &amp; 2014 <\/b>, la Frette sur Seine<\/p>\n<p><b>4\u00e8me Printemps des Contes et Conteurs,<\/b> Mars 2006, Drancy<\/p>\n<p><b>Conteur des 4 saisons<\/b> : Conteur de l\u2019hiver 2006 , Reims<\/p>\n<p><b>Au fil des mots<\/b> 2006, Aytr\u00e9<\/p>\n<p><b>De mon jardin \u00e0 la lune, 2005, <\/b>Tr\u00e9laz\u00e9, 49<\/p>\n<p><b>Semaine contre le Racisme,2004, <\/b>Challans<\/p>\n<p>\u00a0<\/p>\n<h3 id=\"International\">INTERNATIONAL<\/h3>\n<p><strong><a href=\"https:\/\/www.otakuthon.com\/2022\/guests\/\" target=\"_blank\" rel=\"noopener\">Otakuthon 2022, Montr\u00e9al, Canada<\/a><\/strong><\/p>\n<p>\u00a0<a href=\"http:\/\/www.ville-ge.ch\/meg\/agenda.php?event=1226\" rel=\"external\"><strong>MEG<\/strong> Mus\u00e9e d\u2019Ethnographie de Gen\u00e8ve, (expo le Japonisme), d\u00e9cembre 2015, Suisse<\/a><\/p>\n<p>\u00a0<strong>Institut Fran\u00e7ais<\/strong>, 2012, 2013, 2014, 2015<strong>,<\/strong> Tokyo et r\u00e9seau fran\u00e7ais, Japon\u00a0<\/p>\n<p><strong>\u00a0Institut Franco-Japonais,<\/strong> 2009, Kyoto, Japon\u00a0<\/p>\n<p><strong>\u00a0Mimi-Party, Villa Kujoyama,<\/strong> 2009, 2017, Kyoto, Japon<\/p>\n<p>\u00a0<strong>Alliance Fran\u00e7aise, 2009<\/strong>, Osaka, Japon<\/p>\n<p>\u00a0<strong>The Miho-Poject2009<\/strong>, restaurant-galerie, 2009, Kyoto<\/p>\n<p>\u00a0<\/p>\n<h3 id=\"Organismes\">\u00a0Mus\u00e9es &amp; Centres\u00a0 Culturels :<\/h3>\n<p><strong><a href=\"https:\/\/www.facebook.com\/letempsdescerisesissy\" target=\"_blank\" rel=\"noopener\">Le Temps des Cerises &#8211; Issy-les-Moulineaux, 2023\u00a0<\/a><\/strong><\/p>\n<p><strong><a href=\"https:\/\/lecompa.fr\/japon-des-rizieres-aux-sushis\/\" target=\"_blank\" rel=\"noopener\">Le COMPA, Le Mus\u00e9e de l&rsquo;agriculture, 2022, Chartres\u00a0<\/a><\/strong><\/p>\n<p><strong><a href=\"https:\/\/philharmoniedeparis.fr\/fr\/activite\/concert-promenade-au-musee\/19506-dans-la-foret-de-hokkaido\">Cit\u00e9 de la Musique, Philarmonie de Paris, 2019 &amp; 2023<\/a><\/strong><\/p>\n<p><strong><a href=\"http:\/\/www.mcjp.fr\/fr\/agenda\/spectacles\/lile-aux-libellules\">Maison de la Culture du\u00a0 Japon \u00e0 Paris (MCJP), 2012, 2016, 2018, 2021,2022, Paris<\/a><\/strong><\/p>\n<p>Mus\u00e9e de l&rsquo;Archerie et du Valois, 2020<\/p>\n<p><a href=\"http:\/\/www.museedesconfluences.fr\/fr\/evenements\/contes-japonais-traditionnels\"><strong>Mus\u00e9e des Confluences, Lyon, 2019<\/strong><\/a><\/p>\n<p><a href=\"https:\/\/philharmoniedeparis.fr\/fr\/activite\/concert-promenade-au-musee\/19506-dans-la-foret-de-hokkaido\"><strong>Cit\u00e9 de la Musique, Philarmonie de Paris, 2019, 2023<\/strong><\/a><\/p>\n<p><a href=\"http:\/\/www.mcjp.fr\/fr\/agenda\/spectacles\/lile-aux-libellules\"><strong>Maison de la Culture du\u00a0 Japon \u00e0 Paris (MCJP), 2012, 2016, 2018<\/strong><\/a><\/p>\n<p><b>Maison Ravier, 2<\/b>017, Morestel<\/p>\n<p><strong>Espace Culturel BERTIN POIR\u00c9, Tenri<\/strong>, 2010, 2012, Paris, 2010<\/p>\n<p>\u00a0<\/p>\n<h3 id=\"Organismes\">M\u00e9diath\u00e8ques &amp; Organismes :\u00a0<\/h3>\n<p>M\u00e9diath\u00e8que Andr\u00e9e Ch\u00e9did, 2023, La Seyne sur Mer<\/p>\n<p><strong>Centre Anim&rsquo; Paris Mado Robin<\/strong>,2023, Paris 17<\/p>\n<p id=\":rhn:\"><a style=\"color: #000000;\" tabindex=\"0\" role=\"link\" href=\"https:\/\/www.facebook.com\/bib2strasbourg?__cft__[0]=AZXZ3V0_Mml3uoT34Mkb13Vn-cYNSJuX5ufxp3BF5pVN1oE1m0fH5Qh27cv_CQ2M94aYNA6qn0hUM-y06RdPuXzdG91uQh-jHD3Pz5wTwmGye2khX3jpmmA0ARpccqdUxDkwNEeuxgCtGfaOYGUV6BmlXodbNVN6ixobi3H5t6-RCi_q_LUrtIvOaXPM-2PvKbg&amp;__tn__=-UC%2CP-R\"><strong>M\u00e9diath\u00e8ques de<\/strong> <strong>Strasbourg Eurom\u00e9tropole, <\/strong>Elsau et Ouest &#8211; Gis\u00e8le Halim, 2023<\/a><\/p>\n<p><strong>M\u00e9diath\u00e8que Robert Desnos<\/strong>, Montreuil, 2023<\/p>\n<p><strong>M\u00e9diath\u00e8que Paul \u00c9luard<\/strong>, Montreuil, 2023<\/p>\n<p><strong>Les m\u00e9diath\u00e8ques du\u00a0<\/strong><b>Blanc-Mesnil<\/b>, 2023<\/p>\n<p><strong>Biblioth\u00e8que Aim\u00e9 C\u00e9saire,<\/strong> Montmorency, 2023<\/p>\n<p><strong>M\u00e9diath\u00e8que de Creil,<\/strong> 2022<\/p>\n<p><strong>INALCO, Association Dejima,<\/strong> <em>journ\u00e9e Japon<\/em> 2022 &amp; 2023<\/p>\n<p><strong>M\u00e9diath\u00e8que Saint Exup\u00e9ry, Neuilly\/Marne, <\/strong>2021 &amp; 2022<\/p>\n<p><strong>\u00c9coles \u00e9l\u00e9mentaires de la communaut\u00e9 de commune de Carnelle Pays de France<\/strong>, 2020-2021, 95<\/p>\n<p><strong>Biblioth\u00e8que de Viroflay, La Malle aux histoires,<\/strong> 2021, 78<\/p>\n<p><strong>Biblioth\u00e8que, Le THILLAY, <\/strong>2019, 95<\/p>\n<p><strong>Biblioth\u00e8que d&rsquo;Ecouen,<\/strong> 2019, 95<\/p>\n<p><strong>Biblioth\u00e8que Intercommunale Jean Sterlin<\/strong>, Vaires-sur-Marnes, 2016<\/p>\n<p><strong>M\u00e9diath\u00e8que Armel de Wismes<\/strong>, Pornic, 2015<\/p>\n<p><strong>M\u00e9diath\u00e8ques du 95,<\/strong> 2014<\/p>\n<p><strong>M\u00e9diath\u00e8que de Pornic 2014<\/strong><\/p>\n<p><strong>Biblioth\u00e8que Buffon<\/strong>, Paris, 2014<\/p>\n<p><strong>Coll\u00e8ge Jen Villar 2012 \u00e0 2014\u00a0: \u00ab\u00a0enfants conteurs\u00a0\u00bb <\/strong> accompagnement coaching<\/p>\n<p><strong>MEDIATH\u00c8QUE Jacques Brel <\/strong> 2011,Magny-les-Hameaux<\/p>\n<p><strong>BIBLIOTH\u00c8QUE Jules Verne,<\/strong> 2011, Houilles<\/p>\n<p><strong>La Maizon<\/strong>, Paris<\/p>\n<p><strong>MEDIATH\u00c8QUE Georges Brassens<\/strong>, 2009-2010, Drancy<\/p>\n<p><strong>Association DIDOP,<\/strong> 2009, Rambouillet<\/p>\n<p><strong>LA GRANDE R\u00c9CR\u00c9E,<\/strong> ludendo village, 2009-2010, Val d\u2019Europe<\/p>\n<p><strong>CE RATP \u00e9t\u00e9 2006, 2007 &amp; 2008<\/strong>, Marne-la-vall\u00e9e<\/p>\n<p><strong>LIRE EN F\u00caTE 2006<\/strong> \u00e0 la Pharmacie, Paris 11\u00b0<\/p>\n<p><strong>BIBLIOTH\u00c8QUES de la ville de Reims <\/strong><\/p>\n<p><strong>MEDIATH\u00c8QUE Jacques Bre<\/strong>l, Magny-les-Hameaux<\/p>\n<p><strong>L\u2019APPART,<\/strong> Foyer jeune travailleur, Gennevilliers<\/p>\n<p><strong>M\u00c9DIATH\u00c8QUE DE MARCOUSSIS <\/strong><\/p>\n<p><strong>Biblioth\u00e8ques et \u00e9coles<\/strong> de Drancy<\/p>\n<p><strong>L\u2019Escargot d\u2019Or, restaurant<\/strong>, Paris<\/p>\n<p><strong>LE THERANGA &#8211; Baiffal Dream<\/strong> salon de th\u00e9 &#8211; Stylisme, Paris<\/p>\n<p><strong>Ze Repaire, Salon de th\u00e9<\/strong>, Paris<\/p>\n<p><strong>L\u2019Office de Tourisme de Moret sur Loing <\/strong><\/p>\n<p><strong>L\u2019association LOISIR &amp; NATURE <\/strong> , Paris 15\u00b0<\/p>\n<p><strong>L\u2019association MUSIQUE ET VARIATIONS <\/strong><\/p>\n<p><strong>Comit\u00e9 Des F\u00eates de Fontainebleau<\/strong><\/p>\n<p><strong>Semaine contre le racisme, M\u00c9DIATH\u00c8QUE de Challans<\/strong><\/p>\n<p><strong>MJC Noisiel<\/strong><\/p>\n<p>Conter nos diff\u00e9rences, <strong>LES Z\u2019ALLUM\u00c9S<\/strong>, Paris<\/p>\n<p><strong>LIRE EN F\u00caTE 2005<\/strong>, \u00e0 la Pharmacie, Paris<\/p>\n<p><strong>COLL\u00c8GE de l\u2019Immacul\u00e9 Conception<\/strong>, M\u00e9ru<\/p>\n<p><strong>CE APAX,<\/strong> Paris 8\u00b0 &#8211; <strong>BIBLIOTH\u00c8QUE Van Damme<\/strong>, Paris 15\u00b0<\/p>\n<p><strong>BIBLIOTH\u00c8QUE Lucie Aubrac<\/strong><\/p>\n<p><strong>M\u00c9DIATH\u00c8QUE Th\u00e9odore Monod<\/strong><\/p>\n<p><strong>Services Jeunesse de la mairie de Lisses<\/strong><\/p>\n<p><strong>Stand Arm\u00e9nie, EUREXPO Lyon,<\/strong><\/p>\n<p><strong>L\u2019association BATEAU BR\u00c9SIL<\/strong> , Lyon<\/p>\n<p><strong>Le restaurant cabaret LES UNS &amp; LES AUTRES<\/strong>, Paris 12\u00b0<\/p>\n<p><strong>La soir\u00e9e PARIS PANAME<\/strong> \u00e0 l\u2019espace J\u2019aime la Culture , Paris<\/p>\n<p>\u00a0<\/p>\n<h3>INTERVENTIONS EN MILIEU HOSPITALIER<\/h3>\n<p><strong>H\u00f4pital Necker-Enfants malades, 2023<\/strong><\/p>\n<p><strong>Villa d\u2019Epidaure, \u00a0Garche, 2005<\/strong><strong>\u00a0\u00a0<\/strong><\/p>\n<p><strong>H\u00f4pital des Charpennes, Villeurbanne, 1995-1997<\/strong><\/p>\n<p>\u00a0<\/p>\n<h3>\u00c9V\u00c9NEMENTIEL :\u00a0<\/h3>\n<p><strong><a href=\"https:\/\/www.twitch.tv\/videos\/1947600391?t=02h06m23s\">L&rsquo;Olympia : Soir\u00e9e Rakugo Akane Banashi avec Ki-oon \u00e9ditions<\/a><\/strong><\/p>\n<p><strong>PERROTIN KIDS, Exposition Izumo KATO, juin 2023<\/strong><\/p>\n<p><strong><a href=\"https:\/\/cestbonlejapon.com\/fr\/\" target=\"_blank\" rel=\"noopener\">Festival c&rsquo;est bon le Japon 2023\u00a0<\/a><\/strong><\/p>\n<p><a href=\"https:\/\/lesediteursassocies.com\/webshop\/festival\/edition-2022\" target=\"_blank\" rel=\"noopener\"><strong><em>Festival Raccords<\/em>, lecture Spectacle\u00a0<em>Rakugo &amp; Tonkatsu<\/em><\/strong><\/a>\u00a0en compagnie de la traductrice et auteure V\u00e9ronique Brindeau, Couvent des R\u00e9collets, Juillet 2022<\/p>\n<p><strong>Lecture Spectacle Kamishibai \u00ab\u00a0un printemps \u00e0 Namie\u00a0\u00bb,\u00a0<\/strong><strong><a href=\"https:\/\/www.asuka-association.org\/\"> Association ASUKA,<\/a> Avril 2019, Nanterre &amp; Espace Bertin Poir\u00e9e, Octobre 2019<\/strong><\/p>\n<p><a href=\"https:\/\/docs.google.com\/presentation\/d\/e\/2PACX-1vQ5jd46enFsMZdi4vGKFBw3mGeqZfyWTZT_lxc6SXi20V-7uIWAiTa8Mm1B5g5ySe7YKyTcJ7oBAuB-\/pub?start=true&amp;loop=true&amp;delayms=3000&amp;slide=id.gc6f972163_0_0\" target=\"_blank\" rel=\"noopener noreferrer\"><strong>Conte sur mesure<em> La grue reconnaissante<\/em>, pr\u00e9sentation de la gamme Tsuru, chez Rituals, octobre 2019 Paris<\/strong><\/a><\/p>\n<p><a href=\"https:\/\/lpe-jardin.org\/evenements\/portes-ouvertessamedi-22-et-dimanche-23-septembre-14h-18h\/\"><strong>Japonisme 2018, La Petite Escal\u00e8re<\/strong>, Bayonne<\/a><\/p>\n<p><a href=\"http:\/\/www.jtbglobalbusinessfrance.com\/\"><strong>JTB PARIS<\/strong><\/a><\/p>\n<p><strong><a href=\"http:\/\/www.quotidiendutourisme.com\/destination\/le-japon-poursuit-la-promotion-de-son-offre-mice-en-france\/167064\">Soir\u00e9e MICE events, f\u00e9vrier 2018<\/a><\/strong><\/p>\n<p><strong><a href=\"http:\/\/www.quotidiendutourisme.com\/destination\/japon-nara-se-donne-a-voir-et-a-boire-a-paris\/85131\">\u00c9v\u00e9nement \u00ab\u00a0Nara, sp\u00e9cialit\u00e9s et saveurs \u00ab\u00a0, mars 2015<\/a><\/strong><\/p>\n<p><a href=\"https:\/\/docs.google.com\/presentation\/d\/1fqWi2qCrE7-qMIvChrQU9yvXGl-2tF_iPy0Hnhbf-EA\/edit?usp=sharing\"><strong>Japan Expo <\/strong><\/a><strong>Awards<\/strong>, Villepinte, 2012<\/p>\n<p><strong>Le Centre de Formation SUZANNE MASSON, <\/strong><em>Collectage et Spectacle d\u2019apr\u00e8s les histoires de vie des membres du Centre,\u00a02010, Paris\u00a0<\/em><\/p>\n<p><strong>DOREL FRANCE et SC Conseil,<\/strong> Paris, 2003<\/p>\n<p>\u00a0<\/p>\n<h3>FORMATEUR<\/h3>\n<p><a href=\"http:\/\/www.inalco.fr\/sites\/default\/files\/asset\/document\/prg_dejima_2023.pdf\"><strong>INALCO, Conf\u00e9rences, d\u00e9monstrations et initiations, 2019, 2022 &amp; 2023<\/strong><\/a><\/p>\n<p><strong>Maison de la Culture du Japon \u00e0 Paris, Initiation au Rakugo, 2021 et 2022, 2023<\/strong><\/p>\n<p><a href=\"https:\/\/www.helloasso.com\/associations\/festival-du-conte-de-baden-passeurs-d-histoires\/evenements\/stage-stephane-ferrandez-1\" target=\"_blank\" rel=\"noopener\"><strong>Stage D\u00e9butants, I<em>ntiation au Conte<\/em>,\u00a0<em>Festival du Conte de Baden<\/em>, 18 &amp; 19 juillet 2022<\/strong><\/a><\/p>\n<p><strong>AFAR,<\/strong> <strong>2013 &#8211; 2019, Paris<\/strong><\/p>\n<p><strong>Coll\u00e8ge Jean Villar 2012 \u00e0 2014 :\u00a0 \u00ab\u00a0enfants conteurs\u00a0\u00bb\u00a0accompagnement coaching<\/strong><\/p>\n<p><strong>Maison de la Culture du Japon \u00e0 Paris, 2012<\/strong><\/p>\n<p><strong>Atelier Conte Cie Balabolka<\/strong>, <strong>2007-2009<\/strong>, <strong>Montreuil\u00a0<\/strong><\/p>\n<p>\u00a0<\/p>\n<h3 id=\"TV\">TV<\/h3>\n<p><strong>Cultissimo<\/strong>, France TV, 2019<\/p>\n<p>\u00a0<strong>Sekai Banzuke, NTV <\/strong> Japon, 2014<\/p>\n<p><strong>\u4e16\u754c\u767a!\u30b3\u30ed\u30f3\u30d6\u30b9\u306e\u53f0\u6240, Du monde! La cuisine de Christophe Colomb<\/strong>, Paris, Japon, 2013<\/p>\n<p>\u00a0<a href=\"https:\/\/youtu.be\/Vy4fLf3ZHJE\" rel=\"external\"><strong>Que Faites vous au Japon, NHK Japon<\/strong>, Juillet 2012<\/a><\/p>\n<p>\u00a0<strong>El Mundo,<\/strong> interview japan expo, <strong>NHK Japon<\/strong>, juillet 2011<\/p>\n<p><a href=\"https:\/\/youtu.be\/ACyP5G5D7AE\">\u00a0<strong>PYD Prod,<\/strong> interview Festival Off d\u2019Avignon 2011<\/a><\/p>\n<p>\u00a0<strong>Kansai TV<\/strong> , Fnn News Anchor, 19 Novembre 2010, Kyoto<\/p>\n<p>\u00a0<strong>Kansai TV <\/strong> , Fnn News Anchor, 04 janvier 2010, Kyoto<\/p>\n<p>\u00a0<strong>Canalcoquelicot, <\/strong>Conte de no\u00ebl 2007, Snegourotchka, TNT<\/p>\n<p>\u00a0<strong>OCTOPUCES,<\/strong> (\u00e9mission jeunesse), Direct8, TNT<\/p>\n<p>\u00a0Reportage sur <strong>TEL IF, Canalsat et TNT<\/strong><\/p>\n<p>\u00a0<\/p>\n<p>\u00a0<\/p>\n","protected":false},"excerpt":{"rendered":"<p>R\u00c9SIDENCES\u00a0 R\u00e9sidence : Auditorium de Chaponost, 2019 R\u00e9sidence : Maison de la Culture du Japon \u00e0 Paris,\u00a0 janvier &#8211; f\u00e9vrier 2018 R\u00e9sidence\u00a0: Mus\u00e9e de l&rsquo;Orangerie,\u00a02017, Paris R\u00e9sidence\u00a0: Th\u00e9\u00e2tre du Gymnase,<\/p>\n<p class=\"more-link\"><a href=\"https:\/\/stephaneferrandezconteur.com\/?page_id=334\" class=\"readmore\">Continue reading<svg class=\"icon icon-arrow-right\" aria-hidden=\"true\" role=\"img\"> <use href=\"#icon-arrow-right\" xlink:href=\"#icon-arrow-right\"><\/use> <\/svg><span class=\"screen-reader-text\">Ils nous ont fait confiance<\/span><\/a><\/p>\n","protected":false},"author":1,"featured_media":0,"parent":27,"menu_order":0,"comment_status":"closed","ping_status":"closed","template":"","meta":{"_eb_attr":"","_monsterinsights_skip_tracking":false,"_monsterinsights_sitenote_active":false,"_monsterinsights_sitenote_note":"","_monsterinsights_sitenote_category":0,"jetpack_post_was_ever_published":false,"footnotes":""},"aioseo_notices":[],"jetpack_sharing_enabled":true,"jetpack_shortlink":"https:\/\/wp.me\/P94LVL-5o","jetpack-related-posts":[],"jetpack_likes_enabled":true,"_links":{"self":[{"href":"https:\/\/stephaneferrandezconteur.com\/index.php?rest_route=\/wp\/v2\/pages\/334"}],"collection":[{"href":"https:\/\/stephaneferrandezconteur.com\/index.php?rest_route=\/wp\/v2\/pages"}],"about":[{"href":"https:\/\/stephaneferrandezconteur.com\/index.php?rest_route=\/wp\/v2\/types\/page"}],"author":[{"embeddable":true,"href":"https:\/\/stephaneferrandezconteur.com\/index.php?rest_route=\/wp\/v2\/users\/1"}],"replies":[{"embeddable":true,"href":"https:\/\/stephaneferrandezconteur.com\/index.php?rest_route=%2Fwp%2Fv2%2Fcomments&post=334"}],"version-history":[{"count":27,"href":"https:\/\/stephaneferrandezconteur.com\/index.php?rest_route=\/wp\/v2\/pages\/334\/revisions"}],"predecessor-version":[{"id":3699,"href":"https:\/\/stephaneferrandezconteur.com\/index.php?rest_route=\/wp\/v2\/pages\/334\/revisions\/3699"}],"up":[{"embeddable":true,"href":"https:\/\/stephaneferrandezconteur.com\/index.php?rest_route=\/wp\/v2\/pages\/27"}],"wp:attachment":[{"href":"https:\/\/stephaneferrandezconteur.com\/index.php?rest_route=%2Fwp%2Fv2%2Fmedia&parent=334"}],"curies":[{"name":"wp","href":"https:\/\/api.w.org\/{rel}","templated":true}]}}