{"id":292,"date":"2016-11-04T13:43:19","date_gmt":"2016-11-04T13:43:19","guid":{"rendered":"http:\/\/stephaneferrandezconteur.com\/?page_id=292"},"modified":"2024-08-21T20:01:41","modified_gmt":"2024-08-21T20:01:41","slug":"rakugo","status":"publish","type":"page","link":"https:\/\/stephaneferrandezconteur.com\/?page_id=292","title":{"rendered":"D\u00e9couvrez le Rakugo \u00e0 travers nos vid\u00e9os"},"content":{"rendered":"\n<figure class=\"wp-block-embed is-type-video is-provider-youtube wp-block-embed-youtube wp-embed-aspect-4-3 wp-has-aspect-ratio\"><div class=\"wp-block-embed__wrapper\">\n<iframe title=\"Les tutos de la MCJP : rakugo\" width=\"920\" height=\"690\" src=\"https:\/\/www.youtube.com\/embed\/SOpuIoaqYrc?feature=oembed\" frameborder=\"0\" allow=\"accelerometer; autoplay; clipboard-write; encrypted-media; gyroscope; picture-in-picture; web-share\" referrerpolicy=\"strict-origin-when-cross-origin\" allowfullscreen><\/iframe>\n<\/div><figcaption class=\"wp-element-caption\">                            <a href=\"https:\/\/www.youtube.com\/channel\/UC6tThdaeY951YFJC_UDwRRQ\" target=\"_blank\" rel=\"noreferrer noopener\">D\u00e9couvrez notre derni\u00e8re participation au Podcast de Maison de la culture du Japon \u00e0 Paris<\/a><br>                                                                   <a href=\"https:\/\/www.youtube.com\/hashtag\/lestutosdelamcjp\">#LesTutosdelaMCJP<\/a><a href=\"https:\/\/www.youtube.com\/hashtag\/rakugo\" target=\"_blank\" rel=\"noreferrer noopener sponsored\">     #Rakugo<\/a><br>St\u00e9phane Ferrandez place notre premier tuto de 2022 sous le signe du rire en nous faisant d\u00e9couvrir &#8211; en joignant habilement le geste \u00e0 la parole &#8211; le rakugo, un art de la sc\u00e8ne japonais n\u00e9 il y a 400 ans. Une installation sc\u00e9nique minimaliste, quelques accessoires, un exceptionnel jeu de mimiques suffisent au conteur, invariablement assis, pour vous embarquer dans des univers imaginaires vari\u00e9s, marqu\u00e9s par l&rsquo;humour et un art de la chute fantastique.<\/figcaption><\/figure>\n\n\n\n<div style=\"height:100px\" aria-hidden=\"true\" class=\"wp-block-spacer\"><\/div>\n\n\n\n<figure class=\"wp-block-embed is-type-video is-provider-youtube wp-block-embed-youtube wp-embed-aspect-16-9 wp-has-aspect-ratio\"><div class=\"wp-block-embed__wrapper\">\n<iframe title=\"Rakugo \u843d\u8a9e\" width=\"920\" height=\"518\" src=\"https:\/\/www.youtube.com\/embed\/sMQeIhmBq-E?feature=oembed\" frameborder=\"0\" allow=\"accelerometer; autoplay; clipboard-write; encrypted-media; gyroscope; picture-in-picture; web-share\" referrerpolicy=\"strict-origin-when-cross-origin\" allowfullscreen><\/iframe>\n<\/div><figcaption class=\"wp-element-caption\">                                                                                   Lacour Digital            <\/figcaption><\/figure>\n\n\n\n<div style=\"height:100px\" aria-hidden=\"true\" class=\"wp-block-spacer\"><\/div>\n\n\n\n<figure class=\"wp-block-embed is-type-video is-provider-youtube wp-block-embed-youtube wp-embed-aspect-16-9 wp-has-aspect-ratio\"><div class=\"wp-block-embed__wrapper\">\n<iframe title=\"Reportage &quot;Histoires tomb\u00e9es d&#039;un \u00e9ventail&quot;\" width=\"920\" height=\"518\" src=\"https:\/\/www.youtube.com\/embed\/ACyP5G5D7AE?feature=oembed\" frameborder=\"0\" allow=\"accelerometer; autoplay; clipboard-write; encrypted-media; gyroscope; picture-in-picture; web-share\" referrerpolicy=\"strict-origin-when-cross-origin\" allowfullscreen><\/iframe>\n<\/div><figcaption class=\"wp-element-caption\">                                                                          Festival Off  d&rsquo;Avignon 2011<\/figcaption><\/figure>\n\n\n\n<div style=\"height:100px\" aria-hidden=\"true\" class=\"wp-block-spacer\"><\/div>\n\n\n\n<div class=\"wp-block-cover is-light\"><span aria-hidden=\"true\" class=\"wp-block-cover__background has-background-dim\"><\/span><img data-recalc-dims=\"1\" fetchpriority=\"high\" decoding=\"async\" width=\"920\" height=\"614\" data-attachment-id=\"1658\" data-permalink=\"https:\/\/stephaneferrandezconteur.com\/?attachment_id=1658\" data-orig-file=\"https:\/\/i0.wp.com\/stephaneferrandezconteur.com\/wp-content\/uploads\/2020\/06\/RAKUGO.jpg?fit=1024%2C683&amp;ssl=1\" data-orig-size=\"1024,683\" data-comments-opened=\"1\" data-image-meta=\"{&quot;aperture&quot;:&quot;0&quot;,&quot;credit&quot;:&quot;&quot;,&quot;camera&quot;:&quot;&quot;,&quot;caption&quot;:&quot;&quot;,&quot;created_timestamp&quot;:&quot;0&quot;,&quot;copyright&quot;:&quot;&quot;,&quot;focal_length&quot;:&quot;0&quot;,&quot;iso&quot;:&quot;0&quot;,&quot;shutter_speed&quot;:&quot;0&quot;,&quot;title&quot;:&quot;&quot;,&quot;orientation&quot;:&quot;0&quot;}\" data-image-title=\"RAKUGO\" data-image-description=\"\" data-image-caption=\"\" data-medium-file=\"https:\/\/i0.wp.com\/stephaneferrandezconteur.com\/wp-content\/uploads\/2020\/06\/RAKUGO.jpg?fit=300%2C200&amp;ssl=1\" data-large-file=\"https:\/\/i0.wp.com\/stephaneferrandezconteur.com\/wp-content\/uploads\/2020\/06\/RAKUGO.jpg?fit=920%2C614&amp;ssl=1\" class=\"wp-block-cover__image-background wp-image-1658\" alt=\"\" src=\"https:\/\/i0.wp.com\/stephaneferrandezconteur.com\/wp-content\/uploads\/2020\/06\/RAKUGO.jpg?resize=920%2C614&#038;ssl=1\" data-object-fit=\"cover\" srcset=\"https:\/\/i0.wp.com\/stephaneferrandezconteur.com\/wp-content\/uploads\/2020\/06\/RAKUGO.jpg?w=1024&amp;ssl=1 1024w, https:\/\/i0.wp.com\/stephaneferrandezconteur.com\/wp-content\/uploads\/2020\/06\/RAKUGO.jpg?resize=300%2C200&amp;ssl=1 300w, https:\/\/i0.wp.com\/stephaneferrandezconteur.com\/wp-content\/uploads\/2020\/06\/RAKUGO.jpg?resize=768%2C512&amp;ssl=1 768w\" sizes=\"(max-width: 920px) 100vw, 920px\" \/><div class=\"wp-block-cover__inner-container is-layout-flow wp-block-cover-is-layout-flow\">\n<p class=\"has-text-align-center has-white-color has-text-color has-link-color has-large-font-size wp-elements-4027d44e0534b9e42b3bd29c658b6e7d\">Pour allez plus loin visitez<\/p>\n\n\n\n<p class=\"has-text-align-center has-white-color has-text-color has-link-color has-large-font-size wp-elements-393e79aa2fd3cc5df1fda5a1f341f912\"><strong><a href=\"http:\/\/www.rakugo.fr\" target=\"_blank\" rel=\"noreferrer noopener\" title=\" Rakugo France\"> Rakugo France<\/a><\/strong><\/p>\n<\/div><\/div>\n","protected":false},"excerpt":{"rendered":"","protected":false},"author":1,"featured_media":1238,"parent":0,"menu_order":0,"comment_status":"closed","ping_status":"closed","template":"","meta":{"_eb_attr":"","_monsterinsights_skip_tracking":false,"_monsterinsights_sitenote_active":false,"_monsterinsights_sitenote_note":"","_monsterinsights_sitenote_category":0,"jetpack_post_was_ever_published":false,"footnotes":""},"aioseo_notices":[],"jetpack_sharing_enabled":true,"jetpack_shortlink":"https:\/\/wp.me\/P94LVL-4I","jetpack-related-posts":[],"jetpack_likes_enabled":true,"_links":{"self":[{"href":"https:\/\/stephaneferrandezconteur.com\/index.php?rest_route=\/wp\/v2\/pages\/292"}],"collection":[{"href":"https:\/\/stephaneferrandezconteur.com\/index.php?rest_route=\/wp\/v2\/pages"}],"about":[{"href":"https:\/\/stephaneferrandezconteur.com\/index.php?rest_route=\/wp\/v2\/types\/page"}],"author":[{"embeddable":true,"href":"https:\/\/stephaneferrandezconteur.com\/index.php?rest_route=\/wp\/v2\/users\/1"}],"replies":[{"embeddable":true,"href":"https:\/\/stephaneferrandezconteur.com\/index.php?rest_route=%2Fwp%2Fv2%2Fcomments&post=292"}],"version-history":[{"count":7,"href":"https:\/\/stephaneferrandezconteur.com\/index.php?rest_route=\/wp\/v2\/pages\/292\/revisions"}],"predecessor-version":[{"id":3770,"href":"https:\/\/stephaneferrandezconteur.com\/index.php?rest_route=\/wp\/v2\/pages\/292\/revisions\/3770"}],"wp:featuredmedia":[{"embeddable":true,"href":"https:\/\/stephaneferrandezconteur.com\/index.php?rest_route=\/wp\/v2\/media\/1238"}],"wp:attachment":[{"href":"https:\/\/stephaneferrandezconteur.com\/index.php?rest_route=%2Fwp%2Fv2%2Fmedia&parent=292"}],"curies":[{"name":"wp","href":"https:\/\/api.w.org\/{rel}","templated":true}]}}