{"id":2893,"date":"2023-03-30T10:12:39","date_gmt":"2023-03-30T10:12:39","guid":{"rendered":"http:\/\/stephaneferrandezconteur.com\/?page_id=2893"},"modified":"2023-03-30T10:12:41","modified_gmt":"2023-03-30T10:12:41","slug":"otakuthon-2022","status":"publish","type":"page","link":"https:\/\/stephaneferrandezconteur.com\/?page_id=2893","title":{"rendered":"Otakuthon 2022"},"content":{"rendered":"\n<p>Merci \u00e0 toute l&rsquo;\u00e9quipe de cette incroyable convention japonaise qui a accueilli 29,409 visiteurs cette ann\u00e9e \u00e0 Montr\u00e9al !<\/p>\n\n\n\n<figure class=\"wp-block-gallery has-nested-images columns-default is-cropped wp-block-gallery-1 is-layout-flex wp-block-gallery-is-layout-flex\">\n<figure class=\"wp-block-image size-large\"><img data-recalc-dims=\"1\" fetchpriority=\"high\" decoding=\"async\" width=\"920\" height=\"613\" data-attachment-id=\"2494\" data-permalink=\"https:\/\/stephaneferrandezconteur.com\/?attachment_id=2494\" data-orig-file=\"https:\/\/i0.wp.com\/stephaneferrandezconteur.com\/wp-content\/uploads\/2022\/08\/Le-public-du-6-septembre-se-rassemble-Otakuthon-2022.jpg?fit=1484%2C989&amp;ssl=1\" data-orig-size=\"1484,989\" data-comments-opened=\"1\" data-image-meta=\"{&quot;aperture&quot;:&quot;0&quot;,&quot;credit&quot;:&quot;&quot;,&quot;camera&quot;:&quot;&quot;,&quot;caption&quot;:&quot;&quot;,&quot;created_timestamp&quot;:&quot;1659955361&quot;,&quot;copyright&quot;:&quot;&quot;,&quot;focal_length&quot;:&quot;0&quot;,&quot;iso&quot;:&quot;0&quot;,&quot;shutter_speed&quot;:&quot;0&quot;,&quot;title&quot;:&quot;&quot;,&quot;orientation&quot;:&quot;1&quot;}\" data-image-title=\"Le-public-du-6-septembre-se-rassemble-Otakuthon-2022\" data-image-description=\"\" data-image-caption=\"\" data-medium-file=\"https:\/\/i0.wp.com\/stephaneferrandezconteur.com\/wp-content\/uploads\/2022\/08\/Le-public-du-6-septembre-se-rassemble-Otakuthon-2022.jpg?fit=300%2C200&amp;ssl=1\" data-large-file=\"https:\/\/i0.wp.com\/stephaneferrandezconteur.com\/wp-content\/uploads\/2022\/08\/Le-public-du-6-septembre-se-rassemble-Otakuthon-2022.jpg?fit=920%2C613&amp;ssl=1\" data-id=\"2494\" src=\"https:\/\/i0.wp.com\/stephaneferrandezconteur.com\/wp-content\/uploads\/2022\/08\/Le-public-du-6-septembre-se-rassemble-Otakuthon-2022.jpg?resize=920%2C613&#038;ssl=1\" alt=\"\" class=\"wp-image-2494\" srcset=\"https:\/\/i0.wp.com\/stephaneferrandezconteur.com\/wp-content\/uploads\/2022\/08\/Le-public-du-6-septembre-se-rassemble-Otakuthon-2022.jpg?resize=1024%2C682&amp;ssl=1 1024w, https:\/\/i0.wp.com\/stephaneferrandezconteur.com\/wp-content\/uploads\/2022\/08\/Le-public-du-6-septembre-se-rassemble-Otakuthon-2022.jpg?resize=300%2C200&amp;ssl=1 300w, https:\/\/i0.wp.com\/stephaneferrandezconteur.com\/wp-content\/uploads\/2022\/08\/Le-public-du-6-septembre-se-rassemble-Otakuthon-2022.jpg?resize=768%2C512&amp;ssl=1 768w, https:\/\/i0.wp.com\/stephaneferrandezconteur.com\/wp-content\/uploads\/2022\/08\/Le-public-du-6-septembre-se-rassemble-Otakuthon-2022.jpg?w=1484&amp;ssl=1 1484w\" sizes=\"(max-width: 920px) 100vw, 920px\" \/><\/figure>\n\n\n\n<figure class=\"wp-block-image size-large\"><img data-recalc-dims=\"1\" decoding=\"async\" width=\"920\" height=\"614\" data-attachment-id=\"2543\" data-permalink=\"https:\/\/stephaneferrandezconteur.com\/?attachment_id=2543\" data-orig-file=\"https:\/\/i0.wp.com\/stephaneferrandezconteur.com\/wp-content\/uploads\/2022\/09\/CBLShutter2022-1.jpg?fit=2048%2C1365&amp;ssl=1\" data-orig-size=\"2048,1365\" data-comments-opened=\"1\" data-image-meta=\"{&quot;aperture&quot;:&quot;0&quot;,&quot;credit&quot;:&quot;&quot;,&quot;camera&quot;:&quot;&quot;,&quot;caption&quot;:&quot;&quot;,&quot;created_timestamp&quot;:&quot;0&quot;,&quot;copyright&quot;:&quot;CBL Shutter&quot;,&quot;focal_length&quot;:&quot;0&quot;,&quot;iso&quot;:&quot;0&quot;,&quot;shutter_speed&quot;:&quot;0&quot;,&quot;title&quot;:&quot;&quot;,&quot;orientation&quot;:&quot;0&quot;}\" data-image-title=\"CBLShutter2022-1\" data-image-description=\"\" data-image-caption=\"\" data-medium-file=\"https:\/\/i0.wp.com\/stephaneferrandezconteur.com\/wp-content\/uploads\/2022\/09\/CBLShutter2022-1.jpg?fit=300%2C200&amp;ssl=1\" data-large-file=\"https:\/\/i0.wp.com\/stephaneferrandezconteur.com\/wp-content\/uploads\/2022\/09\/CBLShutter2022-1.jpg?fit=920%2C614&amp;ssl=1\" data-id=\"2543\" src=\"https:\/\/i0.wp.com\/stephaneferrandezconteur.com\/wp-content\/uploads\/2022\/09\/CBLShutter2022-1.jpg?resize=920%2C614&#038;ssl=1\" alt=\"\" class=\"wp-image-2543\" srcset=\"https:\/\/i0.wp.com\/stephaneferrandezconteur.com\/wp-content\/uploads\/2022\/09\/CBLShutter2022-1.jpg?resize=1024%2C683&amp;ssl=1 1024w, https:\/\/i0.wp.com\/stephaneferrandezconteur.com\/wp-content\/uploads\/2022\/09\/CBLShutter2022-1.jpg?resize=300%2C200&amp;ssl=1 300w, https:\/\/i0.wp.com\/stephaneferrandezconteur.com\/wp-content\/uploads\/2022\/09\/CBLShutter2022-1.jpg?resize=768%2C512&amp;ssl=1 768w, https:\/\/i0.wp.com\/stephaneferrandezconteur.com\/wp-content\/uploads\/2022\/09\/CBLShutter2022-1.jpg?resize=1536%2C1024&amp;ssl=1 1536w, https:\/\/i0.wp.com\/stephaneferrandezconteur.com\/wp-content\/uploads\/2022\/09\/CBLShutter2022-1.jpg?w=2048&amp;ssl=1 2048w, https:\/\/i0.wp.com\/stephaneferrandezconteur.com\/wp-content\/uploads\/2022\/09\/CBLShutter2022-1.jpg?w=1840&amp;ssl=1 1840w\" sizes=\"(max-width: 920px) 100vw, 920px\" \/><\/figure>\n\n\n\n<figure class=\"wp-block-image size-large\"><img data-recalc-dims=\"1\" decoding=\"async\" width=\"920\" height=\"414\" data-attachment-id=\"2497\" data-permalink=\"https:\/\/stephaneferrandezconteur.com\/?attachment_id=2497\" data-orig-file=\"https:\/\/i0.wp.com\/stephaneferrandezconteur.com\/wp-content\/uploads\/2022\/08\/297777969_10227645536833421_8036679898949328517_n.jpg?fit=1422%2C640&amp;ssl=1\" data-orig-size=\"1422,640\" data-comments-opened=\"1\" data-image-meta=\"{&quot;aperture&quot;:&quot;0&quot;,&quot;credit&quot;:&quot;&quot;,&quot;camera&quot;:&quot;&quot;,&quot;caption&quot;:&quot;&quot;,&quot;created_timestamp&quot;:&quot;0&quot;,&quot;copyright&quot;:&quot;&quot;,&quot;focal_length&quot;:&quot;0&quot;,&quot;iso&quot;:&quot;0&quot;,&quot;shutter_speed&quot;:&quot;0&quot;,&quot;title&quot;:&quot;&quot;,&quot;orientation&quot;:&quot;0&quot;}\" data-image-title=\"297777969_10227645536833421_8036679898949328517_n\" data-image-description=\"\" data-image-caption=\"\" data-medium-file=\"https:\/\/i0.wp.com\/stephaneferrandezconteur.com\/wp-content\/uploads\/2022\/08\/297777969_10227645536833421_8036679898949328517_n.jpg?fit=300%2C135&amp;ssl=1\" data-large-file=\"https:\/\/i0.wp.com\/stephaneferrandezconteur.com\/wp-content\/uploads\/2022\/08\/297777969_10227645536833421_8036679898949328517_n.jpg?fit=920%2C414&amp;ssl=1\" data-id=\"2497\" src=\"https:\/\/i0.wp.com\/stephaneferrandezconteur.com\/wp-content\/uploads\/2022\/08\/297777969_10227645536833421_8036679898949328517_n.jpg?resize=920%2C414&#038;ssl=1\" alt=\"\" class=\"wp-image-2497\" srcset=\"https:\/\/i0.wp.com\/stephaneferrandezconteur.com\/wp-content\/uploads\/2022\/08\/297777969_10227645536833421_8036679898949328517_n.jpg?resize=1024%2C461&amp;ssl=1 1024w, https:\/\/i0.wp.com\/stephaneferrandezconteur.com\/wp-content\/uploads\/2022\/08\/297777969_10227645536833421_8036679898949328517_n.jpg?resize=300%2C135&amp;ssl=1 300w, https:\/\/i0.wp.com\/stephaneferrandezconteur.com\/wp-content\/uploads\/2022\/08\/297777969_10227645536833421_8036679898949328517_n.jpg?resize=768%2C346&amp;ssl=1 768w, https:\/\/i0.wp.com\/stephaneferrandezconteur.com\/wp-content\/uploads\/2022\/08\/297777969_10227645536833421_8036679898949328517_n.jpg?w=1422&amp;ssl=1 1422w\" sizes=\"(max-width: 920px) 100vw, 920px\" \/><\/figure>\n\n\n\n<figure class=\"wp-block-image size-large\"><img data-recalc-dims=\"1\" loading=\"lazy\" decoding=\"async\" width=\"920\" height=\"690\" data-attachment-id=\"2501\" data-permalink=\"https:\/\/stephaneferrandezconteur.com\/?attachment_id=2501\" data-orig-file=\"https:\/\/i0.wp.com\/stephaneferrandezconteur.com\/wp-content\/uploads\/2022\/08\/les-preparatifs-Otakuthon-2022-6-septembre-1.jpg?fit=1251%2C938&amp;ssl=1\" data-orig-size=\"1251,938\" data-comments-opened=\"1\" data-image-meta=\"{&quot;aperture&quot;:&quot;0&quot;,&quot;credit&quot;:&quot;&quot;,&quot;camera&quot;:&quot;&quot;,&quot;caption&quot;:&quot;&quot;,&quot;created_timestamp&quot;:&quot;1659955428&quot;,&quot;copyright&quot;:&quot;&quot;,&quot;focal_length&quot;:&quot;0&quot;,&quot;iso&quot;:&quot;0&quot;,&quot;shutter_speed&quot;:&quot;0&quot;,&quot;title&quot;:&quot;&quot;,&quot;orientation&quot;:&quot;1&quot;}\" data-image-title=\"les-preparatifs-Otakuthon-2022-6-septembre-1\" data-image-description=\"\" data-image-caption=\"\" data-medium-file=\"https:\/\/i0.wp.com\/stephaneferrandezconteur.com\/wp-content\/uploads\/2022\/08\/les-preparatifs-Otakuthon-2022-6-septembre-1.jpg?fit=300%2C225&amp;ssl=1\" data-large-file=\"https:\/\/i0.wp.com\/stephaneferrandezconteur.com\/wp-content\/uploads\/2022\/08\/les-preparatifs-Otakuthon-2022-6-septembre-1.jpg?fit=920%2C690&amp;ssl=1\" data-id=\"2501\" src=\"https:\/\/i0.wp.com\/stephaneferrandezconteur.com\/wp-content\/uploads\/2022\/08\/les-preparatifs-Otakuthon-2022-6-septembre-1.jpg?resize=920%2C690&#038;ssl=1\" alt=\"\" class=\"wp-image-2501\" srcset=\"https:\/\/i0.wp.com\/stephaneferrandezconteur.com\/wp-content\/uploads\/2022\/08\/les-preparatifs-Otakuthon-2022-6-septembre-1.jpg?resize=1024%2C768&amp;ssl=1 1024w, https:\/\/i0.wp.com\/stephaneferrandezconteur.com\/wp-content\/uploads\/2022\/08\/les-preparatifs-Otakuthon-2022-6-septembre-1.jpg?resize=300%2C225&amp;ssl=1 300w, https:\/\/i0.wp.com\/stephaneferrandezconteur.com\/wp-content\/uploads\/2022\/08\/les-preparatifs-Otakuthon-2022-6-septembre-1.jpg?resize=768%2C576&amp;ssl=1 768w, https:\/\/i0.wp.com\/stephaneferrandezconteur.com\/wp-content\/uploads\/2022\/08\/les-preparatifs-Otakuthon-2022-6-septembre-1.jpg?w=1251&amp;ssl=1 1251w\" sizes=\"(max-width: 920px) 100vw, 920px\" \/><\/figure>\n\n\n\n<figure class=\"wp-block-image size-large\"><img data-recalc-dims=\"1\" loading=\"lazy\" decoding=\"async\" width=\"920\" height=\"414\" data-attachment-id=\"2499\" data-permalink=\"https:\/\/stephaneferrandezconteur.com\/?attachment_id=2499\" data-orig-file=\"https:\/\/i0.wp.com\/stephaneferrandezconteur.com\/wp-content\/uploads\/2022\/08\/298270093_10227653459471482_9193964882381589233_n.jpg?fit=1422%2C640&amp;ssl=1\" data-orig-size=\"1422,640\" data-comments-opened=\"1\" data-image-meta=\"{&quot;aperture&quot;:&quot;0&quot;,&quot;credit&quot;:&quot;&quot;,&quot;camera&quot;:&quot;&quot;,&quot;caption&quot;:&quot;&quot;,&quot;created_timestamp&quot;:&quot;0&quot;,&quot;copyright&quot;:&quot;&quot;,&quot;focal_length&quot;:&quot;0&quot;,&quot;iso&quot;:&quot;0&quot;,&quot;shutter_speed&quot;:&quot;0&quot;,&quot;title&quot;:&quot;&quot;,&quot;orientation&quot;:&quot;0&quot;}\" data-image-title=\"298270093_10227653459471482_9193964882381589233_n\" data-image-description=\"\" data-image-caption=\"\" data-medium-file=\"https:\/\/i0.wp.com\/stephaneferrandezconteur.com\/wp-content\/uploads\/2022\/08\/298270093_10227653459471482_9193964882381589233_n.jpg?fit=300%2C135&amp;ssl=1\" data-large-file=\"https:\/\/i0.wp.com\/stephaneferrandezconteur.com\/wp-content\/uploads\/2022\/08\/298270093_10227653459471482_9193964882381589233_n.jpg?fit=920%2C414&amp;ssl=1\" data-id=\"2499\" src=\"https:\/\/i0.wp.com\/stephaneferrandezconteur.com\/wp-content\/uploads\/2022\/08\/298270093_10227653459471482_9193964882381589233_n.jpg?resize=920%2C414&#038;ssl=1\" alt=\"\" class=\"wp-image-2499\" srcset=\"https:\/\/i0.wp.com\/stephaneferrandezconteur.com\/wp-content\/uploads\/2022\/08\/298270093_10227653459471482_9193964882381589233_n.jpg?resize=1024%2C461&amp;ssl=1 1024w, https:\/\/i0.wp.com\/stephaneferrandezconteur.com\/wp-content\/uploads\/2022\/08\/298270093_10227653459471482_9193964882381589233_n.jpg?resize=300%2C135&amp;ssl=1 300w, https:\/\/i0.wp.com\/stephaneferrandezconteur.com\/wp-content\/uploads\/2022\/08\/298270093_10227653459471482_9193964882381589233_n.jpg?resize=768%2C346&amp;ssl=1 768w, https:\/\/i0.wp.com\/stephaneferrandezconteur.com\/wp-content\/uploads\/2022\/08\/298270093_10227653459471482_9193964882381589233_n.jpg?w=1422&amp;ssl=1 1422w\" sizes=\"(max-width: 920px) 100vw, 920px\" \/><\/figure>\n\n\n\n<figure class=\"wp-block-image size-large\"><img data-recalc-dims=\"1\" loading=\"lazy\" decoding=\"async\" width=\"920\" height=\"414\" data-attachment-id=\"2500\" data-permalink=\"https:\/\/stephaneferrandezconteur.com\/?attachment_id=2500\" data-orig-file=\"https:\/\/i0.wp.com\/stephaneferrandezconteur.com\/wp-content\/uploads\/2022\/08\/298356046_10227653458471457_7956155646227407859_n.jpg?fit=1422%2C640&amp;ssl=1\" data-orig-size=\"1422,640\" data-comments-opened=\"1\" data-image-meta=\"{&quot;aperture&quot;:&quot;0&quot;,&quot;credit&quot;:&quot;&quot;,&quot;camera&quot;:&quot;&quot;,&quot;caption&quot;:&quot;&quot;,&quot;created_timestamp&quot;:&quot;0&quot;,&quot;copyright&quot;:&quot;&quot;,&quot;focal_length&quot;:&quot;0&quot;,&quot;iso&quot;:&quot;0&quot;,&quot;shutter_speed&quot;:&quot;0&quot;,&quot;title&quot;:&quot;&quot;,&quot;orientation&quot;:&quot;0&quot;}\" data-image-title=\"298356046_10227653458471457_7956155646227407859_n\" data-image-description=\"\" data-image-caption=\"\" data-medium-file=\"https:\/\/i0.wp.com\/stephaneferrandezconteur.com\/wp-content\/uploads\/2022\/08\/298356046_10227653458471457_7956155646227407859_n.jpg?fit=300%2C135&amp;ssl=1\" data-large-file=\"https:\/\/i0.wp.com\/stephaneferrandezconteur.com\/wp-content\/uploads\/2022\/08\/298356046_10227653458471457_7956155646227407859_n.jpg?fit=920%2C414&amp;ssl=1\" data-id=\"2500\" src=\"https:\/\/i0.wp.com\/stephaneferrandezconteur.com\/wp-content\/uploads\/2022\/08\/298356046_10227653458471457_7956155646227407859_n.jpg?resize=920%2C414&#038;ssl=1\" alt=\"\" class=\"wp-image-2500\" srcset=\"https:\/\/i0.wp.com\/stephaneferrandezconteur.com\/wp-content\/uploads\/2022\/08\/298356046_10227653458471457_7956155646227407859_n.jpg?resize=1024%2C461&amp;ssl=1 1024w, https:\/\/i0.wp.com\/stephaneferrandezconteur.com\/wp-content\/uploads\/2022\/08\/298356046_10227653458471457_7956155646227407859_n.jpg?resize=300%2C135&amp;ssl=1 300w, https:\/\/i0.wp.com\/stephaneferrandezconteur.com\/wp-content\/uploads\/2022\/08\/298356046_10227653458471457_7956155646227407859_n.jpg?resize=768%2C346&amp;ssl=1 768w, https:\/\/i0.wp.com\/stephaneferrandezconteur.com\/wp-content\/uploads\/2022\/08\/298356046_10227653458471457_7956155646227407859_n.jpg?w=1422&amp;ssl=1 1422w\" sizes=\"(max-width: 920px) 100vw, 920px\" \/><\/figure>\n\n\n\n<figure class=\"wp-block-image size-large\"><img data-recalc-dims=\"1\" loading=\"lazy\" decoding=\"async\" width=\"920\" height=\"414\" data-attachment-id=\"2498\" data-permalink=\"https:\/\/stephaneferrandezconteur.com\/?attachment_id=2498\" data-orig-file=\"https:\/\/i0.wp.com\/stephaneferrandezconteur.com\/wp-content\/uploads\/2022\/08\/297802520_10227640337583443_921597345835500152_n.jpg?fit=1422%2C640&amp;ssl=1\" data-orig-size=\"1422,640\" data-comments-opened=\"1\" data-image-meta=\"{&quot;aperture&quot;:&quot;0&quot;,&quot;credit&quot;:&quot;&quot;,&quot;camera&quot;:&quot;&quot;,&quot;caption&quot;:&quot;&quot;,&quot;created_timestamp&quot;:&quot;0&quot;,&quot;copyright&quot;:&quot;&quot;,&quot;focal_length&quot;:&quot;0&quot;,&quot;iso&quot;:&quot;0&quot;,&quot;shutter_speed&quot;:&quot;0&quot;,&quot;title&quot;:&quot;&quot;,&quot;orientation&quot;:&quot;0&quot;}\" data-image-title=\"297802520_10227640337583443_921597345835500152_n\" data-image-description=\"\" data-image-caption=\"\" data-medium-file=\"https:\/\/i0.wp.com\/stephaneferrandezconteur.com\/wp-content\/uploads\/2022\/08\/297802520_10227640337583443_921597345835500152_n.jpg?fit=300%2C135&amp;ssl=1\" data-large-file=\"https:\/\/i0.wp.com\/stephaneferrandezconteur.com\/wp-content\/uploads\/2022\/08\/297802520_10227640337583443_921597345835500152_n.jpg?fit=920%2C414&amp;ssl=1\" data-id=\"2498\" src=\"https:\/\/i0.wp.com\/stephaneferrandezconteur.com\/wp-content\/uploads\/2022\/08\/297802520_10227640337583443_921597345835500152_n.jpg?resize=920%2C414&#038;ssl=1\" alt=\"\" class=\"wp-image-2498\" srcset=\"https:\/\/i0.wp.com\/stephaneferrandezconteur.com\/wp-content\/uploads\/2022\/08\/297802520_10227640337583443_921597345835500152_n.jpg?resize=1024%2C461&amp;ssl=1 1024w, https:\/\/i0.wp.com\/stephaneferrandezconteur.com\/wp-content\/uploads\/2022\/08\/297802520_10227640337583443_921597345835500152_n.jpg?resize=300%2C135&amp;ssl=1 300w, https:\/\/i0.wp.com\/stephaneferrandezconteur.com\/wp-content\/uploads\/2022\/08\/297802520_10227640337583443_921597345835500152_n.jpg?resize=768%2C346&amp;ssl=1 768w, https:\/\/i0.wp.com\/stephaneferrandezconteur.com\/wp-content\/uploads\/2022\/08\/297802520_10227640337583443_921597345835500152_n.jpg?w=1422&amp;ssl=1 1422w\" sizes=\"(max-width: 920px) 100vw, 920px\" \/><\/figure>\n\n\n\n<figure class=\"wp-block-image size-large\"><a href=\"https:\/\/flic.kr\/s\/aHBqjA3nHy\"><img data-recalc-dims=\"1\" loading=\"lazy\" decoding=\"async\" width=\"920\" height=\"614\" data-attachment-id=\"2545\" data-permalink=\"https:\/\/stephaneferrandezconteur.com\/?attachment_id=2545\" data-orig-file=\"https:\/\/i0.wp.com\/stephaneferrandezconteur.com\/wp-content\/uploads\/2022\/09\/Yokai-Otakuthon-2022-13.jpg?fit=2048%2C1365&amp;ssl=1\" data-orig-size=\"2048,1365\" data-comments-opened=\"1\" data-image-meta=\"{&quot;aperture&quot;:&quot;0&quot;,&quot;credit&quot;:&quot;&quot;,&quot;camera&quot;:&quot;&quot;,&quot;caption&quot;:&quot;&quot;,&quot;created_timestamp&quot;:&quot;0&quot;,&quot;copyright&quot;:&quot;CBL Shutter&quot;,&quot;focal_length&quot;:&quot;0&quot;,&quot;iso&quot;:&quot;0&quot;,&quot;shutter_speed&quot;:&quot;0&quot;,&quot;title&quot;:&quot;&quot;,&quot;orientation&quot;:&quot;0&quot;}\" data-image-title=\"Yokai-Otakuthon-2022-13\" data-image-description=\"\" data-image-caption=\"\" data-medium-file=\"https:\/\/i0.wp.com\/stephaneferrandezconteur.com\/wp-content\/uploads\/2022\/09\/Yokai-Otakuthon-2022-13.jpg?fit=300%2C200&amp;ssl=1\" data-large-file=\"https:\/\/i0.wp.com\/stephaneferrandezconteur.com\/wp-content\/uploads\/2022\/09\/Yokai-Otakuthon-2022-13.jpg?fit=920%2C614&amp;ssl=1\" data-id=\"2545\" src=\"https:\/\/i0.wp.com\/stephaneferrandezconteur.com\/wp-content\/uploads\/2022\/09\/Yokai-Otakuthon-2022-13.jpg?resize=920%2C614&#038;ssl=1\" alt=\"\" class=\"wp-image-2545\" srcset=\"https:\/\/i0.wp.com\/stephaneferrandezconteur.com\/wp-content\/uploads\/2022\/09\/Yokai-Otakuthon-2022-13.jpg?resize=1024%2C683&amp;ssl=1 1024w, https:\/\/i0.wp.com\/stephaneferrandezconteur.com\/wp-content\/uploads\/2022\/09\/Yokai-Otakuthon-2022-13.jpg?resize=300%2C200&amp;ssl=1 300w, https:\/\/i0.wp.com\/stephaneferrandezconteur.com\/wp-content\/uploads\/2022\/09\/Yokai-Otakuthon-2022-13.jpg?resize=768%2C512&amp;ssl=1 768w, https:\/\/i0.wp.com\/stephaneferrandezconteur.com\/wp-content\/uploads\/2022\/09\/Yokai-Otakuthon-2022-13.jpg?resize=1536%2C1024&amp;ssl=1 1536w, https:\/\/i0.wp.com\/stephaneferrandezconteur.com\/wp-content\/uploads\/2022\/09\/Yokai-Otakuthon-2022-13.jpg?w=2048&amp;ssl=1 2048w, https:\/\/i0.wp.com\/stephaneferrandezconteur.com\/wp-content\/uploads\/2022\/09\/Yokai-Otakuthon-2022-13.jpg?w=1840&amp;ssl=1 1840w\" sizes=\"(max-width: 920px) 100vw, 920px\" \/><\/a><figcaption>Plus de photos sur la page de CBL Shutter<\/figcaption><\/figure>\n<\/figure>\n","protected":false},"excerpt":{"rendered":"<p>Merci \u00e0 toute l&rsquo;\u00e9quipe de cette incroyable convention japonaise qui a accueilli 29,409 visiteurs cette ann\u00e9e \u00e0 Montr\u00e9al !<\/p>\n","protected":false},"author":1,"featured_media":0,"parent":0,"menu_order":0,"comment_status":"closed","ping_status":"closed","template":"","meta":{"_eb_attr":"","_monsterinsights_skip_tracking":false,"_monsterinsights_sitenote_active":false,"_monsterinsights_sitenote_note":"","_monsterinsights_sitenote_category":0,"jetpack_post_was_ever_published":false,"footnotes":""},"aioseo_notices":[],"jetpack_sharing_enabled":true,"jetpack_shortlink":"https:\/\/wp.me\/P94LVL-KF","jetpack-related-posts":[],"jetpack_likes_enabled":true,"_links":{"self":[{"href":"https:\/\/stephaneferrandezconteur.com\/index.php?rest_route=\/wp\/v2\/pages\/2893"}],"collection":[{"href":"https:\/\/stephaneferrandezconteur.com\/index.php?rest_route=\/wp\/v2\/pages"}],"about":[{"href":"https:\/\/stephaneferrandezconteur.com\/index.php?rest_route=\/wp\/v2\/types\/page"}],"author":[{"embeddable":true,"href":"https:\/\/stephaneferrandezconteur.com\/index.php?rest_route=\/wp\/v2\/users\/1"}],"replies":[{"embeddable":true,"href":"https:\/\/stephaneferrandezconteur.com\/index.php?rest_route=%2Fwp%2Fv2%2Fcomments&post=2893"}],"version-history":[{"count":1,"href":"https:\/\/stephaneferrandezconteur.com\/index.php?rest_route=\/wp\/v2\/pages\/2893\/revisions"}],"predecessor-version":[{"id":2900,"href":"https:\/\/stephaneferrandezconteur.com\/index.php?rest_route=\/wp\/v2\/pages\/2893\/revisions\/2900"}],"wp:attachment":[{"href":"https:\/\/stephaneferrandezconteur.com\/index.php?rest_route=%2Fwp%2Fv2%2Fmedia&parent=2893"}],"curies":[{"name":"wp","href":"https:\/\/api.w.org\/{rel}","templated":true}]}}