{"id":2863,"date":"2023-03-28T21:06:52","date_gmt":"2023-03-28T21:06:52","guid":{"rendered":"http:\/\/stephaneferrandezconteur.com\/?page_id=2863"},"modified":"2023-03-28T21:31:57","modified_gmt":"2023-03-28T21:31:57","slug":"au-pays-de-claquedent-contes-glacants-dhiver","status":"publish","type":"page","link":"https:\/\/stephaneferrandezconteur.com\/?page_id=2863","title":{"rendered":"F\u00eates de No\u00ebl 3"},"content":{"rendered":"\n<h2 class=\"wp-block-heading\">Au pays de Claquedent, Contes gla\u00e7ants d&rsquo;hiver<\/h2>\n\n\n\n<div class=\"wp-block-media-text alignwide is-stacked-on-mobile\" style=\"grid-template-columns:37% auto\"><figure class=\"wp-block-media-text__media\"><img data-recalc-dims=\"1\" fetchpriority=\"high\" decoding=\"async\" width=\"724\" height=\"1024\" data-attachment-id=\"2236\" data-permalink=\"https:\/\/stephaneferrandezconteur.com\/?attachment_id=2236\" data-orig-file=\"https:\/\/i0.wp.com\/stephaneferrandezconteur.com\/wp-content\/uploads\/2021\/08\/contes-glacants-dhiver.png?fit=1587%2C2245&amp;ssl=1\" data-orig-size=\"1587,2245\" data-comments-opened=\"1\" data-image-meta=\"{&quot;aperture&quot;:&quot;0&quot;,&quot;credit&quot;:&quot;&quot;,&quot;camera&quot;:&quot;&quot;,&quot;caption&quot;:&quot;&quot;,&quot;created_timestamp&quot;:&quot;0&quot;,&quot;copyright&quot;:&quot;&quot;,&quot;focal_length&quot;:&quot;0&quot;,&quot;iso&quot;:&quot;0&quot;,&quot;shutter_speed&quot;:&quot;0&quot;,&quot;title&quot;:&quot;&quot;,&quot;orientation&quot;:&quot;0&quot;}\" data-image-title=\"contes gla\u00e7ants d&amp;rsquo;hiver\" data-image-description=\"\" data-image-caption=\"&lt;p&gt;Contes gla\u00e7ants d&amp;rsquo;hiver&lt;\/p&gt;\n\" data-medium-file=\"https:\/\/i0.wp.com\/stephaneferrandezconteur.com\/wp-content\/uploads\/2021\/08\/contes-glacants-dhiver.png?fit=212%2C300&amp;ssl=1\" data-large-file=\"https:\/\/i0.wp.com\/stephaneferrandezconteur.com\/wp-content\/uploads\/2021\/08\/contes-glacants-dhiver.png?fit=724%2C1024&amp;ssl=1\" src=\"https:\/\/i0.wp.com\/stephaneferrandezconteur.com\/wp-content\/uploads\/2021\/08\/contes-glacants-dhiver.png?resize=724%2C1024&#038;ssl=1\" alt=\"\" class=\"wp-image-2236 size-full\" srcset=\"https:\/\/i0.wp.com\/stephaneferrandezconteur.com\/wp-content\/uploads\/2021\/08\/contes-glacants-dhiver.png?resize=724%2C1024&amp;ssl=1 724w, https:\/\/i0.wp.com\/stephaneferrandezconteur.com\/wp-content\/uploads\/2021\/08\/contes-glacants-dhiver.png?resize=212%2C300&amp;ssl=1 212w, https:\/\/i0.wp.com\/stephaneferrandezconteur.com\/wp-content\/uploads\/2021\/08\/contes-glacants-dhiver.png?resize=768%2C1086&amp;ssl=1 768w, https:\/\/i0.wp.com\/stephaneferrandezconteur.com\/wp-content\/uploads\/2021\/08\/contes-glacants-dhiver.png?resize=1086%2C1536&amp;ssl=1 1086w, https:\/\/i0.wp.com\/stephaneferrandezconteur.com\/wp-content\/uploads\/2021\/08\/contes-glacants-dhiver.png?resize=1448%2C2048&amp;ssl=1 1448w, https:\/\/i0.wp.com\/stephaneferrandezconteur.com\/wp-content\/uploads\/2021\/08\/contes-glacants-dhiver.png?w=1587&amp;ssl=1 1587w\" sizes=\"(max-width: 724px) 100vw, 724px\" \/><\/figure><div class=\"wp-block-media-text__content\">\n<p class=\"has-drop-cap\" style=\"font-size:30px\">La nuit de No\u00ebl est la nuit des merveilles.<\/p>\n\n\n\n<p class=\"has-large-font-size\">\u00c0 minuit, tous les \u00eatres cr\u00e9\u00e9s sous terre, sur terre et au-dessus de terre, se montrent au monde des humains.<\/p>\n\n\n\n<p style=\"font-size:30px\">Les pierres sacr\u00e9es vont boire l&rsquo;eau des rivi\u00e8re sous le regard des lutins, tandis que les \u00e2mes en peine rejoignent la charrette du conducteur des morts.<\/p>\n\n\n\n<p style=\"font-size:30px\">Les chats et les sorci\u00e8res croisent l&rsquo;homme-loup lanc\u00e9 dans les taillis sur les traces d&rsquo;un enfant \u00e0 d\u00e9vorer.<\/p>\n\n\n\n<p style=\"font-size:30px\">Derri\u00e8res les fastes de No\u00ebl, les chants et lumi\u00e8res de la f\u00eate, les monstres et les fant\u00f4mes se cachent dans l&rsquo;ombre.<\/p>\n\n\n\n<p><\/p>\n\n\n\n<p style=\"font-size:22px\">Tout public \u00e0 partir de 11 ans, pour oreilles sans peur<\/p>\n<\/div><\/div>\n\n\n\n<div class=\"wp-block-buttons is-layout-flex wp-block-buttons-is-layout-flex\">\n<div class=\"wp-block-button has-custom-font-size has-medium-font-size\"><a class=\"wp-block-button__link has-white-color has-blush-bordeaux-gradient-background has-text-color has-background\" href=\"https:\/\/stephaneferrandezconteur.com\/dossier-telechargeables\">Lien vers dossier t\u00e9l\u00e9chargeable<\/a><\/div>\n<\/div>\n","protected":false},"excerpt":{"rendered":"<p>Au pays de Claquedent, Contes gla\u00e7ants d&rsquo;hiver La nuit de No\u00ebl est la nuit des merveilles. \u00c0 minuit, tous les \u00eatres cr\u00e9\u00e9s sous terre, sur terre et au-dessus de terre,<\/p>\n<p class=\"more-link\"><a href=\"https:\/\/stephaneferrandezconteur.com\/?page_id=2863\" class=\"readmore\">Continue reading<svg class=\"icon icon-arrow-right\" aria-hidden=\"true\" role=\"img\"> <use href=\"#icon-arrow-right\" xlink:href=\"#icon-arrow-right\"><\/use> <\/svg><span class=\"screen-reader-text\">F\u00eates de No\u00ebl 3<\/span><\/a><\/p>\n","protected":false},"author":1,"featured_media":0,"parent":0,"menu_order":0,"comment_status":"closed","ping_status":"closed","template":"","meta":{"_eb_attr":"","_monsterinsights_skip_tracking":false,"_monsterinsights_sitenote_active":false,"_monsterinsights_sitenote_note":"","_monsterinsights_sitenote_category":0,"jetpack_post_was_ever_published":false,"footnotes":""},"aioseo_notices":[],"jetpack_sharing_enabled":true,"jetpack_shortlink":"https:\/\/wp.me\/P94LVL-Kb","jetpack-related-posts":[],"jetpack_likes_enabled":true,"_links":{"self":[{"href":"https:\/\/stephaneferrandezconteur.com\/index.php?rest_route=\/wp\/v2\/pages\/2863"}],"collection":[{"href":"https:\/\/stephaneferrandezconteur.com\/index.php?rest_route=\/wp\/v2\/pages"}],"about":[{"href":"https:\/\/stephaneferrandezconteur.com\/index.php?rest_route=\/wp\/v2\/types\/page"}],"author":[{"embeddable":true,"href":"https:\/\/stephaneferrandezconteur.com\/index.php?rest_route=\/wp\/v2\/users\/1"}],"replies":[{"embeddable":true,"href":"https:\/\/stephaneferrandezconteur.com\/index.php?rest_route=%2Fwp%2Fv2%2Fcomments&post=2863"}],"version-history":[{"count":2,"href":"https:\/\/stephaneferrandezconteur.com\/index.php?rest_route=\/wp\/v2\/pages\/2863\/revisions"}],"predecessor-version":[{"id":2873,"href":"https:\/\/stephaneferrandezconteur.com\/index.php?rest_route=\/wp\/v2\/pages\/2863\/revisions\/2873"}],"wp:attachment":[{"href":"https:\/\/stephaneferrandezconteur.com\/index.php?rest_route=%2Fwp%2Fv2%2Fmedia&parent=2863"}],"curies":[{"name":"wp","href":"https:\/\/api.w.org\/{rel}","templated":true}]}}