{"id":2859,"date":"2023-03-28T21:04:46","date_gmt":"2023-03-28T21:04:46","guid":{"rendered":"http:\/\/stephaneferrandezconteur.com\/?page_id=2859"},"modified":"2024-07-25T19:37:55","modified_gmt":"2024-07-25T19:37:55","slug":"lodyssee-de-noel-ou-les-contes-des-terres-enneigees","status":"publish","type":"page","link":"https:\/\/stephaneferrandezconteur.com\/?page_id=2859","title":{"rendered":"F\u00eates de No\u00ebl 1"},"content":{"rendered":"\n<h2 class=\"wp-block-heading\">L&rsquo;Odyss\u00e9e de No\u00ebl ou les contes des terres enneig\u00e9es<\/h2>\n\n\n\n<div class=\"wp-block-media-text alignwide is-stacked-on-mobile\" style=\"grid-template-columns:59% auto\"><figure class=\"wp-block-media-text__media\"><img data-recalc-dims=\"1\" fetchpriority=\"high\" decoding=\"async\" width=\"724\" height=\"1024\" data-attachment-id=\"2235\" data-permalink=\"https:\/\/stephaneferrandezconteur.com\/?attachment_id=2235\" data-orig-file=\"https:\/\/i0.wp.com\/stephaneferrandezconteur.com\/wp-content\/uploads\/2021\/08\/LOdyssee-de-Noel.png?fit=1414%2C2000&amp;ssl=1\" data-orig-size=\"1414,2000\" data-comments-opened=\"1\" data-image-meta=\"{&quot;aperture&quot;:&quot;0&quot;,&quot;credit&quot;:&quot;&quot;,&quot;camera&quot;:&quot;&quot;,&quot;caption&quot;:&quot;&quot;,&quot;created_timestamp&quot;:&quot;0&quot;,&quot;copyright&quot;:&quot;&quot;,&quot;focal_length&quot;:&quot;0&quot;,&quot;iso&quot;:&quot;0&quot;,&quot;shutter_speed&quot;:&quot;0&quot;,&quot;title&quot;:&quot;&quot;,&quot;orientation&quot;:&quot;0&quot;}\" data-image-title=\"L&amp;rsquo;Odyss\u00e9e de No\u00ebl\" data-image-description=\"\" data-image-caption=\"&lt;p&gt;Contes et l\u00e9gendes de No\u00ebl&lt;\/p&gt;\n\" data-medium-file=\"https:\/\/i0.wp.com\/stephaneferrandezconteur.com\/wp-content\/uploads\/2021\/08\/LOdyssee-de-Noel.png?fit=212%2C300&amp;ssl=1\" data-large-file=\"https:\/\/i0.wp.com\/stephaneferrandezconteur.com\/wp-content\/uploads\/2021\/08\/LOdyssee-de-Noel.png?fit=724%2C1024&amp;ssl=1\" src=\"https:\/\/i0.wp.com\/stephaneferrandezconteur.com\/wp-content\/uploads\/2021\/08\/LOdyssee-de-Noel.png?resize=724%2C1024&#038;ssl=1\" alt=\"\" class=\"wp-image-2235 size-full\" srcset=\"https:\/\/i0.wp.com\/stephaneferrandezconteur.com\/wp-content\/uploads\/2021\/08\/LOdyssee-de-Noel.png?resize=724%2C1024&amp;ssl=1 724w, https:\/\/i0.wp.com\/stephaneferrandezconteur.com\/wp-content\/uploads\/2021\/08\/LOdyssee-de-Noel.png?resize=212%2C300&amp;ssl=1 212w, https:\/\/i0.wp.com\/stephaneferrandezconteur.com\/wp-content\/uploads\/2021\/08\/LOdyssee-de-Noel.png?resize=768%2C1086&amp;ssl=1 768w, https:\/\/i0.wp.com\/stephaneferrandezconteur.com\/wp-content\/uploads\/2021\/08\/LOdyssee-de-Noel.png?resize=1086%2C1536&amp;ssl=1 1086w, https:\/\/i0.wp.com\/stephaneferrandezconteur.com\/wp-content\/uploads\/2021\/08\/LOdyssee-de-Noel.png?w=1414&amp;ssl=1 1414w\" sizes=\"(max-width: 724px) 100vw, 724px\" \/><\/figure><div class=\"wp-block-media-text__content\">\n<p class=\"has-drop-cap\" style=\"font-size:30px\">C&rsquo;est la veille de No\u00ebl.<\/p>\n\n\n\n<p style=\"font-size:30px\">Un petit gar\u00e7on trouve, dans la for\u00eat enneig\u00e9e, un coffre \u00e0 histoires qui lui contera les l\u00e9gendes de No\u00ebl et des pays blancs.<\/p>\n\n\n\n<p style=\"font-size:30px\">Soyez-en certains, les lutins ne seront pas loin ! Vous rencontrerez aussi Maroushka et les 12 mois de l&rsquo;ann\u00e9e, une moufle rouge, un petit merle et m\u00eame, si vous \u00eates chanceux, le p\u00e8re No\u00ebl&#8230;<\/p>\n\n\n\n<p><\/p>\n\n\n\n<p class=\"has-text-align-right\" style=\"font-size:22px\">Spectacle familial, \u00e0 partir de 5 ans<\/p>\n<\/div><\/div>\n\n\n\n<div style=\"height:73px\" aria-hidden=\"true\" class=\"wp-block-spacer\"><\/div>\n\n\n\n<div class=\"wp-block-buttons is-layout-flex wp-block-buttons-is-layout-flex\">\n<div class=\"wp-block-button has-custom-font-size has-medium-font-size\"><a class=\"wp-block-button__link has-white-color has-blush-bordeaux-gradient-background has-text-color has-background wp-element-button\" href=\"https:\/\/stephaneferrandezconteur.com\/dossier-telechargeables\">Lien vers dossier t\u00e9l\u00e9chargeable<\/a><\/div>\n<\/div>\n","protected":false},"excerpt":{"rendered":"<p>L&rsquo;Odyss\u00e9e de No\u00ebl ou les contes des terres enneig\u00e9es C&rsquo;est la veille de No\u00ebl. Un petit gar\u00e7on trouve, dans la for\u00eat enneig\u00e9e, un coffre \u00e0 histoires qui lui contera les<\/p>\n<p class=\"more-link\"><a href=\"https:\/\/stephaneferrandezconteur.com\/?page_id=2859\" class=\"readmore\">Continue reading<svg class=\"icon icon-arrow-right\" aria-hidden=\"true\" role=\"img\"> <use href=\"#icon-arrow-right\" xlink:href=\"#icon-arrow-right\"><\/use> <\/svg><span class=\"screen-reader-text\">F\u00eates de No\u00ebl 1<\/span><\/a><\/p>\n","protected":false},"author":1,"featured_media":0,"parent":0,"menu_order":0,"comment_status":"closed","ping_status":"closed","template":"","meta":{"_eb_attr":"","_monsterinsights_skip_tracking":false,"_monsterinsights_sitenote_active":false,"_monsterinsights_sitenote_note":"","_monsterinsights_sitenote_category":0,"jetpack_post_was_ever_published":false,"footnotes":""},"aioseo_notices":[],"jetpack_sharing_enabled":true,"jetpack_shortlink":"https:\/\/wp.me\/P94LVL-K7","jetpack-related-posts":[],"jetpack_likes_enabled":true,"_links":{"self":[{"href":"https:\/\/stephaneferrandezconteur.com\/index.php?rest_route=\/wp\/v2\/pages\/2859"}],"collection":[{"href":"https:\/\/stephaneferrandezconteur.com\/index.php?rest_route=\/wp\/v2\/pages"}],"about":[{"href":"https:\/\/stephaneferrandezconteur.com\/index.php?rest_route=\/wp\/v2\/types\/page"}],"author":[{"embeddable":true,"href":"https:\/\/stephaneferrandezconteur.com\/index.php?rest_route=\/wp\/v2\/users\/1"}],"replies":[{"embeddable":true,"href":"https:\/\/stephaneferrandezconteur.com\/index.php?rest_route=%2Fwp%2Fv2%2Fcomments&post=2859"}],"version-history":[{"count":5,"href":"https:\/\/stephaneferrandezconteur.com\/index.php?rest_route=\/wp\/v2\/pages\/2859\/revisions"}],"predecessor-version":[{"id":3702,"href":"https:\/\/stephaneferrandezconteur.com\/index.php?rest_route=\/wp\/v2\/pages\/2859\/revisions\/3702"}],"wp:attachment":[{"href":"https:\/\/stephaneferrandezconteur.com\/index.php?rest_route=%2Fwp%2Fv2%2Fmedia&parent=2859"}],"curies":[{"name":"wp","href":"https:\/\/api.w.org\/{rel}","templated":true}]}}