{"id":2854,"date":"2023-03-28T21:02:40","date_gmt":"2023-03-28T21:02:40","guid":{"rendered":"http:\/\/stephaneferrandezconteur.com\/?page_id=2854"},"modified":"2024-07-25T19:37:26","modified_gmt":"2024-07-25T19:37:26","slug":"fetes-de-noel","status":"publish","type":"page","link":"https:\/\/stephaneferrandezconteur.com\/?page_id=2854","title":{"rendered":"F\u00eates de No\u00ebl 2"},"content":{"rendered":"\n<h2 class=\"has-large-font-size wp-block-heading\">La petite souris qui voyait grand<\/h2>\n\n\n\n<h3 class=\"wp-block-heading\">et autres contes de No\u00ebl<\/h3>\n\n\n\n<div class=\"wp-block-media-text alignwide is-stacked-on-mobile\" style=\"grid-template-columns:49% auto\"><figure class=\"wp-block-media-text__media\"><img data-recalc-dims=\"1\" fetchpriority=\"high\" decoding=\"async\" width=\"724\" height=\"1024\" data-attachment-id=\"2234\" data-permalink=\"https:\/\/stephaneferrandezconteur.com\/?attachment_id=2234\" data-orig-file=\"https:\/\/i0.wp.com\/stephaneferrandezconteur.com\/wp-content\/uploads\/2021\/08\/La-petite-souris-qui-voyait-grand.png?fit=1587%2C2245&amp;ssl=1\" data-orig-size=\"1587,2245\" data-comments-opened=\"1\" data-image-meta=\"{&quot;aperture&quot;:&quot;0&quot;,&quot;credit&quot;:&quot;&quot;,&quot;camera&quot;:&quot;&quot;,&quot;caption&quot;:&quot;&quot;,&quot;created_timestamp&quot;:&quot;0&quot;,&quot;copyright&quot;:&quot;&quot;,&quot;focal_length&quot;:&quot;0&quot;,&quot;iso&quot;:&quot;0&quot;,&quot;shutter_speed&quot;:&quot;0&quot;,&quot;title&quot;:&quot;&quot;,&quot;orientation&quot;:&quot;0&quot;}\" data-image-title=\"La petite souris qui voyait grand\" data-image-description=\"\" data-image-caption=\"&lt;p&gt;Contes de No\u00ebl 2&lt;\/p&gt;\n\" data-medium-file=\"https:\/\/i0.wp.com\/stephaneferrandezconteur.com\/wp-content\/uploads\/2021\/08\/La-petite-souris-qui-voyait-grand.png?fit=212%2C300&amp;ssl=1\" data-large-file=\"https:\/\/i0.wp.com\/stephaneferrandezconteur.com\/wp-content\/uploads\/2021\/08\/La-petite-souris-qui-voyait-grand.png?fit=724%2C1024&amp;ssl=1\" src=\"https:\/\/i0.wp.com\/stephaneferrandezconteur.com\/wp-content\/uploads\/2021\/08\/La-petite-souris-qui-voyait-grand.png?resize=724%2C1024&#038;ssl=1\" alt=\"\" class=\"wp-image-2234 size-full\" srcset=\"https:\/\/i0.wp.com\/stephaneferrandezconteur.com\/wp-content\/uploads\/2021\/08\/La-petite-souris-qui-voyait-grand.png?resize=724%2C1024&amp;ssl=1 724w, https:\/\/i0.wp.com\/stephaneferrandezconteur.com\/wp-content\/uploads\/2021\/08\/La-petite-souris-qui-voyait-grand.png?resize=212%2C300&amp;ssl=1 212w, https:\/\/i0.wp.com\/stephaneferrandezconteur.com\/wp-content\/uploads\/2021\/08\/La-petite-souris-qui-voyait-grand.png?resize=768%2C1086&amp;ssl=1 768w, https:\/\/i0.wp.com\/stephaneferrandezconteur.com\/wp-content\/uploads\/2021\/08\/La-petite-souris-qui-voyait-grand.png?resize=1086%2C1536&amp;ssl=1 1086w, https:\/\/i0.wp.com\/stephaneferrandezconteur.com\/wp-content\/uploads\/2021\/08\/La-petite-souris-qui-voyait-grand.png?resize=1448%2C2048&amp;ssl=1 1448w, https:\/\/i0.wp.com\/stephaneferrandezconteur.com\/wp-content\/uploads\/2021\/08\/La-petite-souris-qui-voyait-grand.png?w=1587&amp;ssl=1 1587w\" sizes=\"(max-width: 724px) 100vw, 724px\" \/><\/figure><div class=\"wp-block-media-text__content\">\n<p class=\"has-drop-cap\" style=\"font-size:30px\">Une petite souris vit au P\u00f4le Nord. La veille de No\u00ebl, alors que son voisin le P\u00e8re No\u00ebl pr\u00e9pare sa tourn\u00e9e mondiale, elle d\u00e9cide d&rsquo;explorer le monde&#8230;<\/p>\n\n\n\n<p style=\"font-size:30px\">Une souris intr\u00e9pide, une petite fille de neige, un \u00e2ne et un b\u0153uf qui parle, une maison pleine de loups : on n&rsquo;imagine pas les aventures invraisemblables qui arrivent pendant le voyage du P\u00e8re No\u00ebl.<\/p>\n\n\n\n<p><\/p>\n<\/div><\/div>\n\n\n\n<p class=\"has-text-align-right\" style=\"font-size:22px\">Spectacle familial, \u00e0 partir de 5 ans<\/p>\n\n\n\n<div class=\"wp-block-buttons is-layout-flex wp-block-buttons-is-layout-flex\">\n<div class=\"wp-block-button has-custom-font-size has-medium-font-size\"><a class=\"wp-block-button__link has-white-color has-blush-bordeaux-gradient-background has-text-color has-background\" href=\"https:\/\/stephaneferrandezconteur.com\/dossier-telechargeables\">Lien vers dossier t\u00e9l\u00e9chargeable<\/a><\/div>\n<\/div>\n","protected":false},"excerpt":{"rendered":"<p>La petite souris qui voyait grand et autres contes de No\u00ebl Une petite souris vit au P\u00f4le Nord. La veille de No\u00ebl, alors que son voisin le P\u00e8re No\u00ebl pr\u00e9pare<\/p>\n<p class=\"more-link\"><a href=\"https:\/\/stephaneferrandezconteur.com\/?page_id=2854\" class=\"readmore\">Continue reading<svg class=\"icon icon-arrow-right\" aria-hidden=\"true\" role=\"img\"> <use href=\"#icon-arrow-right\" xlink:href=\"#icon-arrow-right\"><\/use> <\/svg><span class=\"screen-reader-text\">F\u00eates de No\u00ebl 2<\/span><\/a><\/p>\n","protected":false},"author":1,"featured_media":0,"parent":0,"menu_order":0,"comment_status":"closed","ping_status":"closed","template":"","meta":{"_eb_attr":"","_monsterinsights_skip_tracking":false,"_monsterinsights_sitenote_active":false,"_monsterinsights_sitenote_note":"","_monsterinsights_sitenote_category":0,"jetpack_post_was_ever_published":false,"footnotes":""},"aioseo_notices":[],"jetpack_sharing_enabled":true,"jetpack_shortlink":"https:\/\/wp.me\/P94LVL-K2","jetpack-related-posts":[],"jetpack_likes_enabled":true,"_links":{"self":[{"href":"https:\/\/stephaneferrandezconteur.com\/index.php?rest_route=\/wp\/v2\/pages\/2854"}],"collection":[{"href":"https:\/\/stephaneferrandezconteur.com\/index.php?rest_route=\/wp\/v2\/pages"}],"about":[{"href":"https:\/\/stephaneferrandezconteur.com\/index.php?rest_route=\/wp\/v2\/types\/page"}],"author":[{"embeddable":true,"href":"https:\/\/stephaneferrandezconteur.com\/index.php?rest_route=\/wp\/v2\/users\/1"}],"replies":[{"embeddable":true,"href":"https:\/\/stephaneferrandezconteur.com\/index.php?rest_route=%2Fwp%2Fv2%2Fcomments&post=2854"}],"version-history":[{"count":4,"href":"https:\/\/stephaneferrandezconteur.com\/index.php?rest_route=\/wp\/v2\/pages\/2854\/revisions"}],"predecessor-version":[{"id":3701,"href":"https:\/\/stephaneferrandezconteur.com\/index.php?rest_route=\/wp\/v2\/pages\/2854\/revisions\/3701"}],"wp:attachment":[{"href":"https:\/\/stephaneferrandezconteur.com\/index.php?rest_route=%2Fwp%2Fv2%2Fmedia&parent=2854"}],"curies":[{"name":"wp","href":"https:\/\/api.w.org\/{rel}","templated":true}]}}