{"id":2843,"date":"2023-03-28T20:10:19","date_gmt":"2023-03-28T20:10:19","guid":{"rendered":"http:\/\/stephaneferrandezconteur.com\/?page_id=2843"},"modified":"2023-03-28T20:52:25","modified_gmt":"2023-03-28T20:52:25","slug":"voyage-a-travers-le-temps","status":"publish","type":"page","link":"https:\/\/stephaneferrandezconteur.com\/?page_id=2843","title":{"rendered":"Voyage \u00e0 la fronti\u00e8re des mondes"},"content":{"rendered":"\n<h2 class=\"wp-block-heading\">Il \u00e9tait hier&#8230; Il sera demain<\/h2>\n\n\n\n<p><\/p>\n\n\n\n<div class=\"wp-block-media-text alignwide has-media-on-the-right is-stacked-on-mobile\" style=\"grid-template-columns:auto 49%\"><figure class=\"wp-block-media-text__media\"><img data-recalc-dims=\"1\" fetchpriority=\"high\" decoding=\"async\" width=\"724\" height=\"1024\" data-attachment-id=\"2847\" data-permalink=\"https:\/\/stephaneferrandezconteur.com\/?attachment_id=2847\" data-orig-file=\"https:\/\/i0.wp.com\/stephaneferrandezconteur.com\/wp-content\/uploads\/2023\/03\/where-is-the-cake-Document-A4-1.jpg?fit=1414%2C2000&amp;ssl=1\" data-orig-size=\"1414,2000\" data-comments-opened=\"1\" data-image-meta=\"{&quot;aperture&quot;:&quot;0&quot;,&quot;credit&quot;:&quot;&quot;,&quot;camera&quot;:&quot;&quot;,&quot;caption&quot;:&quot;&quot;,&quot;created_timestamp&quot;:&quot;0&quot;,&quot;copyright&quot;:&quot;&quot;,&quot;focal_length&quot;:&quot;0&quot;,&quot;iso&quot;:&quot;0&quot;,&quot;shutter_speed&quot;:&quot;0&quot;,&quot;title&quot;:&quot;&quot;,&quot;orientation&quot;:&quot;1&quot;}\" data-image-title=\"where-is-the-cake-Document-A4-1\" data-image-description=\"\" data-image-caption=\"&lt;p&gt;Contes  et voyage temporel&lt;\/p&gt;\n\" data-medium-file=\"https:\/\/i0.wp.com\/stephaneferrandezconteur.com\/wp-content\/uploads\/2023\/03\/where-is-the-cake-Document-A4-1.jpg?fit=212%2C300&amp;ssl=1\" data-large-file=\"https:\/\/i0.wp.com\/stephaneferrandezconteur.com\/wp-content\/uploads\/2023\/03\/where-is-the-cake-Document-A4-1.jpg?fit=724%2C1024&amp;ssl=1\" src=\"https:\/\/i0.wp.com\/stephaneferrandezconteur.com\/wp-content\/uploads\/2023\/03\/where-is-the-cake-Document-A4-1.jpg?resize=724%2C1024&#038;ssl=1\" alt=\"\" class=\"wp-image-2847 size-full\" srcset=\"https:\/\/i0.wp.com\/stephaneferrandezconteur.com\/wp-content\/uploads\/2023\/03\/where-is-the-cake-Document-A4-1.jpg?resize=724%2C1024&amp;ssl=1 724w, https:\/\/i0.wp.com\/stephaneferrandezconteur.com\/wp-content\/uploads\/2023\/03\/where-is-the-cake-Document-A4-1.jpg?resize=212%2C300&amp;ssl=1 212w, https:\/\/i0.wp.com\/stephaneferrandezconteur.com\/wp-content\/uploads\/2023\/03\/where-is-the-cake-Document-A4-1.jpg?resize=768%2C1086&amp;ssl=1 768w, https:\/\/i0.wp.com\/stephaneferrandezconteur.com\/wp-content\/uploads\/2023\/03\/where-is-the-cake-Document-A4-1.jpg?resize=1086%2C1536&amp;ssl=1 1086w, https:\/\/i0.wp.com\/stephaneferrandezconteur.com\/wp-content\/uploads\/2023\/03\/where-is-the-cake-Document-A4-1.jpg?w=1414&amp;ssl=1 1414w\" sizes=\"(max-width: 724px) 100vw, 724px\" \/><\/figure><div class=\"wp-block-media-text__content\">\n<p class=\"has-drop-cap\" style=\"font-size:30px\">Parfois le temps s&rsquo;arr\u00eate. C&rsquo;est un fait. Mais quand se fige la pendule, les vies basculent. Dans un monde sans rep\u00e8res, qu&rsquo;advient-il des \u00e9gar\u00e9s du temps ? Pour eux l&rsquo;histoire commence\u2026<\/p>\n\n\n\n<p style=\"font-size:30px\">Brian ne sait pas raconter d&rsquo;histoires. Au pub, il reste mutique devant sa bi\u00e8re. Mais un jour, dans une obscure vall\u00e9e irlandaise, il va accomplir un voyage incroyable aux confins du temps et de l&rsquo;espace. \u00c0 tous les horizons de la terre, de m\u00e9tamorphose en m\u00e9tamorphose, il sera le h\u00e9ros ou le t\u00e9moin des histoires les plus dr\u00f4les comme les plus surprenantes!<\/p>\n\n\n\n<p style=\"font-size:32px\">Voyagez autour du monde, hors du temps entre humour et po\u00e9sie !<\/p>\n\n\n\n<p class=\"has-medium-font-size\">Tout public \u00e0 partir de 8 ans<\/p>\n<\/div><\/div>\n","protected":false},"excerpt":{"rendered":"<p>Il \u00e9tait hier&#8230; Il sera demain Parfois le temps s&rsquo;arr\u00eate. C&rsquo;est un fait. Mais quand se fige la pendule, les vies basculent. Dans un monde sans rep\u00e8res, qu&rsquo;advient-il des \u00e9gar\u00e9s<\/p>\n<p class=\"more-link\"><a href=\"https:\/\/stephaneferrandezconteur.com\/?page_id=2843\" class=\"readmore\">Continue reading<svg class=\"icon icon-arrow-right\" aria-hidden=\"true\" role=\"img\"> <use href=\"#icon-arrow-right\" xlink:href=\"#icon-arrow-right\"><\/use> <\/svg><span class=\"screen-reader-text\">Voyage \u00e0 la fronti\u00e8re des mondes<\/span><\/a><\/p>\n","protected":false},"author":1,"featured_media":0,"parent":0,"menu_order":0,"comment_status":"closed","ping_status":"closed","template":"","meta":{"_eb_attr":"","_monsterinsights_skip_tracking":false,"_monsterinsights_sitenote_active":false,"_monsterinsights_sitenote_note":"","_monsterinsights_sitenote_category":0,"jetpack_post_was_ever_published":false,"footnotes":""},"aioseo_notices":[],"jetpack_sharing_enabled":true,"jetpack_shortlink":"https:\/\/wp.me\/P94LVL-JR","jetpack-related-posts":[],"jetpack_likes_enabled":true,"_links":{"self":[{"href":"https:\/\/stephaneferrandezconteur.com\/index.php?rest_route=\/wp\/v2\/pages\/2843"}],"collection":[{"href":"https:\/\/stephaneferrandezconteur.com\/index.php?rest_route=\/wp\/v2\/pages"}],"about":[{"href":"https:\/\/stephaneferrandezconteur.com\/index.php?rest_route=\/wp\/v2\/types\/page"}],"author":[{"embeddable":true,"href":"https:\/\/stephaneferrandezconteur.com\/index.php?rest_route=\/wp\/v2\/users\/1"}],"replies":[{"embeddable":true,"href":"https:\/\/stephaneferrandezconteur.com\/index.php?rest_route=%2Fwp%2Fv2%2Fcomments&post=2843"}],"version-history":[{"count":3,"href":"https:\/\/stephaneferrandezconteur.com\/index.php?rest_route=\/wp\/v2\/pages\/2843\/revisions"}],"predecessor-version":[{"id":2849,"href":"https:\/\/stephaneferrandezconteur.com\/index.php?rest_route=\/wp\/v2\/pages\/2843\/revisions\/2849"}],"wp:attachment":[{"href":"https:\/\/stephaneferrandezconteur.com\/index.php?rest_route=%2Fwp%2Fv2%2Fmedia&parent=2843"}],"curies":[{"name":"wp","href":"https:\/\/api.w.org\/{rel}","templated":true}]}}