{"id":2835,"date":"2023-03-28T17:37:47","date_gmt":"2023-03-28T17:37:47","guid":{"rendered":"http:\/\/stephaneferrandezconteur.com\/?page_id=2835"},"modified":"2025-02-19T15:22:24","modified_gmt":"2025-02-19T15:22:24","slug":"contes-dhalloween-i","status":"publish","type":"page","link":"https:\/\/stephaneferrandezconteur.com\/?page_id=2835","title":{"rendered":"Contes d\u2019Halloween I"},"content":{"rendered":"\n<h2 class=\"wp-block-heading has-large-font-size\">Les histoires de Monsieur Inqui\u00e9tant<\/h2>\n\n\n\n<div class=\"wp-block-group\"><div class=\"wp-block-group__inner-container is-layout-flow wp-block-group-is-layout-flow\">\n<div class=\"wp-block-media-text alignwide has-media-on-the-right is-stacked-on-mobile is-vertically-aligned-center\" style=\"grid-template-columns:auto 52%\"><div class=\"wp-block-media-text__content\">\n<p class=\"has-drop-cap\" style=\"font-size:30px\">Un conteur un peu \u00e9trange raconte des histoires effrayantes \u00e0 sept fant\u00f4mes.<\/p>\n\n\n\n<p style=\"font-size:30px\">De la l\u00e9gende de Jack O&rsquo;Lantern \u00e0 celle des lavandi\u00e8res de la nuit, en passant par les loups-garous et autres personnages issus des grimoires d&rsquo;\u00e9pouvante : venez vous aussi \u00e9couter ses histoires \u00ab\u00a0dr\u00f4lifiques\u00a0\u00bb et \u00ab\u00a0horribilantes\u00a0\u00bb!<\/p>\n\n\n\n<p style=\"font-size:30px\">Frissons et bonne humeur garantis.<\/p>\n\n\n\n<p class=\"has-medium-font-size\">Spectacle familial \u00e0 partir de 7 ans<\/p>\n<\/div><figure class=\"wp-block-media-text__media\"><img data-recalc-dims=\"1\" fetchpriority=\"high\" decoding=\"async\" width=\"724\" height=\"1024\" data-attachment-id=\"1270\" data-permalink=\"https:\/\/stephaneferrandezconteur.com\/?attachment_id=1270\" data-orig-file=\"https:\/\/i0.wp.com\/stephaneferrandezconteur.com\/wp-content\/uploads\/2019\/06\/M.Inqui%C3%A9tant-affiche-nue.jpg?fit=2758%2C3900&amp;ssl=1\" data-orig-size=\"2758,3900\" data-comments-opened=\"1\" data-image-meta=\"{&quot;aperture&quot;:&quot;0&quot;,&quot;credit&quot;:&quot;&quot;,&quot;camera&quot;:&quot;&quot;,&quot;caption&quot;:&quot;&quot;,&quot;created_timestamp&quot;:&quot;0&quot;,&quot;copyright&quot;:&quot;&quot;,&quot;focal_length&quot;:&quot;0&quot;,&quot;iso&quot;:&quot;0&quot;,&quot;shutter_speed&quot;:&quot;0&quot;,&quot;title&quot;:&quot;&quot;,&quot;orientation&quot;:&quot;0&quot;}\" data-image-title=\"M.Inqui\u00e9tant-affiche-nue\" data-image-description=\"\" data-image-caption=\"\" data-medium-file=\"https:\/\/i0.wp.com\/stephaneferrandezconteur.com\/wp-content\/uploads\/2019\/06\/M.Inqui%C3%A9tant-affiche-nue.jpg?fit=212%2C300&amp;ssl=1\" data-large-file=\"https:\/\/i0.wp.com\/stephaneferrandezconteur.com\/wp-content\/uploads\/2019\/06\/M.Inqui%C3%A9tant-affiche-nue.jpg?fit=724%2C1024&amp;ssl=1\" src=\"https:\/\/i0.wp.com\/stephaneferrandezconteur.com\/wp-content\/uploads\/2019\/06\/M.Inqui%C3%A9tant-affiche-nue.jpg?resize=724%2C1024&#038;ssl=1\" alt=\"\" class=\"wp-image-1270 size-full\" srcset=\"https:\/\/i0.wp.com\/stephaneferrandezconteur.com\/wp-content\/uploads\/2019\/06\/M.Inqui%C3%A9tant-affiche-nue.jpg?resize=724%2C1024&amp;ssl=1 724w, https:\/\/i0.wp.com\/stephaneferrandezconteur.com\/wp-content\/uploads\/2019\/06\/M.Inqui%C3%A9tant-affiche-nue.jpg?resize=212%2C300&amp;ssl=1 212w, https:\/\/i0.wp.com\/stephaneferrandezconteur.com\/wp-content\/uploads\/2019\/06\/M.Inqui%C3%A9tant-affiche-nue.jpg?resize=768%2C1086&amp;ssl=1 768w, https:\/\/i0.wp.com\/stephaneferrandezconteur.com\/wp-content\/uploads\/2019\/06\/M.Inqui%C3%A9tant-affiche-nue.jpg?w=1840&amp;ssl=1 1840w\" sizes=\"(max-width: 724px) 100vw, 724px\" \/><\/figure><\/div>\n<\/div><\/div>\n\n\n\n<div style=\"height:56px\" aria-hidden=\"true\" class=\"wp-block-spacer\"><\/div>\n\n\n\n<figure class=\"wp-block-embed is-type-video is-provider-youtube wp-block-embed-youtube wp-embed-aspect-16-9 wp-has-aspect-ratio\"><div class=\"wp-block-embed__wrapper\">\n<iframe title=\"Les histoires de M  Inqui\u00e9tant Contes d&#039;Halloween\" width=\"920\" height=\"518\" src=\"https:\/\/www.youtube.com\/embed\/ST5jUKRglr4?feature=oembed\" frameborder=\"0\" allow=\"accelerometer; autoplay; clipboard-write; encrypted-media; gyroscope; picture-in-picture; web-share\" referrerpolicy=\"strict-origin-when-cross-origin\" allowfullscreen><\/iframe>\n<\/div><\/figure>\n\n\n\n<h3 class=\"wp-block-heading\"><a href=\"https:\/\/stephaneferrandezconteur.com\/?page_id=2838\" target=\"_blank\" rel=\"noopener\" title=\"\">\u00c0 D\u00c9COUVRIR \u00c9GALEMENT : LES MONSTRES SONT DES GENS COMME LES AUTRES<\/a><\/h3>\n","protected":false},"excerpt":{"rendered":"<p>Les histoires de Monsieur Inqui\u00e9tant Un conteur un peu \u00e9trange raconte des histoires effrayantes \u00e0 sept fant\u00f4mes. De la l\u00e9gende de Jack O&rsquo;Lantern \u00e0 celle des lavandi\u00e8res de la nuit,<\/p>\n<p class=\"more-link\"><a href=\"https:\/\/stephaneferrandezconteur.com\/?page_id=2835\" class=\"readmore\">Continue reading<svg class=\"icon icon-arrow-right\" aria-hidden=\"true\" role=\"img\"> <use href=\"#icon-arrow-right\" xlink:href=\"#icon-arrow-right\"><\/use> <\/svg><span class=\"screen-reader-text\">Contes d\u2019Halloween I<\/span><\/a><\/p>\n","protected":false},"author":1,"featured_media":0,"parent":0,"menu_order":0,"comment_status":"closed","ping_status":"closed","template":"","meta":{"_eb_attr":"","_monsterinsights_skip_tracking":false,"_monsterinsights_sitenote_active":false,"_monsterinsights_sitenote_note":"","_monsterinsights_sitenote_category":0,"jetpack_post_was_ever_published":false,"footnotes":""},"aioseo_notices":[],"jetpack_sharing_enabled":true,"jetpack_shortlink":"https:\/\/wp.me\/P94LVL-JJ","jetpack-related-posts":[],"jetpack_likes_enabled":true,"_links":{"self":[{"href":"https:\/\/stephaneferrandezconteur.com\/index.php?rest_route=\/wp\/v2\/pages\/2835"}],"collection":[{"href":"https:\/\/stephaneferrandezconteur.com\/index.php?rest_route=\/wp\/v2\/pages"}],"about":[{"href":"https:\/\/stephaneferrandezconteur.com\/index.php?rest_route=\/wp\/v2\/types\/page"}],"author":[{"embeddable":true,"href":"https:\/\/stephaneferrandezconteur.com\/index.php?rest_route=\/wp\/v2\/users\/1"}],"replies":[{"embeddable":true,"href":"https:\/\/stephaneferrandezconteur.com\/index.php?rest_route=%2Fwp%2Fv2%2Fcomments&post=2835"}],"version-history":[{"count":4,"href":"https:\/\/stephaneferrandezconteur.com\/index.php?rest_route=\/wp\/v2\/pages\/2835\/revisions"}],"predecessor-version":[{"id":4017,"href":"https:\/\/stephaneferrandezconteur.com\/index.php?rest_route=\/wp\/v2\/pages\/2835\/revisions\/4017"}],"wp:attachment":[{"href":"https:\/\/stephaneferrandezconteur.com\/index.php?rest_route=%2Fwp%2Fv2%2Fmedia&parent=2835"}],"curies":[{"name":"wp","href":"https:\/\/api.w.org\/{rel}","templated":true}]}}