{"id":2823,"date":"2023-03-28T16:03:41","date_gmt":"2023-03-28T16:03:41","guid":{"rendered":"http:\/\/stephaneferrandezconteur.com\/?page_id=2823"},"modified":"2023-03-28T16:03:43","modified_gmt":"2023-03-28T16:03:43","slug":"contes-du-monde-afrique-asie-europe-ameriques","status":"publish","type":"page","link":"https:\/\/stephaneferrandezconteur.com\/?page_id=2823","title":{"rendered":"Contes du monde (Afrique, Asie, Europe, Am\u00e9riques)"},"content":{"rendered":"\n<h2 class=\"has-large-font-size wp-block-heading\">Mon Jardin Secret<\/h2>\n\n\n\n<div class=\"wp-block-media-text alignwide has-media-on-the-right is-stacked-on-mobile\" style=\"grid-template-columns:auto 52%\"><figure class=\"wp-block-media-text__media\"><img data-recalc-dims=\"1\" fetchpriority=\"high\" decoding=\"async\" width=\"768\" height=\"1024\" data-attachment-id=\"857\" data-permalink=\"https:\/\/stephaneferrandezconteur.com\/?attachment_id=857\" data-orig-file=\"https:\/\/i0.wp.com\/stephaneferrandezconteur.com\/wp-content\/uploads\/2018\/09\/My-Post2.jpg?fit=1920%2C2561&amp;ssl=1\" data-orig-size=\"1920,2561\" data-comments-opened=\"1\" data-image-meta=\"{&quot;aperture&quot;:&quot;0&quot;,&quot;credit&quot;:&quot;&quot;,&quot;camera&quot;:&quot;&quot;,&quot;caption&quot;:&quot;&quot;,&quot;created_timestamp&quot;:&quot;0&quot;,&quot;copyright&quot;:&quot;&quot;,&quot;focal_length&quot;:&quot;0&quot;,&quot;iso&quot;:&quot;0&quot;,&quot;shutter_speed&quot;:&quot;0&quot;,&quot;title&quot;:&quot;&quot;,&quot;orientation&quot;:&quot;0&quot;}\" data-image-title=\"My Post(2)\" data-image-description=\"\" data-image-caption=\"&lt;p&gt;Contes du monde entier&lt;\/p&gt;\n\" data-medium-file=\"https:\/\/i0.wp.com\/stephaneferrandezconteur.com\/wp-content\/uploads\/2018\/09\/My-Post2.jpg?fit=225%2C300&amp;ssl=1\" data-large-file=\"https:\/\/i0.wp.com\/stephaneferrandezconteur.com\/wp-content\/uploads\/2018\/09\/My-Post2.jpg?fit=768%2C1024&amp;ssl=1\" src=\"https:\/\/i0.wp.com\/stephaneferrandezconteur.com\/wp-content\/uploads\/2018\/09\/My-Post2.jpg?resize=768%2C1024&#038;ssl=1\" alt=\"\" class=\"wp-image-857 size-full\" srcset=\"https:\/\/i0.wp.com\/stephaneferrandezconteur.com\/wp-content\/uploads\/2018\/09\/My-Post2.jpg?resize=768%2C1024&amp;ssl=1 768w, https:\/\/i0.wp.com\/stephaneferrandezconteur.com\/wp-content\/uploads\/2018\/09\/My-Post2.jpg?resize=225%2C300&amp;ssl=1 225w, https:\/\/i0.wp.com\/stephaneferrandezconteur.com\/wp-content\/uploads\/2018\/09\/My-Post2.jpg?w=1920&amp;ssl=1 1920w, https:\/\/i0.wp.com\/stephaneferrandezconteur.com\/wp-content\/uploads\/2018\/09\/My-Post2.jpg?w=1840&amp;ssl=1 1840w\" sizes=\"(max-width: 768px) 100vw, 768px\" \/><\/figure><div class=\"wp-block-media-text__content\">\n<p class=\"has-drop-cap\" style=\"font-size:30px\">Que le soleil caresse de sa tra\u00eene d&rsquo;or les toits des villes, ou que la pluie batte le rythme du temps&nbsp;<span style=\"text-align: justify;\">sur les ramures des arbres, vous aurez peut-\u00eatre la chance de le rencontrer. Dans le parc le plus verdoyant, coiff\u00e9 d&rsquo;un feutre anthracite aussi \u00e9lim\u00e9 <\/span><span style=\"text-align: justify;\">que son manteau, une \u00e9charpe autour du cou, un vieux bonhomme raconte.<\/span><\/p>\n\n\n\n<p style=\"font-size:30px\">N&rsquo;h\u00e9sitez pas \u00e0 lui demander l&rsquo;histoire<em>&nbsp;du Battement d&rsquo;ailes du papillon<\/em>, de r\u00e9v\u00e9ler <em>L<\/em>e<em>s secrets du sable<\/em>,&nbsp;\u00e0 moins&nbsp;que vous ne choisissiez de conna\u00eetre&nbsp;<em>La danse de la lumi\u00e8re sur l&rsquo;eau : <\/em><\/p>\n\n\n\n<p style=\"font-size:30px\"><em>3&nbsp;<\/em>chemins, 3 cont\u00e9es possibles dans ce spectacle interactif.<\/p>\n\n\n\n<p style=\"font-size:30px\">Spectacle tout public \u00e0 partir de 6 ans<\/p>\n<\/div><\/div>\n\n\n\n<div style=\"height:34px\" aria-hidden=\"true\" class=\"wp-block-spacer\"><\/div>\n","protected":false},"excerpt":{"rendered":"<p>Mon Jardin Secret Que le soleil caresse de sa tra\u00eene d&rsquo;or les toits des villes, ou que la pluie batte le rythme du temps&nbsp;sur les ramures des arbres, vous aurez<\/p>\n<p class=\"more-link\"><a href=\"https:\/\/stephaneferrandezconteur.com\/?page_id=2823\" class=\"readmore\">Continue reading<svg class=\"icon icon-arrow-right\" aria-hidden=\"true\" role=\"img\"> <use href=\"#icon-arrow-right\" xlink:href=\"#icon-arrow-right\"><\/use> <\/svg><span class=\"screen-reader-text\">Contes du monde (Afrique, Asie, Europe, Am\u00e9riques)<\/span><\/a><\/p>\n","protected":false},"author":1,"featured_media":0,"parent":0,"menu_order":0,"comment_status":"closed","ping_status":"closed","template":"","meta":{"_eb_attr":"","_monsterinsights_skip_tracking":false,"_monsterinsights_sitenote_active":false,"_monsterinsights_sitenote_note":"","_monsterinsights_sitenote_category":0,"jetpack_post_was_ever_published":false,"footnotes":""},"aioseo_notices":[],"jetpack_sharing_enabled":true,"jetpack_shortlink":"https:\/\/wp.me\/P94LVL-Jx","jetpack-related-posts":[],"jetpack_likes_enabled":true,"_links":{"self":[{"href":"https:\/\/stephaneferrandezconteur.com\/index.php?rest_route=\/wp\/v2\/pages\/2823"}],"collection":[{"href":"https:\/\/stephaneferrandezconteur.com\/index.php?rest_route=\/wp\/v2\/pages"}],"about":[{"href":"https:\/\/stephaneferrandezconteur.com\/index.php?rest_route=\/wp\/v2\/types\/page"}],"author":[{"embeddable":true,"href":"https:\/\/stephaneferrandezconteur.com\/index.php?rest_route=\/wp\/v2\/users\/1"}],"replies":[{"embeddable":true,"href":"https:\/\/stephaneferrandezconteur.com\/index.php?rest_route=%2Fwp%2Fv2%2Fcomments&post=2823"}],"version-history":[{"count":1,"href":"https:\/\/stephaneferrandezconteur.com\/index.php?rest_route=\/wp\/v2\/pages\/2823\/revisions"}],"predecessor-version":[{"id":2824,"href":"https:\/\/stephaneferrandezconteur.com\/index.php?rest_route=\/wp\/v2\/pages\/2823\/revisions\/2824"}],"wp:attachment":[{"href":"https:\/\/stephaneferrandezconteur.com\/index.php?rest_route=%2Fwp%2Fv2%2Fmedia&parent=2823"}],"curies":[{"name":"wp","href":"https:\/\/api.w.org\/{rel}","templated":true}]}}