{"id":268,"date":"2016-11-04T13:42:19","date_gmt":"2016-11-04T13:42:19","guid":{"rendered":"http:\/\/stephaneferrandezconteur.com\/?page_id=268"},"modified":"2024-08-21T19:57:31","modified_gmt":"2024-08-21T19:57:31","slug":"videos-et-photos","status":"publish","type":"page","link":"https:\/\/stephaneferrandezconteur.com\/?page_id=268","title":{"rendered":"M\u00e9dias"},"content":{"rendered":"\n<div style=\"height:21px\" aria-hidden=\"true\" class=\"wp-block-spacer\"><\/div>\n\n\n\n<div class=\"wp-block-buttons is-horizontal is-content-justification-center is-layout-flex wp-container-core-buttons-is-layout-1 wp-block-buttons-is-layout-flex\">\n<div class=\"wp-block-button has-custom-font-size is-style-fill has-medium-font-size\"><a class=\"wp-block-button__link has-white-color has-text-color has-background wp-element-button\" href=\"https:\/\/stephaneferrandezconteur.com\/?page_id=196\" style=\"background-color:#e94949\"> Articles de presse<\/a><\/div>\n<\/div>\n\n\n\n<p><\/p>\n\n\n<div class=\"wp-block-image\">\n<figure class=\"aligncenter size-full\"><a href=\"https:\/\/stephaneferrandezconteur.com\/?page_id=196\"><img data-recalc-dims=\"1\" fetchpriority=\"high\" decoding=\"async\" width=\"920\" height=\"518\" data-attachment-id=\"3756\" data-permalink=\"https:\/\/stephaneferrandezconteur.com\/?attachment_id=3756\" data-orig-file=\"https:\/\/i0.wp.com\/stephaneferrandezconteur.com\/wp-content\/uploads\/2024\/08\/9.jpg?fit=1640%2C924&amp;ssl=1\" data-orig-size=\"1640,924\" data-comments-opened=\"1\" data-image-meta=\"{&quot;aperture&quot;:&quot;0&quot;,&quot;credit&quot;:&quot;&quot;,&quot;camera&quot;:&quot;&quot;,&quot;caption&quot;:&quot;&quot;,&quot;created_timestamp&quot;:&quot;0&quot;,&quot;copyright&quot;:&quot;&quot;,&quot;focal_length&quot;:&quot;0&quot;,&quot;iso&quot;:&quot;0&quot;,&quot;shutter_speed&quot;:&quot;0&quot;,&quot;title&quot;:&quot;&quot;,&quot;orientation&quot;:&quot;1&quot;}\" data-image-title=\"9\" data-image-description=\"\" data-image-caption=\"\" data-medium-file=\"https:\/\/i0.wp.com\/stephaneferrandezconteur.com\/wp-content\/uploads\/2024\/08\/9.jpg?fit=300%2C169&amp;ssl=1\" data-large-file=\"https:\/\/i0.wp.com\/stephaneferrandezconteur.com\/wp-content\/uploads\/2024\/08\/9.jpg?fit=920%2C518&amp;ssl=1\" src=\"https:\/\/i0.wp.com\/stephaneferrandezconteur.com\/wp-content\/uploads\/2024\/08\/9.jpg?resize=920%2C518&#038;ssl=1\" alt=\"\" class=\"wp-image-3756\" srcset=\"https:\/\/i0.wp.com\/stephaneferrandezconteur.com\/wp-content\/uploads\/2024\/08\/9.jpg?w=1640&amp;ssl=1 1640w, https:\/\/i0.wp.com\/stephaneferrandezconteur.com\/wp-content\/uploads\/2024\/08\/9.jpg?resize=300%2C169&amp;ssl=1 300w, https:\/\/i0.wp.com\/stephaneferrandezconteur.com\/wp-content\/uploads\/2024\/08\/9.jpg?resize=768%2C433&amp;ssl=1 768w, https:\/\/i0.wp.com\/stephaneferrandezconteur.com\/wp-content\/uploads\/2024\/08\/9.jpg?resize=1536%2C865&amp;ssl=1 1536w\" sizes=\"(max-width: 920px) 100vw, 920px\" \/><\/a><\/figure><\/div>\n\n\n<div style=\"height:134px\" aria-hidden=\"true\" class=\"wp-block-spacer\"><\/div>\n\n\n\n<div class=\"wp-block-buttons is-horizontal is-content-justification-center is-layout-flex wp-container-core-buttons-is-layout-2 wp-block-buttons-is-layout-flex\">\n<div class=\"wp-block-button has-custom-font-size is-style-fill has-medium-font-size\"><a class=\"wp-block-button__link has-white-color has-text-color has-background wp-element-button\" href=\"https:\/\/stephaneferrandezconteur.com\/?page_id=2259\" style=\"background-color:#e94949\">Dossiers t\u00e9l\u00e9chargeables<\/a><\/div>\n<\/div>\n\n\n\n<p><\/p>\n\n\n<div class=\"wp-block-image\">\n<figure class=\"aligncenter size-full\"><a href=\"https:\/\/stephaneferrandezconteur.com\/?page_id=2259\"><img data-recalc-dims=\"1\" decoding=\"async\" width=\"920\" height=\"518\" data-attachment-id=\"3755\" data-permalink=\"https:\/\/stephaneferrandezconteur.com\/?attachment_id=3755\" data-orig-file=\"https:\/\/i0.wp.com\/stephaneferrandezconteur.com\/wp-content\/uploads\/2024\/08\/3.jpg?fit=1640%2C924&amp;ssl=1\" data-orig-size=\"1640,924\" data-comments-opened=\"1\" data-image-meta=\"{&quot;aperture&quot;:&quot;0&quot;,&quot;credit&quot;:&quot;&quot;,&quot;camera&quot;:&quot;&quot;,&quot;caption&quot;:&quot;&quot;,&quot;created_timestamp&quot;:&quot;0&quot;,&quot;copyright&quot;:&quot;&quot;,&quot;focal_length&quot;:&quot;0&quot;,&quot;iso&quot;:&quot;0&quot;,&quot;shutter_speed&quot;:&quot;0&quot;,&quot;title&quot;:&quot;&quot;,&quot;orientation&quot;:&quot;1&quot;}\" data-image-title=\"3\" data-image-description=\"\" data-image-caption=\"\" data-medium-file=\"https:\/\/i0.wp.com\/stephaneferrandezconteur.com\/wp-content\/uploads\/2024\/08\/3.jpg?fit=300%2C169&amp;ssl=1\" data-large-file=\"https:\/\/i0.wp.com\/stephaneferrandezconteur.com\/wp-content\/uploads\/2024\/08\/3.jpg?fit=920%2C518&amp;ssl=1\" src=\"https:\/\/i0.wp.com\/stephaneferrandezconteur.com\/wp-content\/uploads\/2024\/08\/3.jpg?resize=920%2C518&#038;ssl=1\" alt=\"\" class=\"wp-image-3755\" srcset=\"https:\/\/i0.wp.com\/stephaneferrandezconteur.com\/wp-content\/uploads\/2024\/08\/3.jpg?w=1640&amp;ssl=1 1640w, https:\/\/i0.wp.com\/stephaneferrandezconteur.com\/wp-content\/uploads\/2024\/08\/3.jpg?resize=300%2C169&amp;ssl=1 300w, https:\/\/i0.wp.com\/stephaneferrandezconteur.com\/wp-content\/uploads\/2024\/08\/3.jpg?resize=768%2C433&amp;ssl=1 768w, https:\/\/i0.wp.com\/stephaneferrandezconteur.com\/wp-content\/uploads\/2024\/08\/3.jpg?resize=1536%2C865&amp;ssl=1 1536w\" sizes=\"(max-width: 920px) 100vw, 920px\" \/><\/a><\/figure><\/div>\n\n\n<div style=\"height:131px\" aria-hidden=\"true\" class=\"wp-block-spacer\"><\/div>\n\n\n\n<div class=\"wp-block-buttons is-content-justification-center is-layout-flex wp-container-core-buttons-is-layout-3 wp-block-buttons-is-layout-flex\">\n<div class=\"wp-block-button has-custom-font-size is-style-outline has-medium-font-size\"><a class=\"wp-block-button__link has-white-color has-text-color has-background wp-element-button\" href=\"https:\/\/stephaneferrandezconteur.com\/?page_id=1115\" style=\"background-color:#f54b4b\">Galerie Photos<\/a><\/div>\n<\/div>\n\n\n\n<p><\/p>\n\n\n<div class=\"wp-block-image\">\n<figure class=\"aligncenter\"><a href=\"https:\/\/stephaneferrandezconteur.com\/?page_id=1115\"><img data-recalc-dims=\"1\" decoding=\"async\" width=\"920\" height=\"518\" data-attachment-id=\"637\" data-permalink=\"https:\/\/stephaneferrandezconteur.com\/?attachment_id=637\" data-orig-file=\"https:\/\/i0.wp.com\/stephaneferrandezconteur.com\/wp-content\/uploads\/2016\/08\/portrait-duo.jpg?fit=2048%2C1152&amp;ssl=1\" data-orig-size=\"2048,1152\" data-comments-opened=\"1\" data-image-meta=\"{&quot;aperture&quot;:&quot;0&quot;,&quot;credit&quot;:&quot;&quot;,&quot;camera&quot;:&quot;&quot;,&quot;caption&quot;:&quot;&quot;,&quot;created_timestamp&quot;:&quot;0&quot;,&quot;copyright&quot;:&quot;&quot;,&quot;focal_length&quot;:&quot;0&quot;,&quot;iso&quot;:&quot;0&quot;,&quot;shutter_speed&quot;:&quot;0&quot;,&quot;title&quot;:&quot;&quot;,&quot;orientation&quot;:&quot;0&quot;}\" data-image-title=\"portrait duo\" data-image-description=\"\" data-image-caption=\"\" data-medium-file=\"https:\/\/i0.wp.com\/stephaneferrandezconteur.com\/wp-content\/uploads\/2016\/08\/portrait-duo.jpg?fit=300%2C169&amp;ssl=1\" data-large-file=\"https:\/\/i0.wp.com\/stephaneferrandezconteur.com\/wp-content\/uploads\/2016\/08\/portrait-duo.jpg?fit=920%2C518&amp;ssl=1\" src=\"https:\/\/i0.wp.com\/stephaneferrandezconteur.com\/wp-content\/uploads\/2016\/08\/portrait-duo.jpg?resize=920%2C518&#038;ssl=1\" alt=\"\" class=\"wp-image-637\" srcset=\"https:\/\/i0.wp.com\/stephaneferrandezconteur.com\/wp-content\/uploads\/2016\/08\/portrait-duo.jpg?resize=1024%2C576&amp;ssl=1 1024w, https:\/\/i0.wp.com\/stephaneferrandezconteur.com\/wp-content\/uploads\/2016\/08\/portrait-duo.jpg?resize=300%2C169&amp;ssl=1 300w, https:\/\/i0.wp.com\/stephaneferrandezconteur.com\/wp-content\/uploads\/2016\/08\/portrait-duo.jpg?resize=768%2C432&amp;ssl=1 768w, https:\/\/i0.wp.com\/stephaneferrandezconteur.com\/wp-content\/uploads\/2016\/08\/portrait-duo.jpg?w=2048&amp;ssl=1 2048w, https:\/\/i0.wp.com\/stephaneferrandezconteur.com\/wp-content\/uploads\/2016\/08\/portrait-duo.jpg?w=1840&amp;ssl=1 1840w\" sizes=\"(max-width: 920px) 100vw, 920px\" \/><\/a><\/figure><\/div>\n\n\n<div style=\"height:79px\" aria-hidden=\"true\" class=\"wp-block-spacer\"><\/div>\n\n\n\n<div class=\"wp-block-buttons is-content-justification-center is-layout-flex wp-container-core-buttons-is-layout-4 wp-block-buttons-is-layout-flex\">\n<div class=\"wp-block-button has-custom-font-size is-style-outline has-medium-font-size\"><a class=\"wp-block-button__link has-white-color has-text-color has-background wp-element-button\" href=\"https:\/\/stephaneferrandezconteur.com\/?page_id=292\" style=\"background-color:#f54b4b\"><strong>RAKUGO<\/strong><\/a><\/div>\n<\/div>\n\n\n\n<figure class=\"wp-block-embed is-type-video is-provider-youtube wp-block-embed-youtube wp-embed-aspect-16-9 wp-has-aspect-ratio\"><div class=\"wp-block-embed__wrapper\">\n<iframe title=\"Rakugo \u843d\u8a9e\" width=\"920\" height=\"518\" src=\"https:\/\/www.youtube.com\/embed\/sMQeIhmBq-E?feature=oembed\" frameborder=\"0\" allow=\"accelerometer; autoplay; clipboard-write; encrypted-media; gyroscope; picture-in-picture; web-share\" referrerpolicy=\"strict-origin-when-cross-origin\" allowfullscreen><\/iframe>\n<\/div><\/figure>\n\n\n\n<div style=\"height:101px\" aria-hidden=\"true\" class=\"wp-block-spacer\"><\/div>\n\n\n\n<div class=\"wp-block-buttons is-content-justification-center is-layout-flex wp-container-core-buttons-is-layout-5 wp-block-buttons-is-layout-flex\">\n<div class=\"wp-block-button has-custom-font-size is-style-outline has-medium-font-size\"><a class=\"wp-block-button__link has-white-color has-text-color has-background wp-element-button\" href=\"https:\/\/stephaneferrandezconteur.com\/?page_id=294\" style=\"background-color:#f54b4b\">Contes du Monde en video<\/a><\/div>\n<\/div>\n\n\n\n<p><\/p>\n\n\n\n<figure class=\"wp-block-embed is-type-video is-provider-youtube wp-block-embed-youtube wp-embed-aspect-16-9 wp-has-aspect-ratio\"><div class=\"wp-block-embed__wrapper\">\n<iframe title=\"Contes br\u00e9siliens par St\u00e9phane Ferrandez - Cie Balabolka\" width=\"920\" height=\"518\" src=\"https:\/\/www.youtube.com\/embed\/W27IzsKnW7w?feature=oembed\" frameborder=\"0\" allow=\"accelerometer; autoplay; clipboard-write; encrypted-media; gyroscope; picture-in-picture; web-share\" referrerpolicy=\"strict-origin-when-cross-origin\" allowfullscreen><\/iframe>\n<\/div><\/figure>\n\n\n\n<div style=\"height:146px\" aria-hidden=\"true\" class=\"wp-block-spacer\"><\/div>\n\n\n\n<div class=\"wp-block-buttons is-content-justification-center is-layout-flex wp-container-core-buttons-is-layout-6 wp-block-buttons-is-layout-flex\">\n<div class=\"wp-block-button is-style-outline\"><a class=\"wp-block-button__link has-white-color has-text-color has-background wp-element-button\" href=\"https:\/\/www.rakugo.fr\/espace-pro-m%C3%A9dias-presse\/vid%C3%A9os\/\" style=\"background-color:#f54b4b\" target=\"_blank\" rel=\"noreferrer noopener\">Interviews<\/a><\/div>\n<\/div>\n\n\n\n<p><\/p>\n\n\n\n<figure class=\"wp-block-embed aligncenter is-type-video is-provider-youtube wp-block-embed-youtube wp-embed-aspect-16-9 wp-has-aspect-ratio\"><div class=\"wp-block-embed__wrapper\">\n<iframe title=\"JAPAN TOUCH 2015 \u2022 Interview \u2022 St\u00e9phane Ferrandez, ma\u00eetre Rakugo (2)\" width=\"920\" height=\"518\" src=\"https:\/\/www.youtube.com\/embed\/d_Xn5vZq0Js?feature=oembed\" frameborder=\"0\" allow=\"accelerometer; autoplay; clipboard-write; encrypted-media; gyroscope; picture-in-picture; web-share\" referrerpolicy=\"strict-origin-when-cross-origin\" allowfullscreen><\/iframe>\n<\/div><\/figure>\n\n\n\n<div style=\"height:186px\" aria-hidden=\"true\" class=\"wp-block-spacer\"><\/div>\n\n\n\n<div class=\"wp-block-buttons is-horizontal is-content-justification-center is-layout-flex wp-container-core-buttons-is-layout-7 wp-block-buttons-is-layout-flex\">\n<div class=\"wp-block-button has-custom-font-size is-style-outline has-medium-font-size\"><a class=\"wp-block-button__link has-white-color has-vivid-red-background-color has-text-color has-background wp-element-button\" href=\"https:\/\/youtu.be\/GGx9Pn5XJIM\" style=\"border-radius:26px\" target=\"_blank\" rel=\"noreferrer noopener\">Les trois v\u0153ux, Conte br\u00e9silien<\/a><\/div>\n<\/div>\n\n\n\n<p><\/p>\n\n\n\n<figure class=\"wp-block-embed is-type-video is-provider-youtube wp-block-embed-youtube wp-embed-aspect-16-9 wp-has-aspect-ratio\"><div class=\"wp-block-embed__wrapper\">\n<iframe title=\"Os tr\u00eas desejos \/ Les trois v\u0153ux, conte br\u00e9silien  par St\u00e9phane Ferrandez - Nuit des mus\u00e9es 2020.\" width=\"920\" height=\"518\" src=\"https:\/\/www.youtube.com\/embed\/GGx9Pn5XJIM?feature=oembed\" frameborder=\"0\" allow=\"accelerometer; autoplay; clipboard-write; encrypted-media; gyroscope; picture-in-picture; web-share\" referrerpolicy=\"strict-origin-when-cross-origin\" allowfullscreen><\/iframe>\n<\/div><figcaption class=\"wp-element-caption\"><br><\/figcaption><\/figure>\n","protected":false},"excerpt":{"rendered":"","protected":false},"author":1,"featured_media":0,"parent":0,"menu_order":0,"comment_status":"closed","ping_status":"closed","template":"","meta":{"_eb_attr":"","_monsterinsights_skip_tracking":false,"_monsterinsights_sitenote_active":false,"_monsterinsights_sitenote_note":"","_monsterinsights_sitenote_category":0,"jetpack_post_was_ever_published":false,"footnotes":""},"aioseo_notices":[],"jetpack_sharing_enabled":true,"jetpack_shortlink":"https:\/\/wp.me\/P94LVL-4k","jetpack-related-posts":[],"jetpack_likes_enabled":true,"_links":{"self":[{"href":"https:\/\/stephaneferrandezconteur.com\/index.php?rest_route=\/wp\/v2\/pages\/268"}],"collection":[{"href":"https:\/\/stephaneferrandezconteur.com\/index.php?rest_route=\/wp\/v2\/pages"}],"about":[{"href":"https:\/\/stephaneferrandezconteur.com\/index.php?rest_route=\/wp\/v2\/types\/page"}],"author":[{"embeddable":true,"href":"https:\/\/stephaneferrandezconteur.com\/index.php?rest_route=\/wp\/v2\/users\/1"}],"replies":[{"embeddable":true,"href":"https:\/\/stephaneferrandezconteur.com\/index.php?rest_route=%2Fwp%2Fv2%2Fcomments&post=268"}],"version-history":[{"count":28,"href":"https:\/\/stephaneferrandezconteur.com\/index.php?rest_route=\/wp\/v2\/pages\/268\/revisions"}],"predecessor-version":[{"id":3767,"href":"https:\/\/stephaneferrandezconteur.com\/index.php?rest_route=\/wp\/v2\/pages\/268\/revisions\/3767"}],"wp:attachment":[{"href":"https:\/\/stephaneferrandezconteur.com\/index.php?rest_route=%2Fwp%2Fv2%2Fmedia&parent=268"}],"curies":[{"name":"wp","href":"https:\/\/api.w.org\/{rel}","templated":true}]}}