{"id":252,"date":"2016-08-23T14:58:00","date_gmt":"2016-08-23T14:58:00","guid":{"rendered":"http:\/\/stephaneferrandezconteur.com\/?page_id=252"},"modified":"2021-03-18T10:07:23","modified_gmt":"2021-03-18T10:07:23","slug":"contact","status":"publish","type":"page","link":"https:\/\/stephaneferrandezconteur.com\/?page_id=252","title":{"rendered":"CONTACT"},"content":{"rendered":"\n<p>Un festival, une biblioth\u00e8que, un mus\u00e9e, une salle de spectacle, une \u00e9cole, un stage, un collectage, une histoire de vie ; un spectacle chez vous ? Contacter nous pour r\u00e9aliser votre projet !<\/p>\n\n\n<p>Cie BALABOLKA<\/p>\n<p><a href=\"https:\/\/stephaneferrandezconteur.com\/parcours\">St\u00e9phane Ferrandez, Conteur<\/a><\/p>\n<p><img data-recalc-dims=\"1\" decoding=\"async\" data-attachment-id=\"259\" data-permalink=\"https:\/\/stephaneferrandezconteur.com\/?attachment_id=259\" data-orig-file=\"https:\/\/i0.wp.com\/stephaneferrandezconteur.com\/wp-content\/uploads\/2016\/08\/telephone-icone-8868-64.png?fit=64%2C64&amp;ssl=1\" data-orig-size=\"64,64\" data-comments-opened=\"1\" data-image-meta=\"{&quot;aperture&quot;:&quot;0&quot;,&quot;credit&quot;:&quot;&quot;,&quot;camera&quot;:&quot;&quot;,&quot;caption&quot;:&quot;&quot;,&quot;created_timestamp&quot;:&quot;0&quot;,&quot;copyright&quot;:&quot;&quot;,&quot;focal_length&quot;:&quot;0&quot;,&quot;iso&quot;:&quot;0&quot;,&quot;shutter_speed&quot;:&quot;0&quot;,&quot;title&quot;:&quot;&quot;,&quot;orientation&quot;:&quot;0&quot;}\" data-image-title=\"telephone-icone-8868-64\" data-image-description=\"\" data-image-caption=\"\" data-medium-file=\"https:\/\/i0.wp.com\/stephaneferrandezconteur.com\/wp-content\/uploads\/2016\/08\/telephone-icone-8868-64.png?fit=64%2C64&amp;ssl=1\" data-large-file=\"https:\/\/i0.wp.com\/stephaneferrandezconteur.com\/wp-content\/uploads\/2016\/08\/telephone-icone-8868-64.png?fit=64%2C64&amp;ssl=1\" class=\"wp-image-259 alignnone\" src=\"https:\/\/i0.wp.com\/stephaneferrandezconteur.com\/wp-content\/uploads\/2016\/08\/telephone-icone-8868-64.png?resize=58%2C58&#038;ssl=1\" alt=\"telephone-icone-8868-64\" width=\"58\" height=\"58\">06 23 89 61 73<\/p>\n<p>&nbsp;<\/p>\n<div data-test='contact-form' id='contact-form-252' class='wp-block-jetpack-contact-form-container '>\n<form action='https:\/\/stephaneferrandezconteur.com\/?page_id=252#contact-form-252' method='post' class='contact-form commentsblock' aria-label=\"CONTACT\" novalidate>\n\n<div style=\"\" class='grunion-field-name-wrap grunion-field-wrap'  >\n<label\n\t\t\t\tfor='g252-nom'\n\t\t\t\tclass='grunion-field-label name'>Nom<span class=\"grunion-label-required\" aria-hidden=\"true\">(obligatoire)<\/span><\/label>\n<input\n\t\t\t\t\ttype='text'\n\t\t\t\t\tname='g252-nom'\n\t\t\t\t\tid='g252-nom'\n\t\t\t\t\tvalue=''\n\t\t\t\t\tclass='name  grunion-field' \n\t\t\t\t\trequired aria-required='true' \/>\n\t<\/div>\n\n<div style=\"\" class='grunion-field-email-wrap grunion-field-wrap'  >\n<label\n\t\t\t\tfor='g252-email'\n\t\t\t\tclass='grunion-field-label email'>E-mail<span class=\"grunion-label-required\" aria-hidden=\"true\">(obligatoire)<\/span><\/label>\n<input\n\t\t\t\t\ttype='email'\n\t\t\t\t\tname='g252-email'\n\t\t\t\t\tid='g252-email'\n\t\t\t\t\tvalue=''\n\t\t\t\t\tclass='email  grunion-field' \n\t\t\t\t\trequired aria-required='true' \/>\n\t<\/div>\n\n<div style=\"\" class='grunion-field-textarea-wrap grunion-field-wrap'  >\n<label\n\t\t\t\tfor='contact-form-comment-g252-message'\n\t\t\t\tclass='grunion-field-label textarea'>Message<\/label>\n<textarea\n\t\t                style=''\n\t\t                name='g252-message'\n\t\t                id='contact-form-comment-g252-message'\n\t\t                rows='20' class='textarea  grunion-field'  ><\/textarea>\n\t<\/div>\n\t<p class='contact-submit'>\n\t\t<button type='submit' class='pushbutton-wide'>Envoyer<\/button>\t\t<input type='hidden' name='contact-form-id' value='252' \/>\n\t\t<input type='hidden' name='action' value='grunion-contact-form' \/>\n\t\t<input type='hidden' name='contact-form-hash' value='df2d641d68ecba3db94b21d260dd40a6b5b9b15f' \/>\n\t<\/p>\n<p style=\"display: none !important;\" class=\"akismet-fields-container\" data-prefix=\"ak_\"><label>&#916;<textarea name=\"ak_hp_textarea\" cols=\"45\" rows=\"8\" maxlength=\"100\"><\/textarea><\/label><input type=\"hidden\" id=\"ak_js_1\" name=\"ak_js\" value=\"113\"\/><script data-jetpack-boost=\"ignore\">document.getElementById( \"ak_js_1\" ).setAttribute( \"value\", ( new Date() ).getTime() );<\/script><\/p><\/form>\n<\/div>\n<p>&nbsp;<\/p>\n<p><!-- Begin Mailchimp Signup Form --><\/p>\n<p>&nbsp;<\/p>\n<div id=\"mc_embed_signup\"><form id=\"mc-embedded-subscribe-form\" class=\"validate\" action=\"https:\/\/rakugofranceblogspot.us12.list-manage.com\/subscribe\/post?u=90382a957448682b539306027&amp;id=c69fc8e75d\" method=\"post\" name=\"mc-embedded-subscribe-form\" novalidate=\"\" target=\"_blank\">\n<div id=\"mc_embed_signup_scroll\"><label for=\"mce-EMAIL\">inscrivez-vous \u00e0 notre newsletter<\/label><br><input id=\"mce-EMAIL\" class=\"email\" name=\"EMAIL\" required=\"\" type=\"email\" value=\"\" placeholder=\"email address\">\n<p>&nbsp;<\/p>\n<div id=\"mergeRow-gdpr\" class=\"mergeRow gdpr-mergeRow content__gdprBlock mc-field-group\">\n<div class=\"content__gdpr\">\n<p><label>Marketing Permissions<\/label>Please select all the ways you would like to hear from Cie Balabolka Contes &amp; Rakugo:<\/p>\n<fieldset class=\"mc_fieldset gdprRequired mc-field-group\" name=\"interestgroup_field\"><label class=\"checkbox subfield\" for=\"gdpr_35845\"><input id=\"gdpr_35845\" class=\"av-checkbox \" name=\"gdpr[35845]\" type=\"checkbox\" value=\"Y\">Email <\/label><label class=\"checkbox subfield\" for=\"gdpr_35849\"><input id=\"gdpr_35849\" class=\"av-checkbox \" name=\"gdpr[35849]\" type=\"checkbox\" value=\"Y\">Direct Mail <\/label><label class=\"checkbox subfield\" for=\"gdpr_35853\"><input id=\"gdpr_35853\" class=\"av-checkbox \" name=\"gdpr[35853]\" type=\"checkbox\" value=\"Y\">Customized Online Advertising <\/label><\/fieldset>\n<p>You can unsubscribe at any time by clicking the link in the footer of our emails. For information about our privacy practices, please visit our website.<\/p>\n<\/div>\n<div class=\"content__gdprLegal\">\n<p>We use Mailchimp as our marketing platform. By clicking below to subscribe, you acknowledge that your information will be transferred to Mailchimp for processing. <a href=\"https:\/\/mailchimp.com\/legal\/\" target=\"_blank\" rel=\"noopener noreferrer\">Learn more about Mailchimp&rsquo;s privacy practices here.<\/a><\/p>\n<\/div>\n<\/div>\n<p><!-- real people should not fill this in and expect good things - do not remove this or risk form bot signups--><\/p>\n<div style=\"position: absolute; left: -5000px;\" aria-hidden=\"true\"><input tabindex=\"-1\" name=\"b_90382a957448682b539306027_c69fc8e75d\" type=\"text\" value=\"\"><\/div>\n<div class=\"clear\"><input id=\"mc-embedded-subscribe\" class=\"button\" name=\"subscribe\" type=\"submit\" value=\"Subscribe\"><\/div>\n<\/div>\n<\/form><\/div>","protected":false},"excerpt":{"rendered":"<p>Un festival, une biblioth\u00e8que, un mus\u00e9e, une salle de spectacle, une \u00e9cole, un stage, un collectage, une histoire de vie ; un spectacle chez vous ? Contacter nous pour r\u00e9aliser<\/p>\n<p class=\"more-link\"><a href=\"https:\/\/stephaneferrandezconteur.com\/?page_id=252\" class=\"readmore\">Continue reading<svg class=\"icon icon-arrow-right\" aria-hidden=\"true\" role=\"img\"> <use href=\"#icon-arrow-right\" xlink:href=\"#icon-arrow-right\"><\/use> <\/svg><span class=\"screen-reader-text\">CONTACT<\/span><\/a><\/p>\n","protected":false},"author":1,"featured_media":0,"parent":0,"menu_order":0,"comment_status":"closed","ping_status":"closed","template":"","meta":{"_eb_attr":"","_monsterinsights_skip_tracking":false,"_monsterinsights_sitenote_active":false,"_monsterinsights_sitenote_note":"","_monsterinsights_sitenote_category":0,"jetpack_post_was_ever_published":false,"footnotes":""},"aioseo_notices":[],"jetpack_sharing_enabled":true,"jetpack_shortlink":"https:\/\/wp.me\/P94LVL-44","jetpack-related-posts":[],"jetpack_likes_enabled":true,"_links":{"self":[{"href":"https:\/\/stephaneferrandezconteur.com\/index.php?rest_route=\/wp\/v2\/pages\/252"}],"collection":[{"href":"https:\/\/stephaneferrandezconteur.com\/index.php?rest_route=\/wp\/v2\/pages"}],"about":[{"href":"https:\/\/stephaneferrandezconteur.com\/index.php?rest_route=\/wp\/v2\/types\/page"}],"author":[{"embeddable":true,"href":"https:\/\/stephaneferrandezconteur.com\/index.php?rest_route=\/wp\/v2\/users\/1"}],"replies":[{"embeddable":true,"href":"https:\/\/stephaneferrandezconteur.com\/index.php?rest_route=%2Fwp%2Fv2%2Fcomments&post=252"}],"version-history":[{"count":15,"href":"https:\/\/stephaneferrandezconteur.com\/index.php?rest_route=\/wp\/v2\/pages\/252\/revisions"}],"predecessor-version":[{"id":2072,"href":"https:\/\/stephaneferrandezconteur.com\/index.php?rest_route=\/wp\/v2\/pages\/252\/revisions\/2072"}],"wp:attachment":[{"href":"https:\/\/stephaneferrandezconteur.com\/index.php?rest_route=%2Fwp%2Fv2%2Fmedia&parent=252"}],"curies":[{"name":"wp","href":"https:\/\/api.w.org\/{rel}","templated":true}]}}