{"id":2212,"date":"2021-08-26T14:07:35","date_gmt":"2021-08-26T14:07:35","guid":{"rendered":"http:\/\/stephaneferrandezconteur.com\/?page_id=2212"},"modified":"2021-10-02T18:05:52","modified_gmt":"2021-10-02T18:05:52","slug":"temoignages-et-paroles-de-spectateurs","status":"publish","type":"page","link":"https:\/\/stephaneferrandezconteur.com\/?page_id=2212","title":{"rendered":"T\u00e9moignages et Paroles de spectateurs"},"content":{"rendered":"\n<div class=\"wp-block-group\"><div class=\"wp-block-group__inner-container is-layout-flow wp-block-group-is-layout-flow\">\n<div class=\"wp-block-group\"><div class=\"wp-block-group__inner-container is-layout-flow wp-block-group-is-layout-flow\"><\/div><\/div>\n\n\n\n<hr class=\"wp-block-separator has-text-color has-background has-vivid-cyan-blue-background-color has-vivid-cyan-blue-color is-style-wide\"\/>\n\n\n\n<div class=\"wp-block-group\"><div class=\"wp-block-group__inner-container is-layout-flow wp-block-group-is-layout-flow\">\n<div style=\"height:69px\" aria-hidden=\"true\" class=\"wp-block-spacer\"><\/div>\n\n\n\n<p><\/p>\n<\/div><\/div>\n\n\n\n<div class=\"wp-block-group\"><div class=\"wp-block-group__inner-container is-layout-flow wp-block-group-is-layout-flow\">\n<div class=\"wp-block-group\"><div class=\"wp-block-group__inner-container is-layout-flow wp-block-group-is-layout-flow\">\n<blockquote class=\"wp-block-quote is-style-large is-layout-flow wp-block-quote-is-layout-flow\"><p>Merci au diplomate de l&rsquo;Ambassade du Japon en France pour son regard qui \u00e9claire notre parcours de plus de 10 ans dans le monde du Rakugo !<\/p><\/blockquote>\n<\/div><\/div>\n<\/div><\/div>\n\n\n\n<figure class=\"wp-block-gallery columns-3 is-cropped wp-block-gallery-1 is-layout-flex wp-block-gallery-is-layout-flex\"><ul class=\"blocks-gallery-grid\"><li class=\"blocks-gallery-item\"><figure><img data-recalc-dims=\"1\" fetchpriority=\"high\" decoding=\"async\" width=\"920\" height=\"611\" data-attachment-id=\"1968\" data-permalink=\"https:\/\/stephaneferrandezconteur.com\/?attachment_id=1968\" data-orig-file=\"https:\/\/i0.wp.com\/stephaneferrandezconteur.com\/wp-content\/uploads\/2021\/02\/mimi-party-5-dec-2009-h-de-cr%E2%94%9C%D0%B9cy-28.jpg?fit=1024%2C680&amp;ssl=1\" data-orig-size=\"1024,680\" data-comments-opened=\"1\" data-image-meta=\"{&quot;aperture&quot;:&quot;0&quot;,&quot;credit&quot;:&quot;&quot;,&quot;camera&quot;:&quot;&quot;,&quot;caption&quot;:&quot;&quot;,&quot;created_timestamp&quot;:&quot;0&quot;,&quot;copyright&quot;:&quot;&quot;,&quot;focal_length&quot;:&quot;0&quot;,&quot;iso&quot;:&quot;0&quot;,&quot;shutter_speed&quot;:&quot;0&quot;,&quot;title&quot;:&quot;&quot;,&quot;orientation&quot;:&quot;0&quot;}\" data-image-title=\"mimi-party-5-dec-2009-h-de-cr\u251c\u0439cy-28\" data-image-description=\"\" data-image-caption=\"\" data-medium-file=\"https:\/\/i0.wp.com\/stephaneferrandezconteur.com\/wp-content\/uploads\/2021\/02\/mimi-party-5-dec-2009-h-de-cr%E2%94%9C%D0%B9cy-28.jpg?fit=300%2C199&amp;ssl=1\" data-large-file=\"https:\/\/i0.wp.com\/stephaneferrandezconteur.com\/wp-content\/uploads\/2021\/02\/mimi-party-5-dec-2009-h-de-cr%E2%94%9C%D0%B9cy-28.jpg?fit=920%2C611&amp;ssl=1\" src=\"https:\/\/i0.wp.com\/stephaneferrandezconteur.com\/wp-content\/uploads\/2021\/02\/mimi-party-5-dec-2009-h-de-cr%E2%94%9C%D0%B9cy-28.jpg?resize=920%2C611&#038;ssl=1\" alt=\"\" data-id=\"1968\" data-full-url=\"https:\/\/stephaneferrandezconteur.com\/wp-content\/uploads\/2021\/02\/mimi-party-5-dec-2009-h-de-cr\u251c\u0439cy-28.jpg\" data-link=\"https:\/\/stephaneferrandezconteur.com\/sample-page\/mimi-party-5-dec-2009-h-de-cr%e2%94%9c%d0%b9cy-28\" class=\"wp-image-1968\" srcset=\"https:\/\/i0.wp.com\/stephaneferrandezconteur.com\/wp-content\/uploads\/2021\/02\/mimi-party-5-dec-2009-h-de-cr%E2%94%9C%D0%B9cy-28.jpg?w=1024&amp;ssl=1 1024w, https:\/\/i0.wp.com\/stephaneferrandezconteur.com\/wp-content\/uploads\/2021\/02\/mimi-party-5-dec-2009-h-de-cr%E2%94%9C%D0%B9cy-28.jpg?resize=300%2C199&amp;ssl=1 300w, https:\/\/i0.wp.com\/stephaneferrandezconteur.com\/wp-content\/uploads\/2021\/02\/mimi-party-5-dec-2009-h-de-cr%E2%94%9C%D0%B9cy-28.jpg?resize=768%2C510&amp;ssl=1 768w\" sizes=\"(max-width: 920px) 100vw, 920px\" \/><figcaption class=\"blocks-gallery-item__caption\">Mimi Party Villa Kujoyama 2009<\/figcaption><\/figure><\/li><li class=\"blocks-gallery-item\"><figure><img data-recalc-dims=\"1\" decoding=\"async\" width=\"920\" height=\"615\" data-attachment-id=\"1965\" data-permalink=\"https:\/\/stephaneferrandezconteur.com\/?attachment_id=1965\" data-orig-file=\"https:\/\/i0.wp.com\/stephaneferrandezconteur.com\/wp-content\/uploads\/2021\/02\/japan-expo2011-scaled.jpg?fit=2560%2C1714&amp;ssl=1\" data-orig-size=\"2560,1714\" data-comments-opened=\"1\" data-image-meta=\"{&quot;aperture&quot;:&quot;5.6&quot;,&quot;credit&quot;:&quot;&quot;,&quot;camera&quot;:&quot;DSLR-A300&quot;,&quot;caption&quot;:&quot;SONY DSC&quot;,&quot;created_timestamp&quot;:&quot;1309447040&quot;,&quot;copyright&quot;:&quot;&quot;,&quot;focal_length&quot;:&quot;70&quot;,&quot;iso&quot;:&quot;400&quot;,&quot;shutter_speed&quot;:&quot;0.04&quot;,&quot;title&quot;:&quot;SONY DSC&quot;,&quot;orientation&quot;:&quot;1&quot;}\" data-image-title=\"SONY DSC\" data-image-description=\"\" data-image-caption=\"&lt;p&gt;SONY DSC&lt;\/p&gt;\n\" data-medium-file=\"https:\/\/i0.wp.com\/stephaneferrandezconteur.com\/wp-content\/uploads\/2021\/02\/japan-expo2011-scaled.jpg?fit=300%2C201&amp;ssl=1\" data-large-file=\"https:\/\/i0.wp.com\/stephaneferrandezconteur.com\/wp-content\/uploads\/2021\/02\/japan-expo2011-scaled.jpg?fit=920%2C615&amp;ssl=1\" src=\"https:\/\/i0.wp.com\/stephaneferrandezconteur.com\/wp-content\/uploads\/2021\/02\/japan-expo2011-1024x685.jpg?resize=920%2C615&#038;ssl=1\" alt=\"\" data-id=\"1965\" data-full-url=\"https:\/\/stephaneferrandezconteur.com\/wp-content\/uploads\/2021\/02\/japan-expo2011-scaled.jpg\" data-link=\"https:\/\/stephaneferrandezconteur.com\/sample-page\/sony-dsc-11\" class=\"wp-image-1965\" srcset=\"https:\/\/i0.wp.com\/stephaneferrandezconteur.com\/wp-content\/uploads\/2021\/02\/japan-expo2011-scaled.jpg?resize=1024%2C685&amp;ssl=1 1024w, https:\/\/i0.wp.com\/stephaneferrandezconteur.com\/wp-content\/uploads\/2021\/02\/japan-expo2011-scaled.jpg?resize=300%2C201&amp;ssl=1 300w, https:\/\/i0.wp.com\/stephaneferrandezconteur.com\/wp-content\/uploads\/2021\/02\/japan-expo2011-scaled.jpg?resize=768%2C514&amp;ssl=1 768w, https:\/\/i0.wp.com\/stephaneferrandezconteur.com\/wp-content\/uploads\/2021\/02\/japan-expo2011-scaled.jpg?resize=1536%2C1028&amp;ssl=1 1536w, https:\/\/i0.wp.com\/stephaneferrandezconteur.com\/wp-content\/uploads\/2021\/02\/japan-expo2011-scaled.jpg?resize=2048%2C1371&amp;ssl=1 2048w, https:\/\/i0.wp.com\/stephaneferrandezconteur.com\/wp-content\/uploads\/2021\/02\/japan-expo2011-scaled.jpg?w=1840&amp;ssl=1 1840w\" sizes=\"(max-width: 920px) 100vw, 920px\" \/><figcaption class=\"blocks-gallery-item__caption\">Japan Expo 2011 <\/figcaption><\/figure><\/li><li class=\"blocks-gallery-item\"><figure><img data-recalc-dims=\"1\" decoding=\"async\" width=\"920\" height=\"615\" data-attachment-id=\"1961\" data-permalink=\"https:\/\/stephaneferrandezconteur.com\/?attachment_id=1961\" data-orig-file=\"https:\/\/i0.wp.com\/stephaneferrandezconteur.com\/wp-content\/uploads\/2021\/02\/japan-expo2011-e-scaled.jpg?fit=2560%2C1714&amp;ssl=1\" data-orig-size=\"2560,1714\" data-comments-opened=\"1\" data-image-meta=\"{&quot;aperture&quot;:&quot;5.6&quot;,&quot;credit&quot;:&quot;&quot;,&quot;camera&quot;:&quot;DSLR-A300&quot;,&quot;caption&quot;:&quot;SONY DSC&quot;,&quot;created_timestamp&quot;:&quot;1309447350&quot;,&quot;copyright&quot;:&quot;&quot;,&quot;focal_length&quot;:&quot;70&quot;,&quot;iso&quot;:&quot;400&quot;,&quot;shutter_speed&quot;:&quot;0.025&quot;,&quot;title&quot;:&quot;SONY DSC&quot;,&quot;orientation&quot;:&quot;1&quot;}\" data-image-title=\"SONY DSC\" data-image-description=\"\" data-image-caption=\"&lt;p&gt;SONY DSC&lt;\/p&gt;\n\" data-medium-file=\"https:\/\/i0.wp.com\/stephaneferrandezconteur.com\/wp-content\/uploads\/2021\/02\/japan-expo2011-e-scaled.jpg?fit=300%2C201&amp;ssl=1\" data-large-file=\"https:\/\/i0.wp.com\/stephaneferrandezconteur.com\/wp-content\/uploads\/2021\/02\/japan-expo2011-e-scaled.jpg?fit=920%2C615&amp;ssl=1\" src=\"https:\/\/i0.wp.com\/stephaneferrandezconteur.com\/wp-content\/uploads\/2021\/02\/japan-expo2011-e.jpg?resize=920%2C615&#038;ssl=1\" alt=\"\" data-id=\"1961\" data-full-url=\"https:\/\/stephaneferrandezconteur.com\/wp-content\/uploads\/2021\/02\/japan-expo2011-e-scaled.jpg\" data-link=\"https:\/\/stephaneferrandezconteur.com\/sample-page\/sony-dsc-7\" class=\"wp-image-1961\" srcset=\"https:\/\/i0.wp.com\/stephaneferrandezconteur.com\/wp-content\/uploads\/2021\/02\/japan-expo2011-e-scaled.jpg?resize=1024%2C685&amp;ssl=1 1024w, https:\/\/i0.wp.com\/stephaneferrandezconteur.com\/wp-content\/uploads\/2021\/02\/japan-expo2011-e-scaled.jpg?resize=300%2C201&amp;ssl=1 300w, https:\/\/i0.wp.com\/stephaneferrandezconteur.com\/wp-content\/uploads\/2021\/02\/japan-expo2011-e-scaled.jpg?resize=768%2C514&amp;ssl=1 768w, https:\/\/i0.wp.com\/stephaneferrandezconteur.com\/wp-content\/uploads\/2021\/02\/japan-expo2011-e-scaled.jpg?resize=1536%2C1028&amp;ssl=1 1536w, https:\/\/i0.wp.com\/stephaneferrandezconteur.com\/wp-content\/uploads\/2021\/02\/japan-expo2011-e-scaled.jpg?resize=2048%2C1371&amp;ssl=1 2048w, https:\/\/i0.wp.com\/stephaneferrandezconteur.com\/wp-content\/uploads\/2021\/02\/japan-expo2011-e-scaled.jpg?w=1840&amp;ssl=1 1840w\" sizes=\"(max-width: 920px) 100vw, 920px\" \/><figcaption class=\"blocks-gallery-item__caption\">Japan Expo 2011<\/figcaption><\/figure><\/li><li class=\"blocks-gallery-item\"><figure><img data-recalc-dims=\"1\" loading=\"lazy\" decoding=\"async\" width=\"920\" height=\"671\" data-attachment-id=\"1980\" data-permalink=\"https:\/\/stephaneferrandezconteur.com\/?attachment_id=1980\" data-orig-file=\"https:\/\/i0.wp.com\/stephaneferrandezconteur.com\/wp-content\/uploads\/2021\/02\/Rakugo-Aliance-Francaise-Sendai-S.-Garbuglia-S.-Ferrandez-%C2%A9-2012-scaled.jpg?fit=2560%2C1866&amp;ssl=1\" data-orig-size=\"2560,1866\" data-comments-opened=\"1\" data-image-meta=\"{&quot;aperture&quot;:&quot;0&quot;,&quot;credit&quot;:&quot;&quot;,&quot;camera&quot;:&quot;&quot;,&quot;caption&quot;:&quot;&quot;,&quot;created_timestamp&quot;:&quot;0&quot;,&quot;copyright&quot;:&quot;&quot;,&quot;focal_length&quot;:&quot;0&quot;,&quot;iso&quot;:&quot;0&quot;,&quot;shutter_speed&quot;:&quot;0&quot;,&quot;title&quot;:&quot;mimi&quot;,&quot;orientation&quot;:&quot;0&quot;}\" data-image-title=\"mimi\" data-image-description=\"\" data-image-caption=\"\" data-medium-file=\"https:\/\/i0.wp.com\/stephaneferrandezconteur.com\/wp-content\/uploads\/2021\/02\/Rakugo-Aliance-Francaise-Sendai-S.-Garbuglia-S.-Ferrandez-%C2%A9-2012-scaled.jpg?fit=300%2C219&amp;ssl=1\" data-large-file=\"https:\/\/i0.wp.com\/stephaneferrandezconteur.com\/wp-content\/uploads\/2021\/02\/Rakugo-Aliance-Francaise-Sendai-S.-Garbuglia-S.-Ferrandez-%C2%A9-2012-scaled.jpg?fit=920%2C671&amp;ssl=1\" src=\"https:\/\/i0.wp.com\/stephaneferrandezconteur.com\/wp-content\/uploads\/2021\/02\/Rakugo-Aliance-Francaise-Sendai-S.-Garbuglia-S.-Ferrandez-%C2%A9-2012.jpg?resize=920%2C671&#038;ssl=1\" alt=\"\" data-id=\"1980\" data-full-url=\"https:\/\/stephaneferrandezconteur.com\/wp-content\/uploads\/2021\/02\/Rakugo-Aliance-Francaise-Sendai-S.-Garbuglia-S.-Ferrandez-\u00a9-2012-scaled.jpg\" data-link=\"https:\/\/stephaneferrandezconteur.com\/sample-page\/mimi-2\" class=\"wp-image-1980\" srcset=\"https:\/\/i0.wp.com\/stephaneferrandezconteur.com\/wp-content\/uploads\/2021\/02\/Rakugo-Aliance-Francaise-Sendai-S.-Garbuglia-S.-Ferrandez-%C2%A9-2012-scaled.jpg?resize=1024%2C747&amp;ssl=1 1024w, https:\/\/i0.wp.com\/stephaneferrandezconteur.com\/wp-content\/uploads\/2021\/02\/Rakugo-Aliance-Francaise-Sendai-S.-Garbuglia-S.-Ferrandez-%C2%A9-2012-scaled.jpg?resize=300%2C219&amp;ssl=1 300w, https:\/\/i0.wp.com\/stephaneferrandezconteur.com\/wp-content\/uploads\/2021\/02\/Rakugo-Aliance-Francaise-Sendai-S.-Garbuglia-S.-Ferrandez-%C2%A9-2012-scaled.jpg?resize=768%2C560&amp;ssl=1 768w, https:\/\/i0.wp.com\/stephaneferrandezconteur.com\/wp-content\/uploads\/2021\/02\/Rakugo-Aliance-Francaise-Sendai-S.-Garbuglia-S.-Ferrandez-%C2%A9-2012-scaled.jpg?resize=1536%2C1120&amp;ssl=1 1536w, https:\/\/i0.wp.com\/stephaneferrandezconteur.com\/wp-content\/uploads\/2021\/02\/Rakugo-Aliance-Francaise-Sendai-S.-Garbuglia-S.-Ferrandez-%C2%A9-2012-scaled.jpg?resize=2048%2C1493&amp;ssl=1 2048w, https:\/\/i0.wp.com\/stephaneferrandezconteur.com\/wp-content\/uploads\/2021\/02\/Rakugo-Aliance-Francaise-Sendai-S.-Garbuglia-S.-Ferrandez-%C2%A9-2012-scaled.jpg?w=1840&amp;ssl=1 1840w\" sizes=\"(max-width: 920px) 100vw, 920px\" \/><figcaption class=\"blocks-gallery-item__caption\">Alliance Fran\u00e7aise Sendai 2012<\/figcaption><\/figure><\/li><li class=\"blocks-gallery-item\"><figure><img data-recalc-dims=\"1\" loading=\"lazy\" decoding=\"async\" width=\"768\" height=\"1024\" data-attachment-id=\"1974\" data-permalink=\"https:\/\/stephaneferrandezconteur.com\/?attachment_id=1974\" data-orig-file=\"https:\/\/i0.wp.com\/stephaneferrandezconteur.com\/wp-content\/uploads\/2021\/02\/PB034033-scaled.jpg?fit=1920%2C2560&amp;ssl=1\" data-orig-size=\"1920,2560\" data-comments-opened=\"1\" data-image-meta=\"{&quot;aperture&quot;:&quot;6.3&quot;,&quot;credit&quot;:&quot;&quot;,&quot;camera&quot;:&quot;E-PL6&quot;,&quot;caption&quot;:&quot;OLYMPUS DIGITAL CAMERA&quot;,&quot;created_timestamp&quot;:&quot;1446541012&quot;,&quot;copyright&quot;:&quot;&quot;,&quot;focal_length&quot;:&quot;14&quot;,&quot;iso&quot;:&quot;400&quot;,&quot;shutter_speed&quot;:&quot;0.004&quot;,&quot;title&quot;:&quot;OLYMPUS DIGITAL CAMERA&quot;,&quot;orientation&quot;:&quot;1&quot;}\" data-image-title=\"OLYMPUS DIGITAL CAMERA\" data-image-description=\"\" data-image-caption=\"&lt;p&gt;OLYMPUS DIGITAL CAMERA&lt;\/p&gt;\n\" data-medium-file=\"https:\/\/i0.wp.com\/stephaneferrandezconteur.com\/wp-content\/uploads\/2021\/02\/PB034033-scaled.jpg?fit=225%2C300&amp;ssl=1\" data-large-file=\"https:\/\/i0.wp.com\/stephaneferrandezconteur.com\/wp-content\/uploads\/2021\/02\/PB034033-scaled.jpg?fit=768%2C1024&amp;ssl=1\" src=\"https:\/\/i0.wp.com\/stephaneferrandezconteur.com\/wp-content\/uploads\/2021\/02\/PB034033.jpg?resize=768%2C1024&#038;ssl=1\" alt=\"\" data-id=\"1974\" data-full-url=\"https:\/\/stephaneferrandezconteur.com\/wp-content\/uploads\/2021\/02\/PB034033-scaled.jpg\" data-link=\"https:\/\/stephaneferrandezconteur.com\/sample-page\/olympus-digital-camera-19\" class=\"wp-image-1974\" srcset=\"https:\/\/i0.wp.com\/stephaneferrandezconteur.com\/wp-content\/uploads\/2021\/02\/PB034033-scaled.jpg?resize=768%2C1024&amp;ssl=1 768w, https:\/\/i0.wp.com\/stephaneferrandezconteur.com\/wp-content\/uploads\/2021\/02\/PB034033-scaled.jpg?resize=225%2C300&amp;ssl=1 225w, https:\/\/i0.wp.com\/stephaneferrandezconteur.com\/wp-content\/uploads\/2021\/02\/PB034033-scaled.jpg?resize=1152%2C1536&amp;ssl=1 1152w, https:\/\/i0.wp.com\/stephaneferrandezconteur.com\/wp-content\/uploads\/2021\/02\/PB034033-scaled.jpg?resize=1536%2C2048&amp;ssl=1 1536w, https:\/\/i0.wp.com\/stephaneferrandezconteur.com\/wp-content\/uploads\/2021\/02\/PB034033-scaled.jpg?w=1920&amp;ssl=1 1920w, https:\/\/i0.wp.com\/stephaneferrandezconteur.com\/wp-content\/uploads\/2021\/02\/PB034033-scaled.jpg?w=1840&amp;ssl=1 1840w\" sizes=\"(max-width: 768px) 100vw, 768px\" \/><figcaption class=\"blocks-gallery-item__caption\">Tokyo 2015<\/figcaption><\/figure><\/li><li class=\"blocks-gallery-item\"><figure><img data-recalc-dims=\"1\" loading=\"lazy\" decoding=\"async\" width=\"920\" height=\"671\" data-attachment-id=\"1985\" data-permalink=\"https:\/\/stephaneferrandezconteur.com\/?attachment_id=1985\" data-orig-file=\"https:\/\/i0.wp.com\/stephaneferrandezconteur.com\/wp-content\/uploads\/2021\/02\/Rakugo-Balade-en-Kimono-Festival-Cinema-Japonais-La-Rochelle-25-01-2020-%C2%A9Balabolka-scaled.jpg?fit=2560%2C1866&amp;ssl=1\" data-orig-size=\"2560,1866\" data-comments-opened=\"1\" data-image-meta=\"{&quot;aperture&quot;:&quot;0&quot;,&quot;credit&quot;:&quot;&quot;,&quot;camera&quot;:&quot;&quot;,&quot;caption&quot;:&quot;&quot;,&quot;created_timestamp&quot;:&quot;1579978800&quot;,&quot;copyright&quot;:&quot;&quot;,&quot;focal_length&quot;:&quot;0&quot;,&quot;iso&quot;:&quot;0&quot;,&quot;shutter_speed&quot;:&quot;0&quot;,&quot;title&quot;:&quot;&quot;,&quot;orientation&quot;:&quot;0&quot;}\" data-image-title=\"Rakugo &#8211; Balade en Kimono &#8211; Festival Cin\u00e9ma Japonais &#8211; La Rochelle &#8211; 25 01 2020 \u00a9Balabolka\" data-image-description=\"\" data-image-caption=\"&lt;p&gt;Balade en kimono&lt;\/p&gt;\n\" data-medium-file=\"https:\/\/i0.wp.com\/stephaneferrandezconteur.com\/wp-content\/uploads\/2021\/02\/Rakugo-Balade-en-Kimono-Festival-Cinema-Japonais-La-Rochelle-25-01-2020-%C2%A9Balabolka-scaled.jpg?fit=300%2C219&amp;ssl=1\" data-large-file=\"https:\/\/i0.wp.com\/stephaneferrandezconteur.com\/wp-content\/uploads\/2021\/02\/Rakugo-Balade-en-Kimono-Festival-Cinema-Japonais-La-Rochelle-25-01-2020-%C2%A9Balabolka-scaled.jpg?fit=920%2C671&amp;ssl=1\" src=\"https:\/\/i0.wp.com\/stephaneferrandezconteur.com\/wp-content\/uploads\/2021\/02\/Rakugo-Balade-en-Kimono-Festival-Cinema-Japonais-La-Rochelle-25-01-2020-%C2%A9Balabolka.jpg?resize=920%2C671&#038;ssl=1\" alt=\"\" data-id=\"1985\" data-full-url=\"https:\/\/stephaneferrandezconteur.com\/wp-content\/uploads\/2021\/02\/Rakugo-Balade-en-Kimono-Festival-Cinema-Japonais-La-Rochelle-25-01-2020-\u00a9Balabolka-scaled.jpg\" data-link=\"https:\/\/stephaneferrandezconteur.com\/sample-page\/rakugo-balade-en-kimono-festival-cinema-japonais-la-rochelle-25-01-2020-balabolka\" class=\"wp-image-1985\" srcset=\"https:\/\/i0.wp.com\/stephaneferrandezconteur.com\/wp-content\/uploads\/2021\/02\/Rakugo-Balade-en-Kimono-Festival-Cinema-Japonais-La-Rochelle-25-01-2020-%C2%A9Balabolka-scaled.jpg?resize=1024%2C747&amp;ssl=1 1024w, https:\/\/i0.wp.com\/stephaneferrandezconteur.com\/wp-content\/uploads\/2021\/02\/Rakugo-Balade-en-Kimono-Festival-Cinema-Japonais-La-Rochelle-25-01-2020-%C2%A9Balabolka-scaled.jpg?resize=300%2C219&amp;ssl=1 300w, https:\/\/i0.wp.com\/stephaneferrandezconteur.com\/wp-content\/uploads\/2021\/02\/Rakugo-Balade-en-Kimono-Festival-Cinema-Japonais-La-Rochelle-25-01-2020-%C2%A9Balabolka-scaled.jpg?resize=768%2C560&amp;ssl=1 768w, https:\/\/i0.wp.com\/stephaneferrandezconteur.com\/wp-content\/uploads\/2021\/02\/Rakugo-Balade-en-Kimono-Festival-Cinema-Japonais-La-Rochelle-25-01-2020-%C2%A9Balabolka-scaled.jpg?resize=1536%2C1120&amp;ssl=1 1536w, https:\/\/i0.wp.com\/stephaneferrandezconteur.com\/wp-content\/uploads\/2021\/02\/Rakugo-Balade-en-Kimono-Festival-Cinema-Japonais-La-Rochelle-25-01-2020-%C2%A9Balabolka-scaled.jpg?resize=2048%2C1493&amp;ssl=1 2048w, https:\/\/i0.wp.com\/stephaneferrandezconteur.com\/wp-content\/uploads\/2021\/02\/Rakugo-Balade-en-Kimono-Festival-Cinema-Japonais-La-Rochelle-25-01-2020-%C2%A9Balabolka-scaled.jpg?w=1840&amp;ssl=1 1840w\" sizes=\"(max-width: 920px) 100vw, 920px\" \/><figcaption class=\"blocks-gallery-item__caption\">La Rochelle 2020<\/figcaption><\/figure><\/li><li class=\"blocks-gallery-item\"><figure><img data-recalc-dims=\"1\" loading=\"lazy\" decoding=\"async\" width=\"658\" height=\"761\" data-attachment-id=\"1987\" data-permalink=\"https:\/\/stephaneferrandezconteur.com\/?attachment_id=1987\" data-orig-file=\"https:\/\/i0.wp.com\/stephaneferrandezconteur.com\/wp-content\/uploads\/2021\/02\/ambassade-japon.jpg?fit=658%2C761&amp;ssl=1\" data-orig-size=\"658,761\" data-comments-opened=\"1\" data-image-meta=\"{&quot;aperture&quot;:&quot;0&quot;,&quot;credit&quot;:&quot;&quot;,&quot;camera&quot;:&quot;&quot;,&quot;caption&quot;:&quot;&quot;,&quot;created_timestamp&quot;:&quot;0&quot;,&quot;copyright&quot;:&quot;&quot;,&quot;focal_length&quot;:&quot;0&quot;,&quot;iso&quot;:&quot;0&quot;,&quot;shutter_speed&quot;:&quot;0&quot;,&quot;title&quot;:&quot;&quot;,&quot;orientation&quot;:&quot;0&quot;}\" data-image-title=\"ambassade japon\" data-image-description=\"\" data-image-caption=\"\" data-medium-file=\"https:\/\/i0.wp.com\/stephaneferrandezconteur.com\/wp-content\/uploads\/2021\/02\/ambassade-japon.jpg?fit=259%2C300&amp;ssl=1\" data-large-file=\"https:\/\/i0.wp.com\/stephaneferrandezconteur.com\/wp-content\/uploads\/2021\/02\/ambassade-japon.jpg?fit=658%2C761&amp;ssl=1\" src=\"https:\/\/i0.wp.com\/stephaneferrandezconteur.com\/wp-content\/uploads\/2021\/02\/ambassade-japon.jpg?resize=658%2C761&#038;ssl=1\" alt=\"\" data-id=\"1987\" data-full-url=\"https:\/\/stephaneferrandezconteur.com\/wp-content\/uploads\/2021\/02\/ambassade-japon.jpg\" data-link=\"https:\/\/stephaneferrandezconteur.com\/sample-page\/ambassade-japon\" class=\"wp-image-1987\" srcset=\"https:\/\/i0.wp.com\/stephaneferrandezconteur.com\/wp-content\/uploads\/2021\/02\/ambassade-japon.jpg?w=658&amp;ssl=1 658w, https:\/\/i0.wp.com\/stephaneferrandezconteur.com\/wp-content\/uploads\/2021\/02\/ambassade-japon.jpg?resize=259%2C300&amp;ssl=1 259w\" sizes=\"(max-width: 658px) 100vw, 658px\" \/><\/figure><\/li><\/ul><\/figure>\n\n\n\n<div style=\"height:53px\" aria-hidden=\"true\" class=\"wp-block-spacer\"><\/div>\n\n\n\n<div style=\"height:100px\" aria-hidden=\"true\" class=\"wp-block-spacer\"><\/div>\n\n\n\n<h2 class=\"wp-block-heading\"> \u00c0 propos de <em>Marcher vers Levant<\/em> <\/h2>\n\n\n\n<blockquote class=\"wp-block-quote is-layout-flow wp-block-quote-is-layout-flow\"><p><strong><em>Avec \u00ab Marcher vers Levant \u00bb, St\u00e9phane Ferrandez passe ma\u00eetre dans l\u2019art de conter \u00e0 la japonaise<\/em><\/strong><\/p><\/blockquote>\n\n\n\n<h2 class=\"wp-block-heading\"><a href=\"https:\/\/www.lemonde.fr\/contes\/article\/2018\/02\/24\/avec-marcher-vers-levant-stephane-ferrandez-passe-maitre-dans-l-art-de-conter-a-la-japonaise_5992569_5470962.html\" target=\"_blank\" rel=\"noreferrer noopener\">BILLET DE BLOG<\/a><\/h2>\n\n\n\n<p><img data-recalc-dims=\"1\" loading=\"lazy\" decoding=\"async\" src=\"https:\/\/i0.wp.com\/img.lemde.fr\/2019\/07\/01\/0\/0\/0\/0\/108\/108\/60\/0\/bf1159b_tbyau4E2Grt9PAoN6oiXaSmC.jpeg?resize=54%2C54&#038;ssl=1\" alt=\"auteur\" width=\"54\" height=\"54\"><\/p>\n\n\n\n<p>Cristina Marino<\/p>\n\n\n\n<p>Publi\u00e9 le 24 f\u00e9vrier 2018&nbsp;<\/p>\n<\/div><\/div>\n\n\n\n<div style=\"height:29px\" aria-hidden=\"true\" class=\"wp-block-spacer\"><\/div>\n\n\n\n<h2 class=\"wp-block-heading\">\u00c0 propos d&rsquo;<em>Histoires tomb\u00e9es d&rsquo;un \u00e9ventail<\/em><\/h2>\n\n\n\n<p><strong>Dr\u00f4le et int\u00e9ressant\u00a0<\/strong><br>U<em>n spectacle qui donne envie de prendre le prochain vol pour Tokyo. Je connais peu la culture niponne et encore moins l&rsquo;humour \u00e0 la japonaise. Ce spectacle est une super occasion en famille de passer un tr\u00e8s bon moment, dr\u00f4le, touchant et depaysant !!! Bravo a l&rsquo;\u00e9nergie du conteur et aux textes joliment adapt\u00e9s.<\/em> <a href=\"https:\/\/www.billetreduc.com\/evt_signalcritique.htm?idcritique=782403&amp;idsa=&amp;uid=122438\">#<\/a><small>\u00e9crit le 12\/10\/2014<\/small> <\/p>\n\n\n\n<p><strong>Un beau spectacle pour tous<\/strong><br>Tr\u00e8s joli spectacle qui vous fait voyager au Japon. Les contes sont amusants et \u00e0 la port\u00e9e de tous, j&rsquo;y suis all\u00e9e avec mes enfants de 7 et 11 ans. Pour ceux qui aiment la japon et ceux qui ne le connaissent pas, \u00e7a vous donnera envie de le conna\u00eetre davantage. Merci \u00e0 l&rsquo;artiste: St\u00e9phane FERRANDEZ.<a href=\"https:\/\/www.billetreduc.com\/evt_signalcritique.htm?idcritique=782403&amp;idsa=&amp;uid=122438\"> #<\/a><small>\u00e9crit le 29\/09\/2014 <\/small><\/p>\n\n\n\n<div style=\"height:29px\" aria-hidden=\"true\" class=\"wp-block-spacer\"><\/div>\n\n\n\n<h2 class=\"wp-block-heading\">A propos d&rsquo;<em>Afrika<\/em><\/h2>\n\n\n\n<p><strong>Un vrai voyage!\u00a0<em> <\/em><\/strong><br>Je me suis vraiment senti transport\u00e9 au c\u0153ur m\u00eame de l&rsquo; Afrique, j&rsquo; avais chaud&#8230;et chaud au c\u0153ur! Ce conteur donne beaucoup, et vit r\u00e9ellement ce qu&rsquo; il raconte. Il a beaucoup d&rsquo; humour et de pr\u00e9sence. De la joie et du sens.<a href=\"https:\/\/www.billetreduc.com\/evt_signalcritique.htm?idcritique=391483&amp;idsa=&amp;uid=4061\"> #<\/a><small>\u00e9crit le 12\/02\/2011<\/small><\/p>\n\n\n\n<div style=\"height:29px\" aria-hidden=\"true\" class=\"wp-block-spacer\"><\/div>\n\n\n\n<h2 class=\"wp-block-heading\">A propos d<em>e l&rsquo;Odyss\u00e9e de No\u00ebl<\/em><\/h2>\n\n\n\n<p> <\/p>\n\n\n\n<p>U<strong>ne \u00e9vasion au pays des neiges d&rsquo;antan<em>8\/10<\/em><\/strong><br>Si vous emmenez vos enfants ils ne seront pas d\u00e9\u00e7us du voyage, ils \u00e9taient m\u00eame les premiers \u00e0 participer lors de cette soir\u00e9e. Les histoires du conteur sont loin du monde du p\u00e8re No\u00ebl mais tout aussi proche de la tradition de nos campagnes d&rsquo;antan avec des allusions aux coutumes d&rsquo;autrefois. Et il nous a racont\u00e9 des histoires o\u00f9 l&rsquo;humour est souvent de la partie. Non, si vous d\u00e9sirez \u00eatre enchant\u00e9 encore par l&rsquo;ambiance de No\u00ebl crois\u00e9e avec l&rsquo;atmosph\u00e8re un peu myst\u00e9rieuse des l\u00e9gendes bretonnes et nordiques, vous passerez une bonne soir\u00e9e.<br><a href=\"https:\/\/www.billetreduc.com\/evt_signalcritique.htm?idcritique=19498&amp;idsa=&amp;uid=3104\">#<\/a><small>\u00e9crit le 21\/12\/2004<\/small><\/p>\n","protected":false},"excerpt":{"rendered":"<p>Merci au diplomate de l&rsquo;Ambassade du Japon en France pour son regard qui \u00e9claire notre parcours de plus de 10 ans dans le monde du Rakugo ! \u00c0 propos de<\/p>\n<p class=\"more-link\"><a href=\"https:\/\/stephaneferrandezconteur.com\/?page_id=2212\" class=\"readmore\">Continue reading<svg class=\"icon icon-arrow-right\" aria-hidden=\"true\" role=\"img\"> <use href=\"#icon-arrow-right\" xlink:href=\"#icon-arrow-right\"><\/use> <\/svg><span class=\"screen-reader-text\">T\u00e9moignages et Paroles de spectateurs<\/span><\/a><\/p>\n","protected":false},"author":1,"featured_media":0,"parent":0,"menu_order":0,"comment_status":"closed","ping_status":"closed","template":"","meta":{"_eb_attr":"","_monsterinsights_skip_tracking":false,"_monsterinsights_sitenote_active":false,"_monsterinsights_sitenote_note":"","_monsterinsights_sitenote_category":0,"jetpack_post_was_ever_published":false,"footnotes":""},"aioseo_notices":[],"jetpack_sharing_enabled":true,"jetpack_shortlink":"https:\/\/wp.me\/P94LVL-zG","jetpack-related-posts":[],"jetpack_likes_enabled":true,"_links":{"self":[{"href":"https:\/\/stephaneferrandezconteur.com\/index.php?rest_route=\/wp\/v2\/pages\/2212"}],"collection":[{"href":"https:\/\/stephaneferrandezconteur.com\/index.php?rest_route=\/wp\/v2\/pages"}],"about":[{"href":"https:\/\/stephaneferrandezconteur.com\/index.php?rest_route=\/wp\/v2\/types\/page"}],"author":[{"embeddable":true,"href":"https:\/\/stephaneferrandezconteur.com\/index.php?rest_route=\/wp\/v2\/users\/1"}],"replies":[{"embeddable":true,"href":"https:\/\/stephaneferrandezconteur.com\/index.php?rest_route=%2Fwp%2Fv2%2Fcomments&post=2212"}],"version-history":[{"count":3,"href":"https:\/\/stephaneferrandezconteur.com\/index.php?rest_route=\/wp\/v2\/pages\/2212\/revisions"}],"predecessor-version":[{"id":2309,"href":"https:\/\/stephaneferrandezconteur.com\/index.php?rest_route=\/wp\/v2\/pages\/2212\/revisions\/2309"}],"wp:attachment":[{"href":"https:\/\/stephaneferrandezconteur.com\/index.php?rest_route=%2Fwp%2Fv2%2Fmedia&parent=2212"}],"curies":[{"name":"wp","href":"https:\/\/api.w.org\/{rel}","templated":true}]}}