{"id":2105,"date":"2021-04-29T20:11:14","date_gmt":"2021-04-29T20:11:14","guid":{"rendered":"http:\/\/stephaneferrandezconteur.com\/?page_id=2105"},"modified":"2021-04-29T20:11:15","modified_gmt":"2021-04-29T20:11:15","slug":"site-de-la-cie-balabolka","status":"publish","type":"page","link":"https:\/\/stephaneferrandezconteur.com\/?page_id=2105","title":{"rendered":"Site de la Cie Balabolka"},"content":{"rendered":"\n<p class=\"has-large-font-size\"><a href=\"http:\/\/balabolka.org\/blog-de-la-cie-balabolka\/stephane-ferrandez-comedien\/\" target=\"_blank\" rel=\"noreferrer noopener\">Pour d\u00e9couvrir  des photos, des vid\u00e9os et le parcours du com\u00e9dien<\/a> <\/p>\n","protected":false},"excerpt":{"rendered":"<p>Pour d\u00e9couvrir des photos, des vid\u00e9os et le parcours du com\u00e9dien<\/p>\n","protected":false},"author":1,"featured_media":0,"parent":0,"menu_order":0,"comment_status":"closed","ping_status":"closed","template":"","meta":{"_eb_attr":"","_monsterinsights_skip_tracking":false,"_monsterinsights_sitenote_active":false,"_monsterinsights_sitenote_note":"","_monsterinsights_sitenote_category":0,"jetpack_post_was_ever_published":false,"footnotes":""},"aioseo_notices":[],"jetpack_sharing_enabled":true,"jetpack_shortlink":"https:\/\/wp.me\/P94LVL-xX","jetpack-related-posts":[],"jetpack_likes_enabled":true,"_links":{"self":[{"href":"https:\/\/stephaneferrandezconteur.com\/index.php?rest_route=\/wp\/v2\/pages\/2105"}],"collection":[{"href":"https:\/\/stephaneferrandezconteur.com\/index.php?rest_route=\/wp\/v2\/pages"}],"about":[{"href":"https:\/\/stephaneferrandezconteur.com\/index.php?rest_route=\/wp\/v2\/types\/page"}],"author":[{"embeddable":true,"href":"https:\/\/stephaneferrandezconteur.com\/index.php?rest_route=\/wp\/v2\/users\/1"}],"replies":[{"embeddable":true,"href":"https:\/\/stephaneferrandezconteur.com\/index.php?rest_route=%2Fwp%2Fv2%2Fcomments&post=2105"}],"version-history":[{"count":1,"href":"https:\/\/stephaneferrandezconteur.com\/index.php?rest_route=\/wp\/v2\/pages\/2105\/revisions"}],"predecessor-version":[{"id":2106,"href":"https:\/\/stephaneferrandezconteur.com\/index.php?rest_route=\/wp\/v2\/pages\/2105\/revisions\/2106"}],"wp:attachment":[{"href":"https:\/\/stephaneferrandezconteur.com\/index.php?rest_route=%2Fwp%2Fv2%2Fmedia&parent=2105"}],"curies":[{"name":"wp","href":"https:\/\/api.w.org\/{rel}","templated":true}]}}