{"id":1525,"date":"2020-01-08T00:25:55","date_gmt":"2020-01-08T00:25:55","guid":{"rendered":"http:\/\/stephaneferrandezconteur.com\/?page_id=1525"},"modified":"2024-09-19T21:06:30","modified_gmt":"2024-09-19T21:06:30","slug":"contes-sur-la-nature-les-animaux","status":"publish","type":"page","link":"https:\/\/stephaneferrandezconteur.com\/?page_id=1525","title":{"rendered":"Contes sur la Nature"},"content":{"rendered":"\n<h1 class=\"wp-block-heading has-huge-font-size\">F\u00e9lins pour l&rsquo;autre <\/h1>\n\n\n\n<div class=\"wp-block-media-text alignwide has-media-on-the-right\" style=\"grid-template-columns:auto 43%\"><div class=\"wp-block-media-text__content\">\n<p class=\"has-drop-cap has-medium-font-size\">Des histoires pour s&rsquo;\u00e9merveiller, trembler ou rire destin\u00e9es \u00e0 tous les amoureux de ce  pr\u00e9dateur myst\u00e9rieux et pourtant si mignon. Vous croiserez un Roi des chats, deux japonais qui ne savent pas comment nommer leur nouveau chaton, des chats noirs, des chats vampires, des chats d&rsquo;ici et d&rsquo;ailleurs.<\/p>\n\n\n\n<p><\/p>\n<\/div><figure class=\"wp-block-media-text__media\"><img fetchpriority=\"high\" decoding=\"async\" width=\"1587\" height=\"2245\" data-attachment-id=\"1528\" data-permalink=\"https:\/\/stephaneferrandezconteur.com\/?attachment_id=1528\" data-orig-file=\"https:\/\/i0.wp.com\/stephaneferrandezconteur.com\/wp-content\/uploads\/2020\/01\/Sea-Animals-Climate-Change-Poster-1.png?fit=1587%2C2245&amp;ssl=1\" data-orig-size=\"1587,2245\" data-comments-opened=\"1\" data-image-meta=\"{&quot;aperture&quot;:&quot;0&quot;,&quot;credit&quot;:&quot;&quot;,&quot;camera&quot;:&quot;&quot;,&quot;caption&quot;:&quot;&quot;,&quot;created_timestamp&quot;:&quot;0&quot;,&quot;copyright&quot;:&quot;&quot;,&quot;focal_length&quot;:&quot;0&quot;,&quot;iso&quot;:&quot;0&quot;,&quot;shutter_speed&quot;:&quot;0&quot;,&quot;title&quot;:&quot;&quot;,&quot;orientation&quot;:&quot;0&quot;}\" data-image-title=\"Sea-Animals-Climate-Change-Poster-1\" data-image-description=\"\" data-image-caption=\"&lt;p&gt;contes et histoires de chats&lt;\/p&gt;\n\" data-medium-file=\"https:\/\/i0.wp.com\/stephaneferrandezconteur.com\/wp-content\/uploads\/2020\/01\/Sea-Animals-Climate-Change-Poster-1.png?fit=212%2C300&amp;ssl=1\" data-large-file=\"https:\/\/i0.wp.com\/stephaneferrandezconteur.com\/wp-content\/uploads\/2020\/01\/Sea-Animals-Climate-Change-Poster-1.png?fit=724%2C1024&amp;ssl=1\" src=\"https:\/\/i0.wp.com\/stephaneferrandezconteur.com\/wp-content\/uploads\/2020\/01\/Sea-Animals-Climate-Change-Poster-1.png?fit=640%2C905\" alt=\"\" class=\"wp-image-1528 size-full\" srcset=\"https:\/\/i0.wp.com\/stephaneferrandezconteur.com\/wp-content\/uploads\/2020\/01\/Sea-Animals-Climate-Change-Poster-1.png?w=1587&amp;ssl=1 1587w, https:\/\/i0.wp.com\/stephaneferrandezconteur.com\/wp-content\/uploads\/2020\/01\/Sea-Animals-Climate-Change-Poster-1.png?resize=212%2C300&amp;ssl=1 212w, https:\/\/i0.wp.com\/stephaneferrandezconteur.com\/wp-content\/uploads\/2020\/01\/Sea-Animals-Climate-Change-Poster-1.png?resize=724%2C1024&amp;ssl=1 724w, https:\/\/i0.wp.com\/stephaneferrandezconteur.com\/wp-content\/uploads\/2020\/01\/Sea-Animals-Climate-Change-Poster-1.png?resize=768%2C1086&amp;ssl=1 768w, https:\/\/i0.wp.com\/stephaneferrandezconteur.com\/wp-content\/uploads\/2020\/01\/Sea-Animals-Climate-Change-Poster-1.png?resize=1086%2C1536&amp;ssl=1 1086w, https:\/\/i0.wp.com\/stephaneferrandezconteur.com\/wp-content\/uploads\/2020\/01\/Sea-Animals-Climate-Change-Poster-1.png?resize=1448%2C2048&amp;ssl=1 1448w\" sizes=\"(max-width: 920px) 100vw, 920px\" \/><\/figure><\/div>\n\n\n\n<h3 class=\"wp-block-heading\" style=\"font-size:22px\"><strong>tout public \u00e0 partir de 8 ans<\/strong> <\/h3>\n\n\n\n<div style=\"height:100px\" aria-hidden=\"true\" class=\"wp-block-spacer\"><\/div>\n\n\n\n<h1 class=\"wp-block-heading\">Histoires cach\u00e9es sous l&rsquo;\u00e9corce<\/h1>\n\n\n\n<div class=\"wp-block-media-text alignwide\" style=\"grid-template-columns:53% auto\"><figure class=\"wp-block-media-text__media\"><img data-recalc-dims=\"1\" decoding=\"async\" width=\"724\" height=\"1024\" data-attachment-id=\"2815\" data-permalink=\"https:\/\/stephaneferrandezconteur.com\/?attachment_id=2815\" data-orig-file=\"https:\/\/i0.wp.com\/stephaneferrandezconteur.com\/wp-content\/uploads\/2023\/03\/HISTOIRES-CACHEES-SOUS-LECORCE.jpg?fit=1587%2C2245&amp;ssl=1\" data-orig-size=\"1587,2245\" data-comments-opened=\"1\" data-image-meta=\"{&quot;aperture&quot;:&quot;0&quot;,&quot;credit&quot;:&quot;&quot;,&quot;camera&quot;:&quot;&quot;,&quot;caption&quot;:&quot;&quot;,&quot;created_timestamp&quot;:&quot;0&quot;,&quot;copyright&quot;:&quot;&quot;,&quot;focal_length&quot;:&quot;0&quot;,&quot;iso&quot;:&quot;0&quot;,&quot;shutter_speed&quot;:&quot;0&quot;,&quot;title&quot;:&quot;&quot;,&quot;orientation&quot;:&quot;1&quot;}\" data-image-title=\"HISTOIRES-CACHEES-SOUS-LECORCE\" data-image-description=\"\" data-image-caption=\"&lt;p&gt;Contes et l\u00e9gendes d&amp;rsquo;Am\u00e9rique sur la Nature&lt;\/p&gt;\n\" data-medium-file=\"https:\/\/i0.wp.com\/stephaneferrandezconteur.com\/wp-content\/uploads\/2023\/03\/HISTOIRES-CACHEES-SOUS-LECORCE.jpg?fit=212%2C300&amp;ssl=1\" data-large-file=\"https:\/\/i0.wp.com\/stephaneferrandezconteur.com\/wp-content\/uploads\/2023\/03\/HISTOIRES-CACHEES-SOUS-LECORCE.jpg?fit=724%2C1024&amp;ssl=1\" src=\"https:\/\/i0.wp.com\/stephaneferrandezconteur.com\/wp-content\/uploads\/2023\/03\/HISTOIRES-CACHEES-SOUS-LECORCE.jpg?resize=724%2C1024&#038;ssl=1\" alt=\"\" class=\"wp-image-2815 size-full\" srcset=\"https:\/\/i0.wp.com\/stephaneferrandezconteur.com\/wp-content\/uploads\/2023\/03\/HISTOIRES-CACHEES-SOUS-LECORCE.jpg?resize=724%2C1024&amp;ssl=1 724w, https:\/\/i0.wp.com\/stephaneferrandezconteur.com\/wp-content\/uploads\/2023\/03\/HISTOIRES-CACHEES-SOUS-LECORCE.jpg?resize=212%2C300&amp;ssl=1 212w, https:\/\/i0.wp.com\/stephaneferrandezconteur.com\/wp-content\/uploads\/2023\/03\/HISTOIRES-CACHEES-SOUS-LECORCE.jpg?resize=768%2C1086&amp;ssl=1 768w, https:\/\/i0.wp.com\/stephaneferrandezconteur.com\/wp-content\/uploads\/2023\/03\/HISTOIRES-CACHEES-SOUS-LECORCE.jpg?resize=1086%2C1536&amp;ssl=1 1086w, https:\/\/i0.wp.com\/stephaneferrandezconteur.com\/wp-content\/uploads\/2023\/03\/HISTOIRES-CACHEES-SOUS-LECORCE.jpg?resize=1448%2C2048&amp;ssl=1 1448w, https:\/\/i0.wp.com\/stephaneferrandezconteur.com\/wp-content\/uploads\/2023\/03\/HISTOIRES-CACHEES-SOUS-LECORCE.jpg?w=1587&amp;ssl=1 1587w\" sizes=\"(max-width: 724px) 100vw, 724px\" \/><\/figure><div class=\"wp-block-media-text__content\">\n<p class=\"has-drop-cap\" style=\"font-size:27px\">Johnny P\u00e9pin-de-Pomme est un personnage embl\u00e9matique du folklore am\u00e9ricain, qui parcourut les \u00c9tats-Unis en plantant des pommiers. Premier \u00e9cologiste au monde et fervent d\u00e9fenseur de la cause animal, il garde de ses origines indiennes un amour sans concession pour la Nature et le savoir des plantes gu\u00e9risseuses.<\/p>\n\n\n\n<p style=\"font-size:27px\">Suivons-le \u00e0 travers ce voyage imagin\u00e9, \u00e0 la rencontre des animaux et des \u00eatres qui peuplent ces terres l\u00e9gendaires.<\/p>\n\n\n\n<p style=\"font-size:27px\">Sur sa route, vous pourrez apprendre\u00a0\u00bbpourquoi le ciel et la terre se sont \u00e9loign\u00e9s\u00a0\u00bb,  prendre des le\u00e7ons de savoir-vivre avec un \u00ab\u00a0li\u00e8vre et un singe\u00a0\u00bb d&rsquo;Afrique, etc.<\/p>\n\n\n\n<p style=\"font-size:27px\">Une promenade dr\u00f4le et \u00e9co-responsable, au son des percussions du monde, pour ch\u00e9rir notre Dame Nature !<\/p>\n<\/div><\/div>\n\n\n\n<h3 class=\"wp-block-heading\" style=\"font-size:22px\"><strong>tout public<\/strong> <strong>\u00e0 partir de 8 ans<\/strong><\/h3>\n","protected":false},"excerpt":{"rendered":"<p>F\u00e9lins pour l&rsquo;autre Des histoires pour s&rsquo;\u00e9merveiller, trembler ou rire destin\u00e9es \u00e0 tous les amoureux de ce pr\u00e9dateur myst\u00e9rieux et pourtant si mignon. Vous croiserez un Roi des chats, deux<\/p>\n<p class=\"more-link\"><a href=\"https:\/\/stephaneferrandezconteur.com\/?page_id=1525\" class=\"readmore\">Continue reading<svg class=\"icon icon-arrow-right\" aria-hidden=\"true\" role=\"img\"> <use href=\"#icon-arrow-right\" xlink:href=\"#icon-arrow-right\"><\/use> <\/svg><span class=\"screen-reader-text\">Contes sur la Nature<\/span><\/a><\/p>\n","protected":false},"author":1,"featured_media":1529,"parent":0,"menu_order":0,"comment_status":"closed","ping_status":"closed","template":"","meta":{"_eb_attr":"","_monsterinsights_skip_tracking":false,"_monsterinsights_sitenote_active":false,"_monsterinsights_sitenote_note":"","_monsterinsights_sitenote_category":0,"jetpack_post_was_ever_published":false,"footnotes":""},"aioseo_notices":[],"jetpack_sharing_enabled":true,"jetpack_shortlink":"https:\/\/wp.me\/P94LVL-oB","jetpack-related-posts":[],"jetpack_likes_enabled":true,"_links":{"self":[{"href":"https:\/\/stephaneferrandezconteur.com\/index.php?rest_route=\/wp\/v2\/pages\/1525"}],"collection":[{"href":"https:\/\/stephaneferrandezconteur.com\/index.php?rest_route=\/wp\/v2\/pages"}],"about":[{"href":"https:\/\/stephaneferrandezconteur.com\/index.php?rest_route=\/wp\/v2\/types\/page"}],"author":[{"embeddable":true,"href":"https:\/\/stephaneferrandezconteur.com\/index.php?rest_route=\/wp\/v2\/users\/1"}],"replies":[{"embeddable":true,"href":"https:\/\/stephaneferrandezconteur.com\/index.php?rest_route=%2Fwp%2Fv2%2Fcomments&post=1525"}],"version-history":[{"count":9,"href":"https:\/\/stephaneferrandezconteur.com\/index.php?rest_route=\/wp\/v2\/pages\/1525\/revisions"}],"predecessor-version":[{"id":3827,"href":"https:\/\/stephaneferrandezconteur.com\/index.php?rest_route=\/wp\/v2\/pages\/1525\/revisions\/3827"}],"wp:featuredmedia":[{"embeddable":true,"href":"https:\/\/stephaneferrandezconteur.com\/index.php?rest_route=\/wp\/v2\/media\/1529"}],"wp:attachment":[{"href":"https:\/\/stephaneferrandezconteur.com\/index.php?rest_route=%2Fwp%2Fv2%2Fmedia&parent=1525"}],"curies":[{"name":"wp","href":"https:\/\/api.w.org\/{rel}","templated":true}]}}