{"id":1115,"date":"2019-04-01T16:00:31","date_gmt":"2019-04-01T16:00:31","guid":{"rendered":"http:\/\/stephaneferrandezconteur.com\/?page_id=1115"},"modified":"2025-02-19T17:36:02","modified_gmt":"2025-02-19T17:36:02","slug":"gallerie-photos","status":"publish","type":"page","link":"https:\/\/stephaneferrandezconteur.com\/?page_id=1115","title":{"rendered":"Galerie photos"},"content":{"rendered":"\t\t<div data-elementor-type=\"wp-page\" data-elementor-id=\"1115\" class=\"elementor elementor-1115\">\n\t\t\t\t\t\t<section class=\"elementor-section elementor-top-section elementor-element elementor-element-4078955 elementor-section-boxed elementor-section-height-default elementor-section-height-default\" data-id=\"4078955\" data-element_type=\"section\">\n\t\t\t\t\t\t<div class=\"elementor-container elementor-column-gap-default\">\n\t\t\t\t\t<div class=\"elementor-column elementor-col-100 elementor-top-column elementor-element elementor-element-892083a\" data-id=\"892083a\" data-element_type=\"column\">\n\t\t\t<div class=\"elementor-widget-wrap\">\n\t\t\t\t\t\t\t<\/div>\n\t\t<\/div>\n\t\t\t\t\t<\/div>\n\t\t<\/section>\n\t\t\t\t<section class=\"elementor-section elementor-top-section elementor-element elementor-element-1abda8ca elementor-section-boxed elementor-section-height-default elementor-section-height-default\" data-id=\"1abda8ca\" data-element_type=\"section\">\n\t\t\t\t\t\t<div class=\"elementor-container elementor-column-gap-default\">\n\t\t\t\t\t<div class=\"elementor-column elementor-col-100 elementor-top-column elementor-element elementor-element-431dcaac\" data-id=\"431dcaac\" data-element_type=\"column\">\n\t\t\t<div class=\"elementor-widget-wrap elementor-element-populated\">\n\t\t\t\t\t\t<div class=\"elementor-element elementor-element-adfb43f e-transform elementor-position-top elementor-widget elementor-widget-image-box\" data-id=\"adfb43f\" data-element_type=\"widget\" data-settings=\"{&quot;_transform_scale_effect_hover&quot;:{&quot;unit&quot;:&quot;px&quot;,&quot;size&quot;:1.1,&quot;sizes&quot;:[]},&quot;_transform_scale_effect_hover_tablet&quot;:{&quot;unit&quot;:&quot;px&quot;,&quot;size&quot;:&quot;&quot;,&quot;sizes&quot;:[]},&quot;_transform_scale_effect_hover_mobile&quot;:{&quot;unit&quot;:&quot;px&quot;,&quot;size&quot;:&quot;&quot;,&quot;sizes&quot;:[]}}\" data-widget_type=\"image-box.default\">\n\t\t\t\t<div class=\"elementor-widget-container\">\n\t\t\t\t\t<div class=\"elementor-image-box-wrapper\"><figure class=\"elementor-image-box-img\"><a href=\"https:\/\/stephaneferrandezconteur.com\/?page_id=643\" target=\"_blank\" tabindex=\"-1\"><img fetchpriority=\"high\" decoding=\"async\" data-attachment-id=\"599\" data-permalink=\"https:\/\/stephaneferrandezconteur.com\/?attachment_id=599\" data-orig-file=\"https:\/\/i0.wp.com\/stephaneferrandezconteur.com\/wp-content\/uploads\/2016\/08\/photo11.jpg?fit=800%2C534&amp;ssl=1\" data-orig-size=\"800,534\" data-comments-opened=\"1\" data-image-meta=\"{&quot;aperture&quot;:&quot;3.5&quot;,&quot;credit&quot;:&quot;Picasa&quot;,&quot;camera&quot;:&quot;NIKON D810&quot;,&quot;caption&quot;:&quot;&quot;,&quot;created_timestamp&quot;:&quot;1499352914&quot;,&quot;copyright&quot;:&quot;Gerard LEDIG&quot;,&quot;focal_length&quot;:&quot;58&quot;,&quot;iso&quot;:&quot;2000&quot;,&quot;shutter_speed&quot;:&quot;0.00625&quot;,&quot;title&quot;:&quot;&quot;,&quot;orientation&quot;:&quot;0&quot;}\" data-image-title=\"photo11\" data-image-description=\"\" data-image-caption=\"\" data-medium-file=\"https:\/\/i0.wp.com\/stephaneferrandezconteur.com\/wp-content\/uploads\/2016\/08\/photo11.jpg?fit=300%2C200&amp;ssl=1\" data-large-file=\"https:\/\/i0.wp.com\/stephaneferrandezconteur.com\/wp-content\/uploads\/2016\/08\/photo11.jpg?fit=800%2C534&amp;ssl=1\" width=\"800\" height=\"534\" src=\"https:\/\/i0.wp.com\/stephaneferrandezconteur.com\/wp-content\/uploads\/2016\/08\/photo11.jpg?fit=800%2C534&amp;ssl=1\" class=\"attachment-large size-large wp-image-599\" alt=\"\" data-attachment-id=\"599\" data-permalink=\"https:\/\/stephaneferrandezconteur.com\/?attachment_id=599\" data-orig-file=\"https:\/\/i0.wp.com\/stephaneferrandezconteur.com\/wp-content\/uploads\/2016\/08\/photo11.jpg?fit=800%2C534&amp;ssl=1\" data-orig-size=\"800,534\" data-comments-opened=\"1\" data-image-meta=\"{&quot;aperture&quot;:&quot;3.5&quot;,&quot;credit&quot;:&quot;Picasa&quot;,&quot;camera&quot;:&quot;NIKON D810&quot;,&quot;caption&quot;:&quot;&quot;,&quot;created_timestamp&quot;:&quot;1499352914&quot;,&quot;copyright&quot;:&quot;Gerard LEDIG&quot;,&quot;focal_length&quot;:&quot;58&quot;,&quot;iso&quot;:&quot;2000&quot;,&quot;shutter_speed&quot;:&quot;0.00625&quot;,&quot;title&quot;:&quot;&quot;,&quot;orientation&quot;:&quot;0&quot;}\" data-image-title=\"photo11\" data-image-description=\"\" data-image-caption=\"\" data-medium-file=\"https:\/\/i0.wp.com\/stephaneferrandezconteur.com\/wp-content\/uploads\/2016\/08\/photo11.jpg?fit=300%2C200&amp;ssl=1\" data-large-file=\"https:\/\/i0.wp.com\/stephaneferrandezconteur.com\/wp-content\/uploads\/2016\/08\/photo11.jpg?fit=800%2C534&amp;ssl=1\" srcset=\"https:\/\/i0.wp.com\/stephaneferrandezconteur.com\/wp-content\/uploads\/2016\/08\/photo11.jpg?w=800&amp;ssl=1 800w, https:\/\/i0.wp.com\/stephaneferrandezconteur.com\/wp-content\/uploads\/2016\/08\/photo11.jpg?resize=300%2C200&amp;ssl=1 300w, https:\/\/i0.wp.com\/stephaneferrandezconteur.com\/wp-content\/uploads\/2016\/08\/photo11.jpg?resize=768%2C513&amp;ssl=1 768w\" sizes=\"(max-width: 800px) 100vw, 800px\" \/><\/a><\/figure><div class=\"elementor-image-box-content\"><h3 class=\"elementor-image-box-title\"><a href=\"https:\/\/stephaneferrandezconteur.com\/?page_id=643\" target=\"_blank\">Sur les traces de Saci Perere \u00e0 Charenton -Le -Pont<\/a><\/h3><p class=\"elementor-image-box-description\">Contes d'\u00e9t\u00e9 en plein air \u00e0 Charenton - Juillet 2017<\/p><\/div><\/div>\t\t\t\t<\/div>\n\t\t\t\t<\/div>\n\t\t\t\t<div class=\"elementor-element elementor-element-4aaa5d9 elementor-position-top elementor-widget elementor-widget-image-box\" data-id=\"4aaa5d9\" data-element_type=\"widget\" data-widget_type=\"image-box.default\">\n\t\t\t\t<div class=\"elementor-widget-container\">\n\t\t\t\t\t<div class=\"elementor-image-box-wrapper\"><figure class=\"elementor-image-box-img\"><img decoding=\"async\" data-attachment-id=\"1203\" data-permalink=\"https:\/\/stephaneferrandezconteur.com\/?attachment_id=1203\" data-orig-file=\"https:\/\/i0.wp.com\/stephaneferrandezconteur.com\/wp-content\/uploads\/2019\/06\/m.-Inqui%C3%A9tant.jpg?fit=960%2C727&amp;ssl=1\" data-orig-size=\"960,727\" data-comments-opened=\"1\" data-image-meta=\"{&quot;aperture&quot;:&quot;0&quot;,&quot;credit&quot;:&quot;&quot;,&quot;camera&quot;:&quot;&quot;,&quot;caption&quot;:&quot;&quot;,&quot;created_timestamp&quot;:&quot;0&quot;,&quot;copyright&quot;:&quot;&quot;,&quot;focal_length&quot;:&quot;0&quot;,&quot;iso&quot;:&quot;0&quot;,&quot;shutter_speed&quot;:&quot;0&quot;,&quot;title&quot;:&quot;&quot;,&quot;orientation&quot;:&quot;0&quot;}\" data-image-title=\"m. Inqui\u00e9tant\" data-image-description=\"\" data-image-caption=\"\" data-medium-file=\"https:\/\/i0.wp.com\/stephaneferrandezconteur.com\/wp-content\/uploads\/2019\/06\/m.-Inqui%C3%A9tant.jpg?fit=300%2C227&amp;ssl=1\" data-large-file=\"https:\/\/i0.wp.com\/stephaneferrandezconteur.com\/wp-content\/uploads\/2019\/06\/m.-Inqui%C3%A9tant.jpg?fit=920%2C697&amp;ssl=1\" width=\"920\" height=\"697\" src=\"https:\/\/i0.wp.com\/stephaneferrandezconteur.com\/wp-content\/uploads\/2019\/06\/m.-Inqui%C3%A9tant.jpg?fit=920%2C697&amp;ssl=1\" class=\"attachment-large size-large wp-image-1203\" alt=\"\" data-attachment-id=\"1203\" data-permalink=\"https:\/\/stephaneferrandezconteur.com\/?attachment_id=1203\" data-orig-file=\"https:\/\/i0.wp.com\/stephaneferrandezconteur.com\/wp-content\/uploads\/2019\/06\/m.-Inqui%C3%A9tant.jpg?fit=960%2C727&amp;ssl=1\" data-orig-size=\"960,727\" data-comments-opened=\"1\" data-image-meta=\"{&quot;aperture&quot;:&quot;0&quot;,&quot;credit&quot;:&quot;&quot;,&quot;camera&quot;:&quot;&quot;,&quot;caption&quot;:&quot;&quot;,&quot;created_timestamp&quot;:&quot;0&quot;,&quot;copyright&quot;:&quot;&quot;,&quot;focal_length&quot;:&quot;0&quot;,&quot;iso&quot;:&quot;0&quot;,&quot;shutter_speed&quot;:&quot;0&quot;,&quot;title&quot;:&quot;&quot;,&quot;orientation&quot;:&quot;0&quot;}\" data-image-title=\"m. Inqui\u00e9tant\" data-image-description=\"\" data-image-caption=\"\" data-medium-file=\"https:\/\/i0.wp.com\/stephaneferrandezconteur.com\/wp-content\/uploads\/2019\/06\/m.-Inqui%C3%A9tant.jpg?fit=300%2C227&amp;ssl=1\" data-large-file=\"https:\/\/i0.wp.com\/stephaneferrandezconteur.com\/wp-content\/uploads\/2019\/06\/m.-Inqui%C3%A9tant.jpg?fit=920%2C697&amp;ssl=1\" \/><\/figure><div class=\"elementor-image-box-content\"><h3 class=\"elementor-image-box-title\">Les histoires de M. Inqui\u00e9tant<\/h3><p class=\"elementor-image-box-description\">Halloween  \u00e0 la Moto  Rouge \n- Neuilly-Plaisance - Octobre 2018<\/p><\/div><\/div>\t\t\t\t<\/div>\n\t\t\t\t<\/div>\n\t\t\t\t<div class=\"elementor-element elementor-element-97dfc31 elementor-position-top elementor-widget elementor-widget-image-box\" data-id=\"97dfc31\" data-element_type=\"widget\" data-widget_type=\"image-box.default\">\n\t\t\t\t<div class=\"elementor-widget-container\">\n\t\t\t\t\t<div class=\"elementor-image-box-wrapper\"><figure class=\"elementor-image-box-img\"><img decoding=\"async\" data-attachment-id=\"505\" data-permalink=\"https:\/\/stephaneferrandezconteur.com\/?attachment_id=505\" data-orig-file=\"https:\/\/i0.wp.com\/stephaneferrandezconteur.com\/wp-content\/uploads\/2017\/07\/DSC_7089.jpg?fit=800%2C577&amp;ssl=1\" data-orig-size=\"800,577\" data-comments-opened=\"1\" data-image-meta=\"{&quot;aperture&quot;:&quot;9&quot;,&quot;credit&quot;:&quot;Kristophe No\\u00ebl \\\/ hanslucas.com&quot;,&quot;camera&quot;:&quot;NIKON D610&quot;,&quot;caption&quot;:&quot;Rakugo (\\u843d\\u8a9e?, literally \\&quot;fallen words\\&quot;) is a form of Japanese verbal entertainment. The lone storyteller (\\u843d\\u8a9e\\u5bb6? rakugoka) sits on stage, called K\\u014dza (\\u9ad8\\u5ea7?). Using only a paper fan (\\u6247\\u5b50? sensu) and a small cloth (\\u624b\\u62ed? tenugui) as props, and without standing up from the seiza sitting position, the rakugo artist depicts a long and complicated comical story. The story always involves the dialogue of two or more characters, the difference between the characters depicted only through change in pitch, tone, and a slight turn of the head.. \\\/ Le Rakugo est un art de la parole venu du Japon. On y raconte et l&#039;on y transmet des histoires, assis sur un coussin, avec pour seul compagnons: un \\u00e9ventail, un carr\\u00e9 de tissu et le public. Le conteur, appel\\u00e9 rakugoka (\\u843d\\u8a9e\\u5bb6?) s&#039;assied sur la sc\\u00e8ne, appel\\u00e9e k\\u014dza (\\u9ad8\\u5ea7?), toujours habill\\u00e9 en kimono dont les manches peuvent lui servir \\u00e0 sugg\\u00e9rer l&#039;histoire. Il utilise comme accessoires un \\u00e9ventail de papier pliant nomm\\u00e9 sensu (\\u6247\\u5b50?) et parfois un essuie-main en coton : tenugui (\\u624b\\u62ed?)2. Ils lui servent \\u00e0 figurer un pinceau, une cruche \\u00e0 sak\\u00e9, un sabre, une lettre, etc. Il n&#039;y a aucun d\\u00e9cor, pas de musique. Sans quitter la position \\u00e0 genoux traditionnelle, seiza, l&#039;artiste de rakugo d\\u00e9crit une histoire humoristique. Celle-ci peut \\u00eatre longue et compliqu\\u00e9e ou bien simple et courte.Le r\\u00e9cit (neta) est structur\\u00e9 en trois parties : le prologue, l&#039;histoire \\u00e0 proprement parler, et l&#039;\\u00e9pilogue3. Avec le prologue, le conteur \\u00e9tablit le contact avec le public et annonce le r\\u00e9cit3. Le r\\u00e9cit de l&#039;histoire inclut g\\u00e9n\\u00e9ralement le dialogue de deux ou davantage de personnages, toujours racont\\u00e9 par une seule personne : ils ne sont alors diff\\u00e9renci\\u00e9s que par la vitesse, la hauteur de note de la lecture, ainsi que par une l\\u00e9g\\u00e8re rotation de la t\\u00eate. La narration est quasi inexistante3. Enfin, l&#039;\\u00e9pilogue \\u00ab se caract\\u00e9rise par une chute inattendue, un calembour ou un retour au d\\u00e9but de l&#039;histoir&quot;,&quot;created_timestamp&quot;:&quot;1496159925&quot;,&quot;copyright&quot;:&quot;Kristophe No\\u00ebl \\\/ hanslucas.com&quot;,&quot;focal_length&quot;:&quot;28&quot;,&quot;iso&quot;:&quot;6400&quot;,&quot;shutter_speed&quot;:&quot;0.005&quot;,&quot;title&quot;:&quot;Rakugo&quot;,&quot;orientation&quot;:&quot;0&quot;}\" data-image-title=\"Rakugo\" data-image-description=\"\" data-image-caption=\"&lt;p&gt;\u00a9 Kristophe No\u00ebl \/ Hans Lucas&lt;\/p&gt;\n\" data-medium-file=\"https:\/\/i0.wp.com\/stephaneferrandezconteur.com\/wp-content\/uploads\/2017\/07\/DSC_7089.jpg?fit=300%2C216&amp;ssl=1\" data-large-file=\"https:\/\/i0.wp.com\/stephaneferrandezconteur.com\/wp-content\/uploads\/2017\/07\/DSC_7089.jpg?fit=800%2C577&amp;ssl=1\" width=\"800\" height=\"577\" src=\"https:\/\/i0.wp.com\/stephaneferrandezconteur.com\/wp-content\/uploads\/2017\/07\/DSC_7089.jpg?fit=800%2C577&amp;ssl=1\" class=\"attachment-large size-large wp-image-505\" alt=\"\" data-attachment-id=\"505\" data-permalink=\"https:\/\/stephaneferrandezconteur.com\/?attachment_id=505\" data-orig-file=\"https:\/\/i0.wp.com\/stephaneferrandezconteur.com\/wp-content\/uploads\/2017\/07\/DSC_7089.jpg?fit=800%2C577&amp;ssl=1\" data-orig-size=\"800,577\" data-comments-opened=\"1\" data-image-meta=\"{&quot;aperture&quot;:&quot;9&quot;,&quot;credit&quot;:&quot;Kristophe No\\u00ebl \\\/ hanslucas.com&quot;,&quot;camera&quot;:&quot;NIKON D610&quot;,&quot;caption&quot;:&quot;Rakugo (\\u843d\\u8a9e?, literally \\&quot;fallen words\\&quot;) is a form of Japanese verbal entertainment. The lone storyteller (\\u843d\\u8a9e\\u5bb6? rakugoka) sits on stage, called K\\u014dza (\\u9ad8\\u5ea7?). Using only a paper fan (\\u6247\\u5b50? sensu) and a small cloth (\\u624b\\u62ed? tenugui) as props, and without standing up from the seiza sitting position, the rakugo artist depicts a long and complicated comical story. The story always involves the dialogue of two or more characters, the difference between the characters depicted only through change in pitch, tone, and a slight turn of the head.. \\\/ Le Rakugo est un art de la parole venu du Japon. On y raconte et l&#039;on y transmet des histoires, assis sur un coussin, avec pour seul compagnons: un \\u00e9ventail, un carr\\u00e9 de tissu et le public. Le conteur, appel\\u00e9 rakugoka (\\u843d\\u8a9e\\u5bb6?) s&#039;assied sur la sc\\u00e8ne, appel\\u00e9e k\\u014dza (\\u9ad8\\u5ea7?), toujours habill\\u00e9 en kimono dont les manches peuvent lui servir \\u00e0 sugg\\u00e9rer l&#039;histoire. Il utilise comme accessoires un \\u00e9ventail de papier pliant nomm\\u00e9 sensu (\\u6247\\u5b50?) et parfois un essuie-main en coton : tenugui (\\u624b\\u62ed?)2. Ils lui servent \\u00e0 figurer un pinceau, une cruche \\u00e0 sak\\u00e9, un sabre, une lettre, etc. Il n&#039;y a aucun d\\u00e9cor, pas de musique. Sans quitter la position \\u00e0 genoux traditionnelle, seiza, l&#039;artiste de rakugo d\\u00e9crit une histoire humoristique. Celle-ci peut \\u00eatre longue et compliqu\\u00e9e ou bien simple et courte.Le r\\u00e9cit (neta) est structur\\u00e9 en trois parties : le prologue, l&#039;histoire \\u00e0 proprement parler, et l&#039;\\u00e9pilogue3. Avec le prologue, le conteur \\u00e9tablit le contact avec le public et annonce le r\\u00e9cit3. Le r\\u00e9cit de l&#039;histoire inclut g\\u00e9n\\u00e9ralement le dialogue de deux ou davantage de personnages, toujours racont\\u00e9 par une seule personne : ils ne sont alors diff\\u00e9renci\\u00e9s que par la vitesse, la hauteur de note de la lecture, ainsi que par une l\\u00e9g\\u00e8re rotation de la t\\u00eate. La narration est quasi inexistante3. Enfin, l&#039;\\u00e9pilogue \\u00ab se caract\\u00e9rise par une chute inattendue, un calembour ou un retour au d\\u00e9but de l&#039;histoir&quot;,&quot;created_timestamp&quot;:&quot;1496159925&quot;,&quot;copyright&quot;:&quot;Kristophe No\\u00ebl \\\/ hanslucas.com&quot;,&quot;focal_length&quot;:&quot;28&quot;,&quot;iso&quot;:&quot;6400&quot;,&quot;shutter_speed&quot;:&quot;0.005&quot;,&quot;title&quot;:&quot;Rakugo&quot;,&quot;orientation&quot;:&quot;0&quot;}\" data-image-title=\"Rakugo\" data-image-description=\"\" data-image-caption=\"&lt;p&gt;\u00a9 Kristophe No\u00ebl \/ Hans Lucas&lt;\/p&gt;\n\" data-medium-file=\"https:\/\/i0.wp.com\/stephaneferrandezconteur.com\/wp-content\/uploads\/2017\/07\/DSC_7089.jpg?fit=300%2C216&amp;ssl=1\" data-large-file=\"https:\/\/i0.wp.com\/stephaneferrandezconteur.com\/wp-content\/uploads\/2017\/07\/DSC_7089.jpg?fit=800%2C577&amp;ssl=1\" srcset=\"https:\/\/i0.wp.com\/stephaneferrandezconteur.com\/wp-content\/uploads\/2017\/07\/DSC_7089.jpg?w=800&amp;ssl=1 800w, https:\/\/i0.wp.com\/stephaneferrandezconteur.com\/wp-content\/uploads\/2017\/07\/DSC_7089.jpg?resize=300%2C216&amp;ssl=1 300w, https:\/\/i0.wp.com\/stephaneferrandezconteur.com\/wp-content\/uploads\/2017\/07\/DSC_7089.jpg?resize=768%2C554&amp;ssl=1 768w\" sizes=\"(max-width: 800px) 100vw, 800px\" \/><\/figure><div class=\"elementor-image-box-content\"><h3 class=\"elementor-image-box-title\">Histoires tomb\u00e9es d'un \u00e9ventail dans la salle aux Nymph\u00e9as<\/h3><p class=\"elementor-image-box-description\">Duo avec la musicienne Fumie Hihara \n- Mus\u00e9e de l'Orangerie - juillet 2014<\/p><\/div><\/div>\t\t\t\t<\/div>\n\t\t\t\t<\/div>\n\t\t\t\t\t<\/div>\n\t\t<\/div>\n\t\t\t\t\t<\/div>\n\t\t<\/section>\n\t\t\t\t<\/div>\n\t\t","protected":false},"excerpt":{"rendered":"<p>Sur les traces de Saci Perere \u00e0 Charenton -Le -Pont Contes d&rsquo;\u00e9t\u00e9 en plein air \u00e0 Charenton &#8211; Juillet 2017 Les histoires de M. Inqui\u00e9tant Halloween \u00e0 la Moto Rouge<\/p>\n<p class=\"more-link\"><a href=\"https:\/\/stephaneferrandezconteur.com\/?page_id=1115\" class=\"readmore\">Continue reading<svg class=\"icon icon-arrow-right\" aria-hidden=\"true\" role=\"img\"> <use href=\"#icon-arrow-right\" xlink:href=\"#icon-arrow-right\"><\/use> <\/svg><span class=\"screen-reader-text\">Galerie photos<\/span><\/a><\/p>\n","protected":false},"author":1,"featured_media":0,"parent":0,"menu_order":0,"comment_status":"closed","ping_status":"closed","template":"","meta":{"_eb_attr":"","_monsterinsights_skip_tracking":false,"_monsterinsights_sitenote_active":false,"_monsterinsights_sitenote_note":"","_monsterinsights_sitenote_category":0,"jetpack_post_was_ever_published":false,"footnotes":""},"aioseo_notices":[],"jetpack_sharing_enabled":true,"jetpack_shortlink":"https:\/\/wp.me\/P94LVL-hZ","jetpack-related-posts":[],"jetpack_likes_enabled":true,"_links":{"self":[{"href":"https:\/\/stephaneferrandezconteur.com\/index.php?rest_route=\/wp\/v2\/pages\/1115"}],"collection":[{"href":"https:\/\/stephaneferrandezconteur.com\/index.php?rest_route=\/wp\/v2\/pages"}],"about":[{"href":"https:\/\/stephaneferrandezconteur.com\/index.php?rest_route=\/wp\/v2\/types\/page"}],"author":[{"embeddable":true,"href":"https:\/\/stephaneferrandezconteur.com\/index.php?rest_route=\/wp\/v2\/users\/1"}],"replies":[{"embeddable":true,"href":"https:\/\/stephaneferrandezconteur.com\/index.php?rest_route=%2Fwp%2Fv2%2Fcomments&post=1115"}],"version-history":[{"count":18,"href":"https:\/\/stephaneferrandezconteur.com\/index.php?rest_route=\/wp\/v2\/pages\/1115\/revisions"}],"predecessor-version":[{"id":4038,"href":"https:\/\/stephaneferrandezconteur.com\/index.php?rest_route=\/wp\/v2\/pages\/1115\/revisions\/4038"}],"wp:attachment":[{"href":"https:\/\/stephaneferrandezconteur.com\/index.php?rest_route=%2Fwp%2Fv2%2Fmedia&parent=1115"}],"curies":[{"name":"wp","href":"https:\/\/api.w.org\/{rel}","templated":true}]}}